{"id":65983,"date":"2022-12-22T11:14:32","date_gmt":"2022-12-22T10:14:32","guid":{"rendered":"https:\/\/www.customeeple.com\/product\/imagine-family\/"},"modified":"2022-12-22T11:14:32","modified_gmt":"2022-12-22T10:14:32","slug":"imagine-family","status":"publish","type":"product","link":"https:\/\/www.customeeple.com\/es\/producto\/imagine-family\/","title":{"rendered":"Imagine Family (SPA)"},"content":{"rendered":"<p>\u00a1Expr\u00e9sate, no hay l\u00edmites!<\/p>\n<p>Divi\u00e9rtete adivinando animales, objetos, profesiones&#8230; \u00a1con 60 cartas transparentes ! \u00a1Estimula la creatividad y la imaginaci\u00f3n!<\/p>\n<p>Ponlas encima unas de otras, haz figuras con ellas, comb\u00ednalas y haz que cobren vida. \u00a1Las posibilidades son infinitas!<\/p>\n<p><strong>CONTENIDO<\/strong><br \/>\n60 cartas transparentes, 120 cartas de Enigma, 24 fichas, 1 tablero, 1 reglamento.<\/p>\n","protected":false},"excerpt":{"rendered":"<p>\u00a1Expr\u00e9sate, no hay l\u00edmites! Divi\u00e9rtete adivinando animales, objetos, profesiones&#8230; \u00a1con 60 cartas transparentes ! \u00a1Estimula la creatividad y la imaginaci\u00f3n! Ponlas encima unas de otras, haz figuras con ellas, comb\u00ednalas y haz que cobren vida. \u00a1Las posibilidades son infinitas! CONTENIDO 60 cartas transparentes, 120 cartas de Enigma, 24 fichas, 1 tablero, 1 reglamento.<\/p>\n","protected":false},"featured_media":65981,"template":"","meta":{"_acf_changed":false},"product_brand":[],"product_cat":[1561,1653,1180],"product_tag":[],"class_list":{"0":"post-65983","1":"product","2":"type-product","3":"status-publish","4":"has-post-thumbnail","6":"product_cat-familiar-es","7":"product_cat-boardgames","8":"product_cat-retail-products-es","10":"first","11":"instock","12":"sale","13":"taxable","14":"shipping-taxable","15":"purchasable","16":"product-type-simple"},"exclude_global_add_ons":[],"addons":[],"acf":[],"_links":{"self":[{"href":"https:\/\/www.customeeple.com\/es\/wp-json\/wp\/v2\/product\/65983","targetHints":{"allow":["GET"]}}],"collection":[{"href":"https:\/\/www.customeeple.com\/es\/wp-json\/wp\/v2\/product"}],"about":[{"href":"https:\/\/www.customeeple.com\/es\/wp-json\/wp\/v2\/types\/product"}],"wp:featuredmedia":[{"embeddable":true,"href":"https:\/\/www.customeeple.com\/es\/wp-json\/wp\/v2\/media\/65981"}],"wp:attachment":[{"href":"https:\/\/www.customeeple.com\/es\/wp-json\/wp\/v2\/media?parent=65983"}],"wp:term":[{"taxonomy":"product_brand","embeddable":true,"href":"https:\/\/www.customeeple.com\/es\/wp-json\/wp\/v2\/product_brand?post=65983"},{"taxonomy":"product_cat","embeddable":true,"href":"https:\/\/www.customeeple.com\/es\/wp-json\/wp\/v2\/product_cat?post=65983"},{"taxonomy":"product_tag","embeddable":true,"href":"https:\/\/www.customeeple.com\/es\/wp-json\/wp\/v2\/product_tag?post=65983"}],"curies":[{"name":"wp","href":"https:\/\/api.w.org\/{rel}","templated":true}]}}