{"id":65982,"date":"2022-12-22T11:14:41","date_gmt":"2022-12-22T10:14:41","guid":{"rendered":"https:\/\/www.customeeple.com\/product\/munchkin-3-pifias-clericales-spa\/"},"modified":"2022-12-22T11:14:41","modified_gmt":"2022-12-22T10:14:41","slug":"munchkin-3-pifias-clericales-spa","status":"publish","type":"product","link":"https:\/\/www.customeeple.com\/es\/producto\/munchkin-3-pifias-clericales-spa\/","title":{"rendered":"Munchkin 3: Pifias Clericales (SPA)"},"content":{"rendered":"<p>Quer\u00edais m\u00e1s Munchkin, \u00a1Y aqu\u00ed lo ten\u00e9is! \u00a1Ahora con ilustraciones a todo color!<\/p>\n<p><em>Pifias Clericale<\/em>s contiene 112 nuevas cartas para el popular juego de matar monstruos y quitarles sus cosas.<\/p>\n<p>Juega con una nueva raza: \u00a1Los Gnomos! Prueba la clase de Bardo. \u00a1Enfr\u00e9ntate al Canario Borracho en el Ojo del Contemplador, al Guerrero Borrico, y a la temible Suegra del Se\u00f1or Oscuro del Mal! Equipa objetos incre\u00edbles como el Bikini de Cota de Mallas y la Apu\u00f1aladora Semiautom\u00e1tica de Calibre 12 . . . y demuestra quien es el m\u00e1s poderoso munchkin saqueador de mazmorras.<\/p>\n<p><strong>CONTENIDO<\/strong><br \/>\n112 cartas.<\/p>\n","protected":false},"excerpt":{"rendered":"<p>Quer\u00edais m\u00e1s Munchkin, \u00a1Y aqu\u00ed lo ten\u00e9is! \u00a1Ahora con ilustraciones a todo color! Pifias Clericales contiene 112 nuevas cartas para el popular juego de matar monstruos y quitarles sus cosas. Juega con una nueva raza: \u00a1Los Gnomos! Prueba la clase de Bardo. \u00a1Enfr\u00e9ntate al Canario Borracho en el Ojo del Contemplador, al Guerrero Borrico, y [&hellip;]<\/p>\n","protected":false},"featured_media":65979,"template":"","meta":{"_acf_changed":false},"product_brand":[],"product_cat":[1557,1653,1180],"product_tag":[],"class_list":{"0":"post-65982","1":"product","2":"type-product","3":"status-publish","4":"has-post-thumbnail","6":"product_cat-card-game-es","7":"product_cat-boardgames","8":"product_cat-retail-products-es","10":"first","11":"onbackorder","12":"sale","13":"taxable","14":"shipping-taxable","15":"purchasable","16":"product-type-simple"},"exclude_global_add_ons":[],"addons":[],"acf":[],"_links":{"self":[{"href":"https:\/\/www.customeeple.com\/es\/wp-json\/wp\/v2\/product\/65982","targetHints":{"allow":["GET"]}}],"collection":[{"href":"https:\/\/www.customeeple.com\/es\/wp-json\/wp\/v2\/product"}],"about":[{"href":"https:\/\/www.customeeple.com\/es\/wp-json\/wp\/v2\/types\/product"}],"wp:featuredmedia":[{"embeddable":true,"href":"https:\/\/www.customeeple.com\/es\/wp-json\/wp\/v2\/media\/65979"}],"wp:attachment":[{"href":"https:\/\/www.customeeple.com\/es\/wp-json\/wp\/v2\/media?parent=65982"}],"wp:term":[{"taxonomy":"product_brand","embeddable":true,"href":"https:\/\/www.customeeple.com\/es\/wp-json\/wp\/v2\/product_brand?post=65982"},{"taxonomy":"product_cat","embeddable":true,"href":"https:\/\/www.customeeple.com\/es\/wp-json\/wp\/v2\/product_cat?post=65982"},{"taxonomy":"product_tag","embeddable":true,"href":"https:\/\/www.customeeple.com\/es\/wp-json\/wp\/v2\/product_tag?post=65982"}],"curies":[{"name":"wp","href":"https:\/\/api.w.org\/{rel}","templated":true}]}}