{"id":65977,"date":"2022-12-22T11:13:38","date_gmt":"2022-12-22T10:13:38","guid":{"rendered":"https:\/\/www.customeeple.com\/product\/dobble-minions\/"},"modified":"2022-12-22T11:13:38","modified_gmt":"2022-12-22T10:13:38","slug":"dobble-minions","status":"publish","type":"product","link":"https:\/\/www.customeeple.com\/es\/producto\/dobble-minions\/","title":{"rendered":"Dobble Minions (SPA)"},"content":{"rendered":"<p>\u00a1Los queridos y afamados Minions se unen a la diversi\u00f3n de Dobble!Si nunca hab\u00e9is jugado a Dobble, coge dos cartas al azar y ponlas boca arriba sobre la mesa a la vista de todos los jugadores; buscad el s\u00edmbolo id\u00e9ntico en las dos cartas (misma forma y mismo color, s\u00f3lo el tama\u00f1o puede variar)<br \/>\nEl primer jugador que encuentre este s\u00edmbolo, lo nombra y roba dos nuevas cartas que pondr\u00e1 sobre la mesa; repetid esta operaci\u00f3n hasta que todos los jugadores hayan entendido que siempre hay solamente un s\u00edmbolo id\u00e9ntico entre dos cartas y ya est\u00e1<br \/>\nPues ahora prep\u00e1rate, porque Dobble contiene varios mini-juegos, cada cual m\u00e1s divertido e hilarante, aunque el objetivo siempre es el mismo: ser el m\u00e1s r\u00e1pido, ya que todos los jugadores juegan a la vez.<\/p>\n","protected":false},"excerpt":{"rendered":"<p>\u00a1Los queridos y afamados Minions se unen a la diversi\u00f3n de Dobble!Si nunca hab\u00e9is jugado a Dobble, coge dos cartas al azar y ponlas boca arriba sobre la mesa a la vista de todos los jugadores; buscad el s\u00edmbolo id\u00e9ntico en las dos cartas (misma forma y mismo color, s\u00f3lo el tama\u00f1o puede variar) El [&hellip;]<\/p>\n","protected":false},"featured_media":65959,"template":"","meta":{"_acf_changed":false},"product_brand":[],"product_cat":[2343,1564,1653,1180],"product_tag":[],"class_list":{"0":"post-65977","1":"product","2":"type-product","3":"status-publish","4":"has-post-thumbnail","6":"product_cat-asmodee-es","7":"product_cat-childrens-es","8":"product_cat-boardgames","9":"product_cat-retail-products-es","11":"first","12":"onbackorder","13":"sale","14":"taxable","15":"shipping-taxable","16":"purchasable","17":"product-type-simple"},"exclude_global_add_ons":[],"addons":[],"acf":[],"_links":{"self":[{"href":"https:\/\/www.customeeple.com\/es\/wp-json\/wp\/v2\/product\/65977","targetHints":{"allow":["GET"]}}],"collection":[{"href":"https:\/\/www.customeeple.com\/es\/wp-json\/wp\/v2\/product"}],"about":[{"href":"https:\/\/www.customeeple.com\/es\/wp-json\/wp\/v2\/types\/product"}],"wp:featuredmedia":[{"embeddable":true,"href":"https:\/\/www.customeeple.com\/es\/wp-json\/wp\/v2\/media\/65959"}],"wp:attachment":[{"href":"https:\/\/www.customeeple.com\/es\/wp-json\/wp\/v2\/media?parent=65977"}],"wp:term":[{"taxonomy":"product_brand","embeddable":true,"href":"https:\/\/www.customeeple.com\/es\/wp-json\/wp\/v2\/product_brand?post=65977"},{"taxonomy":"product_cat","embeddable":true,"href":"https:\/\/www.customeeple.com\/es\/wp-json\/wp\/v2\/product_cat?post=65977"},{"taxonomy":"product_tag","embeddable":true,"href":"https:\/\/www.customeeple.com\/es\/wp-json\/wp\/v2\/product_tag?post=65977"}],"curies":[{"name":"wp","href":"https:\/\/api.w.org\/{rel}","templated":true}]}}