{"id":65973,"date":"2022-12-22T11:14:12","date_gmt":"2022-12-22T10:14:12","guid":{"rendered":"https:\/\/www.customeeple.com\/product\/heat\/"},"modified":"2022-12-22T11:14:12","modified_gmt":"2022-12-22T10:14:12","slug":"heat","status":"publish","type":"product","link":"https:\/\/www.customeeple.com\/es\/producto\/heat\/","title":{"rendered":"HEAT (SPA)"},"content":{"rendered":"<p>El circuito se llena con el estruendo de los motores conforme los coches salen disparados a toda pastilla de la parrilla de salida: \u00a1El Gran Premio ha empezado! El viento azota tu casco con fuerza cuando est\u00e1s a punto de encarar la primera curva. Aceleras a tope y por poco haces un trompo, pero te aferras al volante y buscas el v\u00e9rtice para trazar la curva todav\u00eda en primera. \u00a1Lo has logrado!<\/p>\n<div class=\"column\">\n<div class=\"tab-control components-tab ui-tabs ui-corner-all ui-widget ui-widget-content\">\n<div id=\"description\" class=\"ui-tabs-panel ui-corner-bottom ui-widget-content\" role=\"tabpanel\" aria-labelledby=\"ui-id-2\" aria-hidden=\"false\">\n<div class=\"description fr-view\">\n<p>Y COMO NO DAN PREMIO ALGUNO POR CRUZAR LA L\u00cdNEA DE META CON EL COCHE EN BUEN ESTADO, \u00a1PISAS A FONDO EL ACELERADOR!<\/p>\n<p>Si quieres mantenerte en cabeza tendr\u00e1s que forzar al m\u00e1ximo tu coche. \u00bfResistir\u00e1 el motor las largas rectas o fallar\u00e1 en el \u00faltimo momento porque lo has forzado demasiado?<br \/>\n<em>Heat<\/em>\u00a0es un juego con mec\u00e1nicas sencillas e intuitivas que te pone al mando de un coche de carreras de los a\u00f1os 60. Selecciona las mejoras adecuadas que ayuden a tu coche en el paso por curva y no sobrecalientes el motor, solo as\u00ed podr\u00e1s mantener la velocidad punta el m\u00e1ximo tiempo posible. Pero el coche no lo es todo, \u00a1al final tu pericia al volante ser\u00e1 la clave que te conduzca a la victoria!<\/p>\n<p>Experimenta la emoci\u00f3n de una carrera o utiliza el Sistema de Campeonato y disputa todas las carreras de una temporada en la que podr\u00e1s personalizar tu coche para lograr subir a lo m\u00e1s alto del podio.<\/p>\n<p>Corre junto a pilotos de leyenda totalmente automatizados con el M\u00f3dulo de Leyendas en tus carreras en solitario, o deja que entren en la parrilla de salida en carreras multijugador.<\/p>\n<p><strong>CONTENIDO<\/strong><br \/>\n2 tableros gigantescos de doble cara (4 Circuitos), 4 cartas de Circuito, 6 Coches de carreras con sus correspondientes peones de Caja de cambio, 6 tableros de Piloto, 72 cartas de Velocidad, 48 cartas de Motor forzado y 37 cartas de Estr\u00e9s, 114 cartas de Mejora, 35 cartas de Patrocinio, 10 cartas de Leyenda, 10\u202fcartas de Evento, 1 tablero de Leyendas y 1 tablero de Campeonato, 6 fichas de Clima y 12 fichas de Estado de la pista, 2 fichas de Prensa, 1 bloc de Campeonato, 2 Reglamentos<\/p>\n<\/div>\n<\/div>\n<\/div>\n<\/div>\n","protected":false},"excerpt":{"rendered":"<p>El circuito se llena con el estruendo de los motores conforme los coches salen disparados a toda pastilla de la parrilla de salida: \u00a1El Gran Premio ha empezado! El viento azota tu casco con fuerza cuando est\u00e1s a punto de encarar la primera curva. Aceleras a tope y por poco haces un trompo, pero te [&hellip;]<\/p>\n","protected":false},"featured_media":65961,"template":"","meta":{"_acf_changed":false},"product_brand":[],"product_cat":[1653,1180],"product_tag":[],"class_list":{"0":"post-65973","1":"product","2":"type-product","3":"status-publish","4":"has-post-thumbnail","6":"product_cat-boardgames","7":"product_cat-retail-products-es","9":"first","10":"instock","11":"sale","12":"taxable","13":"shipping-taxable","14":"purchasable","15":"product-type-simple"},"exclude_global_add_ons":[],"addons":[],"acf":[],"_links":{"self":[{"href":"https:\/\/www.customeeple.com\/es\/wp-json\/wp\/v2\/product\/65973","targetHints":{"allow":["GET"]}}],"collection":[{"href":"https:\/\/www.customeeple.com\/es\/wp-json\/wp\/v2\/product"}],"about":[{"href":"https:\/\/www.customeeple.com\/es\/wp-json\/wp\/v2\/types\/product"}],"wp:featuredmedia":[{"embeddable":true,"href":"https:\/\/www.customeeple.com\/es\/wp-json\/wp\/v2\/media\/65961"}],"wp:attachment":[{"href":"https:\/\/www.customeeple.com\/es\/wp-json\/wp\/v2\/media?parent=65973"}],"wp:term":[{"taxonomy":"product_brand","embeddable":true,"href":"https:\/\/www.customeeple.com\/es\/wp-json\/wp\/v2\/product_brand?post=65973"},{"taxonomy":"product_cat","embeddable":true,"href":"https:\/\/www.customeeple.com\/es\/wp-json\/wp\/v2\/product_cat?post=65973"},{"taxonomy":"product_tag","embeddable":true,"href":"https:\/\/www.customeeple.com\/es\/wp-json\/wp\/v2\/product_tag?post=65973"}],"curies":[{"name":"wp","href":"https:\/\/api.w.org\/{rel}","templated":true}]}}