{"id":65971,"date":"2022-12-22T11:14:23","date_gmt":"2022-12-22T10:14:23","guid":{"rendered":"https:\/\/www.customeeple.com\/product\/alta-tension\/"},"modified":"2022-12-22T11:14:23","modified_gmt":"2022-12-22T10:14:23","slug":"alta-tension","status":"publish","type":"product","link":"https:\/\/www.customeeple.com\/es\/producto\/alta-tension\/","title":{"rendered":"Alta Tension Reenergizado (SPA)"},"content":{"rendered":"<p><em>Alta Tensi\u00f3n<\/em>\u00a0es un emocionante juego para 2 a 6 jugadores, \u00a0considerado uno de los mejores juegos de tablero de todos los tiempos \u00a0creado por el reconocido autor alem\u00e1n Friedemann Friese.<\/p>\n<p>Compite \u00a0por el control de la gesti\u00f3n el\u00e9ctrica de un pa\u00eds, construye centrales \u00a0el\u00e9ctricas, ampl\u00eda tu negocio a otras ciudades y gestiona con cuidado \u00a0tus recursos para ganar. En esta versi\u00f3n de\u00a0<em>Alta Tensi\u00f3n<\/em>\u00a0se \u00a0incluyen peque\u00f1os cambios y mejoras en la experiencia de juego. Un gran \u00a0reto en un juego tan premiado como este y con una gran comunidad de fans \u00a0en todo el mundo que crece cada d\u00eda.<\/p>\n","protected":false},"excerpt":{"rendered":"<p>Alta Tensi\u00f3n\u00a0es un emocionante juego para 2 a 6 jugadores, \u00a0considerado uno de los mejores juegos de tablero de todos los tiempos \u00a0creado por el reconocido autor alem\u00e1n Friedemann Friese. Compite \u00a0por el control de la gesti\u00f3n el\u00e9ctrica de un pa\u00eds, construye centrales \u00a0el\u00e9ctricas, ampl\u00eda tu negocio a otras ciudades y gestiona con cuidado \u00a0tus [&hellip;]<\/p>\n","protected":false},"featured_media":65963,"template":"","meta":{"_acf_changed":false},"product_brand":[],"product_cat":[1653,1180],"product_tag":[],"class_list":{"0":"post-65971","1":"product","2":"type-product","3":"status-publish","4":"has-post-thumbnail","6":"product_cat-boardgames","7":"product_cat-retail-products-es","9":"first","10":"onbackorder","11":"sale","12":"taxable","13":"shipping-taxable","14":"purchasable","15":"product-type-simple"},"exclude_global_add_ons":[],"addons":[],"acf":[],"_links":{"self":[{"href":"https:\/\/www.customeeple.com\/es\/wp-json\/wp\/v2\/product\/65971","targetHints":{"allow":["GET"]}}],"collection":[{"href":"https:\/\/www.customeeple.com\/es\/wp-json\/wp\/v2\/product"}],"about":[{"href":"https:\/\/www.customeeple.com\/es\/wp-json\/wp\/v2\/types\/product"}],"wp:featuredmedia":[{"embeddable":true,"href":"https:\/\/www.customeeple.com\/es\/wp-json\/wp\/v2\/media\/65963"}],"wp:attachment":[{"href":"https:\/\/www.customeeple.com\/es\/wp-json\/wp\/v2\/media?parent=65971"}],"wp:term":[{"taxonomy":"product_brand","embeddable":true,"href":"https:\/\/www.customeeple.com\/es\/wp-json\/wp\/v2\/product_brand?post=65971"},{"taxonomy":"product_cat","embeddable":true,"href":"https:\/\/www.customeeple.com\/es\/wp-json\/wp\/v2\/product_cat?post=65971"},{"taxonomy":"product_tag","embeddable":true,"href":"https:\/\/www.customeeple.com\/es\/wp-json\/wp\/v2\/product_tag?post=65971"}],"curies":[{"name":"wp","href":"https:\/\/api.w.org\/{rel}","templated":true}]}}