{"id":65970,"date":"2022-12-22T11:14:00","date_gmt":"2022-12-22T10:14:00","guid":{"rendered":"https:\/\/www.customeeple.com\/product\/saboteur\/"},"modified":"2022-12-22T11:14:00","modified_gmt":"2022-12-22T10:14:00","slug":"saboteur","status":"publish","type":"product","link":"https:\/\/www.customeeple.com\/es\/producto\/saboteur\/","title":{"rendered":"Saboteur (SPA)"},"content":{"rendered":"<p>Est\u00e1s en la mina en busca de oro. De repente, tu pico aparece roto y desaparece la luz. El<\/p>\n<p id=\"u1347092-4\">saboteador ha entrado en acci\u00f3n. Pero, \u00bfqui\u00e9n es entre todos los jugadores? \u00bfEncontrar\u00e1s el oro o conseguir\u00e1n los saboteadores que sus oscuras acciones lo impidan? El jugador que consiga m\u00e1s oro al final de la partida gana.<\/p>\n<p id=\"u1347092-7\">\u00a1Un juego cl\u00e1sico, b\u00e1sico!<\/p>\n","protected":false},"excerpt":{"rendered":"<p>Est\u00e1s en la mina en busca de oro. De repente, tu pico aparece roto y desaparece la luz. El saboteador ha entrado en acci\u00f3n. Pero, \u00bfqui\u00e9n es entre todos los jugadores? \u00bfEncontrar\u00e1s el oro o conseguir\u00e1n los saboteadores que sus oscuras acciones lo impidan? El jugador que consiga m\u00e1s oro al final de la partida [&hellip;]<\/p>\n","protected":false},"featured_media":65967,"template":"","meta":{"_acf_changed":false},"product_brand":[],"product_cat":[1557,1653,2347,1180],"product_tag":[],"class_list":{"0":"post-65970","1":"product","2":"type-product","3":"status-publish","4":"has-post-thumbnail","6":"product_cat-card-game-es","7":"product_cat-boardgames","8":"product_cat-mercurio-es","9":"product_cat-retail-products-es","11":"first","12":"outofstock","13":"sale","14":"taxable","15":"shipping-taxable","16":"purchasable","17":"product-type-simple"},"exclude_global_add_ons":[],"addons":[],"acf":[],"_links":{"self":[{"href":"https:\/\/www.customeeple.com\/es\/wp-json\/wp\/v2\/product\/65970","targetHints":{"allow":["GET"]}}],"collection":[{"href":"https:\/\/www.customeeple.com\/es\/wp-json\/wp\/v2\/product"}],"about":[{"href":"https:\/\/www.customeeple.com\/es\/wp-json\/wp\/v2\/types\/product"}],"wp:featuredmedia":[{"embeddable":true,"href":"https:\/\/www.customeeple.com\/es\/wp-json\/wp\/v2\/media\/65967"}],"wp:attachment":[{"href":"https:\/\/www.customeeple.com\/es\/wp-json\/wp\/v2\/media?parent=65970"}],"wp:term":[{"taxonomy":"product_brand","embeddable":true,"href":"https:\/\/www.customeeple.com\/es\/wp-json\/wp\/v2\/product_brand?post=65970"},{"taxonomy":"product_cat","embeddable":true,"href":"https:\/\/www.customeeple.com\/es\/wp-json\/wp\/v2\/product_cat?post=65970"},{"taxonomy":"product_tag","embeddable":true,"href":"https:\/\/www.customeeple.com\/es\/wp-json\/wp\/v2\/product_tag?post=65970"}],"curies":[{"name":"wp","href":"https:\/\/api.w.org\/{rel}","templated":true}]}}