{"id":65946,"date":"2022-12-14T20:59:15","date_gmt":"2022-12-14T19:59:15","guid":{"rendered":"https:\/\/www.customeeple.com\/product\/marvel-united-x-men\/"},"modified":"2022-12-14T20:59:15","modified_gmt":"2022-12-14T19:59:15","slug":"marvel-united-x-men","status":"publish","type":"product","link":"https:\/\/www.customeeple.com\/es\/producto\/marvel-united-x-men\/","title":{"rendered":"Marvel United: X-men (SPA)"},"content":{"rendered":"<div id=\"description\" class=\"ui-tabs-panel ui-corner-bottom ui-widget-content\" role=\"tabpanel\" aria-labelledby=\"ui-id-2\" aria-hidden=\"false\">\n<div class=\"description fr-view\">\n<p>En la pugna por la aceptaci\u00f3n de los mutantes, la Hermandad de Mutantes se tiene a s\u00ed misma como superior a la gente corriente, por lo que trama malvados planes para someter a la humanidad a su voluntad. Sin embargo, los X-Men defienden el principio de que los humanos y los mutantes deber\u00edan vivir como iguales y dan un paso al frente para encarar todos los retos que se les presenten. Por ello, recorren el mundo en una desesperada lucha por proteger a los inocentes, eliminar funestas amenazas y enfrentarse a los villanos en una batalla definitiva.<\/p>\n<p><strong>CONTENIDO<\/strong><br \/>\n6 miniaturas de H\u00e9roe, 2 miniaturas de Antih\u00e9roe, 2 miniaturas de Villano, 96 cartas de H\u00e9roe, 4 tableros de Villano, 48 cartas de Plan maestro, 24 cartas de Amenaza, 12 cartas de Supervillano, 8 cartas de Superh\u00e9roe, 8 Lugares, 1 gu\u00eda de Misiones, 4 cartas de Misi\u00f3n, 3 cartas de Desaf\u00edo, 154 fichas, 1 indicador del Villano, 1 reglamento.<\/p>\n<\/div>\n<\/div>\n","protected":false},"excerpt":{"rendered":"<p>En la pugna por la aceptaci\u00f3n de los mutantes, la Hermandad de Mutantes se tiene a s\u00ed misma como superior a la gente corriente, por lo que trama malvados planes para someter a la humanidad a su voluntad. Sin embargo, los X-Men defienden el principio de que los humanos y los mutantes deber\u00edan vivir como [&hellip;]<\/p>\n","protected":false},"featured_media":65936,"template":"","meta":{"_acf_changed":false},"product_brand":[],"product_cat":[2003,1561,1653,1555,1180],"product_tag":[],"class_list":{"0":"post-65946","1":"product","2":"type-product","3":"status-publish","4":"has-post-thumbnail","6":"product_cat-cooperative-es","7":"product_cat-familiar-es","8":"product_cat-boardgames","9":"product_cat-miniature-games-es","10":"product_cat-retail-products-es","12":"first","13":"onbackorder","14":"sale","15":"taxable","16":"shipping-taxable","17":"purchasable","18":"product-type-simple"},"exclude_global_add_ons":[],"addons":[],"acf":[],"_links":{"self":[{"href":"https:\/\/www.customeeple.com\/es\/wp-json\/wp\/v2\/product\/65946","targetHints":{"allow":["GET"]}}],"collection":[{"href":"https:\/\/www.customeeple.com\/es\/wp-json\/wp\/v2\/product"}],"about":[{"href":"https:\/\/www.customeeple.com\/es\/wp-json\/wp\/v2\/types\/product"}],"wp:featuredmedia":[{"embeddable":true,"href":"https:\/\/www.customeeple.com\/es\/wp-json\/wp\/v2\/media\/65936"}],"wp:attachment":[{"href":"https:\/\/www.customeeple.com\/es\/wp-json\/wp\/v2\/media?parent=65946"}],"wp:term":[{"taxonomy":"product_brand","embeddable":true,"href":"https:\/\/www.customeeple.com\/es\/wp-json\/wp\/v2\/product_brand?post=65946"},{"taxonomy":"product_cat","embeddable":true,"href":"https:\/\/www.customeeple.com\/es\/wp-json\/wp\/v2\/product_cat?post=65946"},{"taxonomy":"product_tag","embeddable":true,"href":"https:\/\/www.customeeple.com\/es\/wp-json\/wp\/v2\/product_tag?post=65946"}],"curies":[{"name":"wp","href":"https:\/\/api.w.org\/{rel}","templated":true}]}}