{"id":65945,"date":"2022-12-14T20:59:07","date_gmt":"2022-12-14T19:59:07","guid":{"rendered":"https:\/\/www.customeeple.com\/product\/aventureros-al-tren-el-tren-fantasma\/"},"modified":"2023-11-12T00:00:05","modified_gmt":"2023-11-11T23:00:05","slug":"aventureros-al-tren-el-tren-fantasma","status":"publish","type":"product","link":"https:\/\/www.customeeple.com\/es\/producto\/aventureros-al-tren-el-tren-fantasma\/","title":{"rendered":"\u00a1Aventureros al Tren! El tren fantasma (SPA)"},"content":{"rendered":"<p><em>\u00a1Aventureros al Tren! El tren fantasma<\/em>\u00a0es una escalofriante introducci\u00f3n a la serie\u00a0<em>\u00a1Aventureros al Tren!\u00ae<\/em>\u00a0f\u00e1cil de aprender y r\u00e1pida de jugar.<\/p>\n<p>En esta horripilante edici\u00f3n del cl\u00e1sico\u00a0<em>\u00a1Aventureros al Tren! Primeros viajes<\/em>, padres e hijos tendr\u00e1n que conseguir cartas de Carroza de desfile, cubrir Recorridos en el tablero e intentar visitar las distintas Localizaciones de este espeluznante pueblo.<\/p>\n<p>Partamos todos en este escalofriante viaje con\u00a0<em>\u00a1Aventureros al Tren!<\/em><\/p>\n<p><strong>CONTENIDO<\/strong><br \/>\n1 tablero de un terror\u00edfico pueblo<br \/>\n80 Vagones embrujados<br \/>\n72 cartas de Carroza de desfile<br \/>\n30 Billetes<br \/>\n4 Billetes de Bonificaci\u00f3n de Truco o trato<br \/>\n1 reglamento<\/p>\n","protected":false},"excerpt":{"rendered":"<p>\u00a1Aventureros al Tren! El tren fantasma\u00a0es una escalofriante introducci\u00f3n a la serie\u00a0\u00a1Aventureros al Tren!\u00ae\u00a0f\u00e1cil de aprender y r\u00e1pida de jugar. En esta horripilante edici\u00f3n del cl\u00e1sico\u00a0\u00a1Aventureros al Tren! Primeros viajes, padres e hijos tendr\u00e1n que conseguir cartas de Carroza de desfile, cubrir Recorridos en el tablero e intentar visitar las distintas Localizaciones de este espeluznante [&hellip;]<\/p>\n","protected":false},"featured_media":65940,"template":"","meta":{"_acf_changed":false},"product_brand":[],"product_cat":[1561,1564,1653,1180],"product_tag":[],"class_list":{"0":"post-65945","1":"product","2":"type-product","3":"status-publish","4":"has-post-thumbnail","6":"product_cat-familiar-es","7":"product_cat-childrens-es","8":"product_cat-boardgames","9":"product_cat-retail-products-es","11":"first","12":"onbackorder","13":"taxable","14":"shipping-taxable","15":"purchasable","16":"product-type-simple"},"exclude_global_add_ons":[],"addons":[],"acf":[],"_links":{"self":[{"href":"https:\/\/www.customeeple.com\/es\/wp-json\/wp\/v2\/product\/65945","targetHints":{"allow":["GET"]}}],"collection":[{"href":"https:\/\/www.customeeple.com\/es\/wp-json\/wp\/v2\/product"}],"about":[{"href":"https:\/\/www.customeeple.com\/es\/wp-json\/wp\/v2\/types\/product"}],"wp:featuredmedia":[{"embeddable":true,"href":"https:\/\/www.customeeple.com\/es\/wp-json\/wp\/v2\/media\/65940"}],"wp:attachment":[{"href":"https:\/\/www.customeeple.com\/es\/wp-json\/wp\/v2\/media?parent=65945"}],"wp:term":[{"taxonomy":"product_brand","embeddable":true,"href":"https:\/\/www.customeeple.com\/es\/wp-json\/wp\/v2\/product_brand?post=65945"},{"taxonomy":"product_cat","embeddable":true,"href":"https:\/\/www.customeeple.com\/es\/wp-json\/wp\/v2\/product_cat?post=65945"},{"taxonomy":"product_tag","embeddable":true,"href":"https:\/\/www.customeeple.com\/es\/wp-json\/wp\/v2\/product_tag?post=65945"}],"curies":[{"name":"wp","href":"https:\/\/api.w.org\/{rel}","templated":true}]}}