{"id":65894,"date":"2022-12-14T20:55:04","date_gmt":"2022-12-14T19:55:04","guid":{"rendered":"https:\/\/www.customeeple.com\/product\/codex-naturalis-spa-pt-2\/"},"modified":"2022-12-14T20:55:04","modified_gmt":"2022-12-14T19:55:04","slug":"codex-naturalis-spa-pt-2","status":"publish","type":"product","link":"https:\/\/www.customeeple.com\/es\/producto\/codex-naturalis-spa-pt-2\/","title":{"rendered":"Codex Naturalis (SPA\/PT)"},"content":{"rendered":"<p>Re\u00fane todas las p\u00e1ginas del Codex Naturalis, un manuscrito secreto que contiene un registro de las especies de los cuatro reinos que viven en los bosques primarios. Coloca tus cartas para obtener recursos y cumplir los objetivos que te permitir\u00e1n crear el manuscrito m\u00e1s completo. En cuanto un jugador consiga 20 o m\u00e1s puntos, \u00a1se desencadenar\u00e1 el final la partida!<\/p>\n<p><strong><a class=\"btn btn-default\" href=\"https:\/\/boardgamegeek.com\/boardgame\/314503\/codex-naturalis\" target=\"_blank\" rel=\"noreferrer noopener\">ENLACE A LA BGG<\/a><br \/>\n<\/strong><\/p>\n","protected":false},"excerpt":{"rendered":"<p>Re\u00fane todas las p\u00e1ginas del Codex Naturalis, un manuscrito secreto que contiene un registro de las especies de los cuatro reinos que viven en los bosques primarios. Coloca tus cartas para obtener recursos y cumplir los objetivos que te permitir\u00e1n crear el manuscrito m\u00e1s completo. En cuanto un jugador consiga 20 o m\u00e1s puntos, \u00a1se [&hellip;]<\/p>\n","protected":false},"featured_media":65892,"template":"","meta":{"_acf_changed":false},"product_brand":[],"product_cat":[2004,1557,1653,1180],"product_tag":[],"class_list":{"0":"post-65894","1":"product","2":"type-product","3":"status-publish","4":"has-post-thumbnail","6":"product_cat-party-game-es","7":"product_cat-card-game-es","8":"product_cat-boardgames","9":"product_cat-retail-products-es","11":"first","12":"onbackorder","13":"sale","14":"taxable","15":"shipping-taxable","16":"purchasable","17":"product-type-simple"},"exclude_global_add_ons":[],"addons":[],"acf":[],"_links":{"self":[{"href":"https:\/\/www.customeeple.com\/es\/wp-json\/wp\/v2\/product\/65894","targetHints":{"allow":["GET"]}}],"collection":[{"href":"https:\/\/www.customeeple.com\/es\/wp-json\/wp\/v2\/product"}],"about":[{"href":"https:\/\/www.customeeple.com\/es\/wp-json\/wp\/v2\/types\/product"}],"wp:featuredmedia":[{"embeddable":true,"href":"https:\/\/www.customeeple.com\/es\/wp-json\/wp\/v2\/media\/65892"}],"wp:attachment":[{"href":"https:\/\/www.customeeple.com\/es\/wp-json\/wp\/v2\/media?parent=65894"}],"wp:term":[{"taxonomy":"product_brand","embeddable":true,"href":"https:\/\/www.customeeple.com\/es\/wp-json\/wp\/v2\/product_brand?post=65894"},{"taxonomy":"product_cat","embeddable":true,"href":"https:\/\/www.customeeple.com\/es\/wp-json\/wp\/v2\/product_cat?post=65894"},{"taxonomy":"product_tag","embeddable":true,"href":"https:\/\/www.customeeple.com\/es\/wp-json\/wp\/v2\/product_tag?post=65894"}],"curies":[{"name":"wp","href":"https:\/\/api.w.org\/{rel}","templated":true}]}}