{"id":65888,"date":"2022-12-14T09:31:59","date_gmt":"2022-12-14T08:31:59","guid":{"rendered":"https:\/\/www.customeeple.com\/product\/lucky-numbers-spa\/"},"modified":"2026-02-28T11:18:45","modified_gmt":"2026-02-28T10:18:45","slug":"lucky-numbers-spa","status":"publish","type":"product","link":"https:\/\/www.customeeple.com\/es\/producto\/lucky-numbers-spa\/","title":{"rendered":"Lucky Numbers (SPA)"},"content":{"rendered":"<p><strong>\u00a1Completa tu jard\u00edn de tr\u00e9boles en orden ascendente antes que nadie para ganar!<\/strong><\/p>\n<p>\u00bfEst\u00e1s buscando un poco de\u00a0<strong>suerte<\/strong>? \u00a1Con Lucky Numbers la has encontrado! Tienta la suerte y gestiona las filas y columnas, intentando optimizar la posici\u00f3n y el orden de los n\u00fameros en la cuadr\u00edcula y completar el jard\u00edn para hacerte con la victoria<\/p>\n<p><strong>Lucky Numbers<\/strong>\u00a0es un\u00a0<strong>filler<\/strong>\u00a0para toda la familia en el que las personas tienen como objetivo completar antes que los dem\u00e1s una\u00a0<strong>cuadr\u00edcula<\/strong>\u00a0de diecis\u00e9is casillas con unas\u00a0<strong>fichas de tr\u00e9bol<\/strong>\u00a0que tienen valores comprendidos entre el 1 y el 20. \u00a1Incluye un<strong>\u00a0modo solitario<\/strong>\u00a0con 40 retos a superar!<\/p>\n<ul>\n<li><strong>Revela las fichas de tr\u00e9bol<\/strong>.<\/li>\n<li>Col\u00f3calas en tu tablero de\u00a0<strong>manera ascendente<\/strong>.<\/li>\n<li>S\u00e9 la persona\u00a0<strong>m\u00e1s r\u00e1pida<\/strong>\u00a0en completar la cuadr\u00edcula.<\/li>\n<\/ul>\n<p>Lucky Numbers es un juego sencillo para toda la familia en el que tienes que prestar atenci\u00f3n para conseguir los n\u00fameros que m\u00e1s te convengan. \u00bfEchamos una partida?<\/p>\n","protected":false},"excerpt":{"rendered":"<p>\u00a1Completa tu jard\u00edn de tr\u00e9boles en orden ascendente antes que nadie para ganar! \u00bfEst\u00e1s buscando un poco de\u00a0suerte? \u00a1Con Lucky Numbers la has encontrado! Tienta la suerte y gestiona las filas y columnas, intentando optimizar la posici\u00f3n y el orden de los n\u00fameros en la cuadr\u00edcula y completar el jard\u00edn para hacerte con la victoria [&hellip;]<\/p>\n","protected":false},"featured_media":65877,"template":"","meta":{"_acf_changed":false},"product_brand":[],"product_cat":[1561,1653,1180,2346],"product_tag":[],"class_list":{"0":"post-65888","1":"product","2":"type-product","3":"status-publish","4":"has-post-thumbnail","6":"product_cat-familiar-es","7":"product_cat-boardgames","8":"product_cat-retail-products-es","9":"product_cat-tranjis-es","11":"first","12":"onbackorder","13":"taxable","14":"shipping-taxable","15":"purchasable","16":"product-type-simple"},"exclude_global_add_ons":[],"addons":[],"acf":[],"_links":{"self":[{"href":"https:\/\/www.customeeple.com\/es\/wp-json\/wp\/v2\/product\/65888","targetHints":{"allow":["GET"]}}],"collection":[{"href":"https:\/\/www.customeeple.com\/es\/wp-json\/wp\/v2\/product"}],"about":[{"href":"https:\/\/www.customeeple.com\/es\/wp-json\/wp\/v2\/types\/product"}],"wp:featuredmedia":[{"embeddable":true,"href":"https:\/\/www.customeeple.com\/es\/wp-json\/wp\/v2\/media\/65877"}],"wp:attachment":[{"href":"https:\/\/www.customeeple.com\/es\/wp-json\/wp\/v2\/media?parent=65888"}],"wp:term":[{"taxonomy":"product_brand","embeddable":true,"href":"https:\/\/www.customeeple.com\/es\/wp-json\/wp\/v2\/product_brand?post=65888"},{"taxonomy":"product_cat","embeddable":true,"href":"https:\/\/www.customeeple.com\/es\/wp-json\/wp\/v2\/product_cat?post=65888"},{"taxonomy":"product_tag","embeddable":true,"href":"https:\/\/www.customeeple.com\/es\/wp-json\/wp\/v2\/product_tag?post=65888"}],"curies":[{"name":"wp","href":"https:\/\/api.w.org\/{rel}","templated":true}]}}