{"id":65886,"date":"2022-12-14T09:35:04","date_gmt":"2022-12-14T08:35:04","guid":{"rendered":"https:\/\/www.customeeple.com\/product\/friegas-tu\/"},"modified":"2024-05-27T10:05:48","modified_gmt":"2024-05-27T09:05:48","slug":"friegas-tu","status":"publish","type":"product","link":"https:\/\/www.customeeple.com\/es\/producto\/friegas-tu\/","title":{"rendered":"Friegas t\u00fa (SPA)"},"content":{"rendered":"<p class=\"p2\"><strong>\u00a1Fregar nunca fue tan divertido!<\/strong><\/p>\n<p>En Friegas T\u00fa el centro de la mesa se convierte en el fregadero y nuestro objetivo ser\u00e1 intentar acumular el menor n\u00famero de cacharros.<\/p>\n<p>En cada turno iremos colocando cacharros, hasta que no puedas colocar nada y no te quede m\u00e1s remedio que fregar.<\/p>\n<p><strong>\u00a1Las risas est\u00e1n aseguradas!<\/strong><\/p>\n","protected":false},"excerpt":{"rendered":"<p>\u00a1Fregar nunca fue tan divertido! En Friegas T\u00fa el centro de la mesa se convierte en el fregadero y nuestro objetivo ser\u00e1 intentar acumular el menor n\u00famero de cacharros. En cada turno iremos colocando cacharros, hasta que no puedas colocar nada y no te quede m\u00e1s remedio que fregar. \u00a1Las risas est\u00e1n aseguradas!<\/p>\n","protected":false},"featured_media":65881,"template":"","meta":{"_acf_changed":false},"product_brand":[],"product_cat":[1557,1653,1180,2346],"product_tag":[],"class_list":{"0":"post-65886","1":"product","2":"type-product","3":"status-publish","4":"has-post-thumbnail","6":"product_cat-card-game-es","7":"product_cat-boardgames","8":"product_cat-retail-products-es","9":"product_cat-tranjis-es","11":"first","12":"instock","13":"sale","14":"taxable","15":"shipping-taxable","16":"purchasable","17":"product-type-simple"},"exclude_global_add_ons":[],"addons":[],"acf":[],"_links":{"self":[{"href":"https:\/\/www.customeeple.com\/es\/wp-json\/wp\/v2\/product\/65886","targetHints":{"allow":["GET"]}}],"collection":[{"href":"https:\/\/www.customeeple.com\/es\/wp-json\/wp\/v2\/product"}],"about":[{"href":"https:\/\/www.customeeple.com\/es\/wp-json\/wp\/v2\/types\/product"}],"wp:featuredmedia":[{"embeddable":true,"href":"https:\/\/www.customeeple.com\/es\/wp-json\/wp\/v2\/media\/65881"}],"wp:attachment":[{"href":"https:\/\/www.customeeple.com\/es\/wp-json\/wp\/v2\/media?parent=65886"}],"wp:term":[{"taxonomy":"product_brand","embeddable":true,"href":"https:\/\/www.customeeple.com\/es\/wp-json\/wp\/v2\/product_brand?post=65886"},{"taxonomy":"product_cat","embeddable":true,"href":"https:\/\/www.customeeple.com\/es\/wp-json\/wp\/v2\/product_cat?post=65886"},{"taxonomy":"product_tag","embeddable":true,"href":"https:\/\/www.customeeple.com\/es\/wp-json\/wp\/v2\/product_tag?post=65886"}],"curies":[{"name":"wp","href":"https:\/\/api.w.org\/{rel}","templated":true}]}}