{"id":65883,"date":"2022-12-14T09:35:13","date_gmt":"2022-12-14T08:35:13","guid":{"rendered":"https:\/\/www.customeeple.com\/product\/noble-run-spa\/"},"modified":"2022-12-14T09:35:13","modified_gmt":"2022-12-14T08:35:13","slug":"noble-run-spa","status":"publish","type":"product","link":"https:\/\/www.customeeple.com\/es\/producto\/noble-run-spa\/","title":{"rendered":"Nobel Run (SPA)"},"content":{"rendered":"<p><strong>\u00a1La carrera cient\u00edfica es dura pero apasionante!<\/strong><\/p>\n<p><strong>\u00a0<\/strong>En\u00a0<strong>Nobel Run<\/strong>\u00a0gestionar\u00e1s tu propio equipo de investigaci\u00f3n para ganar el\u00a0<strong>Premio Nobel<\/strong>. Para ello, deber\u00e1s conseguir financiaci\u00f3n a trav\u00e9s de proyectos, contratar personal y publicar art\u00edculos en revistas cient\u00edficas.\u00a0<strong>Inventoras y cient\u00edficas<\/strong>\u00a0de primer nivel te ayudar\u00e1n en tu objetivo \u00bfSer\u00e1s capaz de lograrlo antes que el resto?<\/p>\n<p>Nobel Run es un juego de\u00a0<strong>construcci\u00f3n de mazos<\/strong>\u00a0en el que debes construir tu propia\u00a0<strong>carrera cient\u00edfica<\/strong>\u00a0en pos del Premio Nobel. El objetivo de la partida es ser la primera persona en conseguir reunir\u00a0<strong>20 puntos de prestigio<\/strong>\u00a0con su equipo de investigaci\u00f3n.<\/p>\n<ul>\n<li><strong>Gestiona<\/strong>\u00a0tu propio equipo de cient\u00edficas e inventoras.<\/li>\n<li>Usa los\u00a0<strong>recursos<\/strong>\u00a0de las cartas de tu mano para conseguir una o varias cartas de la reserva.<\/li>\n<li><strong>Publica<\/strong>\u00a0una de las cartas de tu mano en tu Curr\u00edculum Vitae.<\/li>\n<\/ul>\n<p>\u00a1Inicia la carrera por el Premio Nobel a trav\u00e9s de algunas de las figuras femeninas m\u00e1s importantes de la historia cient\u00edfica!<\/p>\n","protected":false},"excerpt":{"rendered":"<p>\u00a1La carrera cient\u00edfica es dura pero apasionante! \u00a0En\u00a0Nobel Run\u00a0gestionar\u00e1s tu propio equipo de investigaci\u00f3n para ganar el\u00a0Premio Nobel. Para ello, deber\u00e1s conseguir financiaci\u00f3n a trav\u00e9s de proyectos, contratar personal y publicar art\u00edculos en revistas cient\u00edficas.\u00a0Inventoras y cient\u00edficas\u00a0de primer nivel te ayudar\u00e1n en tu objetivo \u00bfSer\u00e1s capaz de lograrlo antes que el resto? Nobel Run es [&hellip;]<\/p>\n","protected":false},"featured_media":65879,"template":"","meta":{"_acf_changed":false},"product_brand":[],"product_cat":[1653,1180,2346],"product_tag":[],"class_list":{"0":"post-65883","1":"product","2":"type-product","3":"status-publish","4":"has-post-thumbnail","6":"product_cat-boardgames","7":"product_cat-retail-products-es","8":"product_cat-tranjis-es","10":"first","11":"instock","12":"sale","13":"taxable","14":"shipping-taxable","15":"purchasable","16":"product-type-simple"},"exclude_global_add_ons":[],"addons":[],"acf":[],"_links":{"self":[{"href":"https:\/\/www.customeeple.com\/es\/wp-json\/wp\/v2\/product\/65883","targetHints":{"allow":["GET"]}}],"collection":[{"href":"https:\/\/www.customeeple.com\/es\/wp-json\/wp\/v2\/product"}],"about":[{"href":"https:\/\/www.customeeple.com\/es\/wp-json\/wp\/v2\/types\/product"}],"wp:featuredmedia":[{"embeddable":true,"href":"https:\/\/www.customeeple.com\/es\/wp-json\/wp\/v2\/media\/65879"}],"wp:attachment":[{"href":"https:\/\/www.customeeple.com\/es\/wp-json\/wp\/v2\/media?parent=65883"}],"wp:term":[{"taxonomy":"product_brand","embeddable":true,"href":"https:\/\/www.customeeple.com\/es\/wp-json\/wp\/v2\/product_brand?post=65883"},{"taxonomy":"product_cat","embeddable":true,"href":"https:\/\/www.customeeple.com\/es\/wp-json\/wp\/v2\/product_cat?post=65883"},{"taxonomy":"product_tag","embeddable":true,"href":"https:\/\/www.customeeple.com\/es\/wp-json\/wp\/v2\/product_tag?post=65883"}],"curies":[{"name":"wp","href":"https:\/\/api.w.org\/{rel}","templated":true}]}}