{"id":65866,"date":"2022-12-07T20:58:23","date_gmt":"2022-12-07T19:58:23","guid":{"rendered":"https:\/\/www.customeeple.com\/product\/pan-am-spa\/"},"modified":"2022-12-07T20:58:23","modified_gmt":"2022-12-07T19:58:23","slug":"pan-am-spa","status":"publish","type":"product","link":"https:\/\/www.customeeple.com\/es\/producto\/pan-am-spa\/","title":{"rendered":"Pan Am (SPA)"},"content":{"rendered":"<p>Convierte tu nueva aerol\u00ednea en un negocio en auge que se extiende por todo el mundo con el nuevo juego de mesa Pan Am. Expande tus rutas enviando a tus ingenieros a reclamar nuevos aeropuertos, aviones y destinos para tu aerol\u00ednea, todo mientras utilizas tus ingresos para comprar acciones de Pan Am para as\u00ed poder ayudar a construir tu empresa. Es una carrera para ver qui\u00e9n puede adquirir la mayor cantidad de acciones al final de siete rondas.<\/p>\n","protected":false},"excerpt":{"rendered":"<p>Convierte tu nueva aerol\u00ednea en un negocio en auge que se extiende por todo el mundo con el nuevo juego de mesa Pan Am. Expande tus rutas enviando a tus ingenieros a reclamar nuevos aeropuertos, aviones y destinos para tu aerol\u00ednea, todo mientras utilizas tus ingresos para comprar acciones de Pan Am para as\u00ed poder [&hellip;]<\/p>\n","protected":false},"featured_media":65861,"template":"","meta":{"_acf_changed":false},"product_brand":[],"product_cat":[1653,1180],"product_tag":[],"class_list":{"0":"post-65866","1":"product","2":"type-product","3":"status-publish","4":"has-post-thumbnail","6":"product_cat-boardgames","7":"product_cat-retail-products-es","9":"first","10":"onbackorder","11":"sale","12":"taxable","13":"shipping-taxable","14":"purchasable","15":"product-type-simple"},"exclude_global_add_ons":[],"addons":[],"acf":[],"_links":{"self":[{"href":"https:\/\/www.customeeple.com\/es\/wp-json\/wp\/v2\/product\/65866","targetHints":{"allow":["GET"]}}],"collection":[{"href":"https:\/\/www.customeeple.com\/es\/wp-json\/wp\/v2\/product"}],"about":[{"href":"https:\/\/www.customeeple.com\/es\/wp-json\/wp\/v2\/types\/product"}],"wp:featuredmedia":[{"embeddable":true,"href":"https:\/\/www.customeeple.com\/es\/wp-json\/wp\/v2\/media\/65861"}],"wp:attachment":[{"href":"https:\/\/www.customeeple.com\/es\/wp-json\/wp\/v2\/media?parent=65866"}],"wp:term":[{"taxonomy":"product_brand","embeddable":true,"href":"https:\/\/www.customeeple.com\/es\/wp-json\/wp\/v2\/product_brand?post=65866"},{"taxonomy":"product_cat","embeddable":true,"href":"https:\/\/www.customeeple.com\/es\/wp-json\/wp\/v2\/product_cat?post=65866"},{"taxonomy":"product_tag","embeddable":true,"href":"https:\/\/www.customeeple.com\/es\/wp-json\/wp\/v2\/product_tag?post=65866"}],"curies":[{"name":"wp","href":"https:\/\/api.w.org\/{rel}","templated":true}]}}