{"id":65857,"date":"2022-12-07T20:57:51","date_gmt":"2022-12-07T19:57:51","guid":{"rendered":"https:\/\/www.customeeple.com\/product\/kapadokya\/"},"modified":"2022-12-07T20:57:51","modified_gmt":"2022-12-07T19:57:51","slug":"kapadokya","status":"publish","type":"product","link":"https:\/\/www.customeeple.com\/es\/producto\/kapadokya\/","title":{"rendered":"Kapadokya (SPA)"},"content":{"rendered":"<p>Kapadokya es una regi\u00f3n de Turqu\u00eda en la que todas las ma\u00f1anas decenas de globos levantan el vuelo para contemplar los primeros rayos del sol. Una escena presiosa de la que formaremos parte con este juego competitivo para 2 jugadores. Ayuda a los globos a aterrizar, cuantos m\u00e1s globos aterrices, !m\u00e1s puntos tendr\u00e1s!<\/p>\n","protected":false},"excerpt":{"rendered":"<p>Kapadokya es una regi\u00f3n de Turqu\u00eda en la que todas las ma\u00f1anas decenas de globos levantan el vuelo para contemplar los primeros rayos del sol. Una escena presiosa de la que formaremos parte con este juego competitivo para 2 jugadores. Ayuda a los globos a aterrizar, cuantos m\u00e1s globos aterrices, !m\u00e1s puntos tendr\u00e1s!<\/p>\n","protected":false},"featured_media":65852,"template":"","meta":{"_acf_changed":false},"product_brand":[],"product_cat":[1653,1180],"product_tag":[],"class_list":{"0":"post-65857","1":"product","2":"type-product","3":"status-publish","4":"has-post-thumbnail","6":"product_cat-boardgames","7":"product_cat-retail-products-es","9":"first","10":"onbackorder","11":"sale","12":"taxable","13":"shipping-taxable","14":"purchasable","15":"product-type-simple"},"exclude_global_add_ons":[],"addons":[],"acf":[],"_links":{"self":[{"href":"https:\/\/www.customeeple.com\/es\/wp-json\/wp\/v2\/product\/65857","targetHints":{"allow":["GET"]}}],"collection":[{"href":"https:\/\/www.customeeple.com\/es\/wp-json\/wp\/v2\/product"}],"about":[{"href":"https:\/\/www.customeeple.com\/es\/wp-json\/wp\/v2\/types\/product"}],"wp:featuredmedia":[{"embeddable":true,"href":"https:\/\/www.customeeple.com\/es\/wp-json\/wp\/v2\/media\/65852"}],"wp:attachment":[{"href":"https:\/\/www.customeeple.com\/es\/wp-json\/wp\/v2\/media?parent=65857"}],"wp:term":[{"taxonomy":"product_brand","embeddable":true,"href":"https:\/\/www.customeeple.com\/es\/wp-json\/wp\/v2\/product_brand?post=65857"},{"taxonomy":"product_cat","embeddable":true,"href":"https:\/\/www.customeeple.com\/es\/wp-json\/wp\/v2\/product_cat?post=65857"},{"taxonomy":"product_tag","embeddable":true,"href":"https:\/\/www.customeeple.com\/es\/wp-json\/wp\/v2\/product_tag?post=65857"}],"curies":[{"name":"wp","href":"https:\/\/api.w.org\/{rel}","templated":true}]}}