{"id":65854,"date":"2022-12-07T20:51:41","date_gmt":"2022-12-07T19:51:41","guid":{"rendered":"https:\/\/www.customeeple.com\/product\/no-sin-mi-gato\/"},"modified":"2024-05-27T10:05:45","modified_gmt":"2024-05-27T09:05:45","slug":"no-sin-mi-gato","status":"publish","type":"product","link":"https:\/\/www.customeeple.com\/es\/producto\/no-sin-mi-gato\/","title":{"rendered":"No sin mi gato (SPA)"},"content":{"rendered":"<p>Los gatos quieren encontrar un sitio calentito y agradable para descansar y poder dejar las calles. Pero es dif\u00edcil encontrar el camino a trav\u00e9s de los interminables canalones, tan parecidos entre s\u00ed.<\/p>\n<p>Desenreda este laberinto urbano colocando o girando canalones para formar un recorrido libre de obst\u00e1culos, as\u00ed los gatos podr\u00e1n encontrar un techo acogedor.<\/p>\n<p><strong>CONTENIDO<\/strong><br \/>\n43 cartas y 1 libro de reglas.<\/p>\n","protected":false},"excerpt":{"rendered":"<p>Los gatos quieren encontrar un sitio calentito y agradable para descansar y poder dejar las calles. Pero es dif\u00edcil encontrar el camino a trav\u00e9s de los interminables canalones, tan parecidos entre s\u00ed. Desenreda este laberinto urbano colocando o girando canalones para formar un recorrido libre de obst\u00e1culos, as\u00ed los gatos podr\u00e1n encontrar un techo acogedor. [&hellip;]<\/p>\n","protected":false},"featured_media":65850,"template":"","meta":{"_acf_changed":false},"product_brand":[],"product_cat":[1557,1653,1180],"product_tag":[],"class_list":{"0":"post-65854","1":"product","2":"type-product","3":"status-publish","4":"has-post-thumbnail","6":"product_cat-card-game-es","7":"product_cat-boardgames","8":"product_cat-retail-products-es","10":"first","11":"onbackorder","12":"sale","13":"taxable","14":"shipping-taxable","15":"purchasable","16":"product-type-simple"},"exclude_global_add_ons":[],"addons":[],"acf":[],"_links":{"self":[{"href":"https:\/\/www.customeeple.com\/es\/wp-json\/wp\/v2\/product\/65854","targetHints":{"allow":["GET"]}}],"collection":[{"href":"https:\/\/www.customeeple.com\/es\/wp-json\/wp\/v2\/product"}],"about":[{"href":"https:\/\/www.customeeple.com\/es\/wp-json\/wp\/v2\/types\/product"}],"wp:featuredmedia":[{"embeddable":true,"href":"https:\/\/www.customeeple.com\/es\/wp-json\/wp\/v2\/media\/65850"}],"wp:attachment":[{"href":"https:\/\/www.customeeple.com\/es\/wp-json\/wp\/v2\/media?parent=65854"}],"wp:term":[{"taxonomy":"product_brand","embeddable":true,"href":"https:\/\/www.customeeple.com\/es\/wp-json\/wp\/v2\/product_brand?post=65854"},{"taxonomy":"product_cat","embeddable":true,"href":"https:\/\/www.customeeple.com\/es\/wp-json\/wp\/v2\/product_cat?post=65854"},{"taxonomy":"product_tag","embeddable":true,"href":"https:\/\/www.customeeple.com\/es\/wp-json\/wp\/v2\/product_tag?post=65854"}],"curies":[{"name":"wp","href":"https:\/\/api.w.org\/{rel}","templated":true}]}}