{"id":65838,"date":"2022-11-28T15:17:07","date_gmt":"2022-11-28T14:17:07","guid":{"rendered":"https:\/\/www.customeeple.com\/product\/little-collect\/"},"modified":"2024-12-17T00:00:05","modified_gmt":"2024-12-16T23:00:05","slug":"little-collect","status":"publish","type":"product","link":"https:\/\/www.customeeple.com\/es\/producto\/little-collect\/","title":{"rendered":"Little Collect (SPA)"},"content":{"rendered":"<p><b>Los conejitos son codiciosos. Para acercarse a ellos, primero hay que cosechar zanahorias y guisantes\u2026 \u00a1pero cuidado con el zorro que merodea por ah\u00ed!<\/b><\/p>\n<p>Cada jugador coloca un tablero de huerto delante de \u00e9l y debe completarlo con 3 zanahorias, 3 guisantes y 3 conejos. Por turnos, cada jugador saca una carta que le permitir\u00e1 obtener uno de estos elementos. Cuidado con la carta del zorro, que asusta a los conejos y obliga al jugador a retirar uno de ellos.<\/p>\n<p>+++ Un primer juego de recopilaci\u00f3n para los m\u00e1s peque\u00f1os.<\/p>\n<p><strong>La colecci\u00f3n Little de Djeco son juegos especialmente concebidos para ni\u00f1os y ni\u00f1as de 2 \u00bd a 5 a\u00f1os.<\/strong><\/p>\n","protected":false},"excerpt":{"rendered":"<p>Los conejitos son codiciosos. Para acercarse a ellos, primero hay que cosechar zanahorias y guisantes\u2026 \u00a1pero cuidado con el zorro que merodea por ah\u00ed! Cada jugador coloca un tablero de huerto delante de \u00e9l y debe completarlo con 3 zanahorias, 3 guisantes y 3 conejos. Por turnos, cada jugador saca una carta que le permitir\u00e1 [&hellip;]<\/p>\n","protected":false},"featured_media":65833,"template":"","meta":{"_acf_changed":false},"product_brand":[],"product_cat":[1990,1564,1653,1180],"product_tag":[],"class_list":{"0":"post-65838","1":"product","2":"type-product","3":"status-publish","4":"has-post-thumbnail","6":"product_cat-djeco","7":"product_cat-childrens-es","8":"product_cat-boardgames","9":"product_cat-retail-products-es","11":"first","12":"instock","13":"taxable","14":"shipping-taxable","15":"purchasable","16":"product-type-simple"},"exclude_global_add_ons":[],"addons":[],"acf":[],"_links":{"self":[{"href":"https:\/\/www.customeeple.com\/es\/wp-json\/wp\/v2\/product\/65838","targetHints":{"allow":["GET"]}}],"collection":[{"href":"https:\/\/www.customeeple.com\/es\/wp-json\/wp\/v2\/product"}],"about":[{"href":"https:\/\/www.customeeple.com\/es\/wp-json\/wp\/v2\/types\/product"}],"wp:featuredmedia":[{"embeddable":true,"href":"https:\/\/www.customeeple.com\/es\/wp-json\/wp\/v2\/media\/65833"}],"wp:attachment":[{"href":"https:\/\/www.customeeple.com\/es\/wp-json\/wp\/v2\/media?parent=65838"}],"wp:term":[{"taxonomy":"product_brand","embeddable":true,"href":"https:\/\/www.customeeple.com\/es\/wp-json\/wp\/v2\/product_brand?post=65838"},{"taxonomy":"product_cat","embeddable":true,"href":"https:\/\/www.customeeple.com\/es\/wp-json\/wp\/v2\/product_cat?post=65838"},{"taxonomy":"product_tag","embeddable":true,"href":"https:\/\/www.customeeple.com\/es\/wp-json\/wp\/v2\/product_tag?post=65838"}],"curies":[{"name":"wp","href":"https:\/\/api.w.org\/{rel}","templated":true}]}}