{"id":65700,"date":"2022-11-26T21:44:33","date_gmt":"2022-11-26T20:44:33","guid":{"rendered":"https:\/\/www.customeeple.com\/product\/hanamikoji\/"},"modified":"2022-11-26T21:44:33","modified_gmt":"2022-11-26T20:44:33","slug":"hanamikoji","status":"publish","type":"product","link":"https:\/\/www.customeeple.com\/es\/producto\/hanamikoji\/","title":{"rendered":"Hanamikoji (SPA)"},"content":{"rendered":"<p>Bienvenidos a la calle de Geishas m\u00e1s famosa de la antigua capital, Hanamikoji. Las Geishas son mujeres elegantes y gr\u00e1ciles, que adem\u00e1s cuentan con diversas habilidades relacionadas con el arte, la m\u00fasica, la danza y un amplio abanico de representaciones y ceremonias. Respetadas y adoradas por todo el mundo, las Geishas son maestras del entretenimiento.<\/p>\n<p>En\u00a0<i>Hanamikoji<\/i>\u00a0dos jugadores compiten para obtener el favor de siete ilustres Geishas, coleccionando cada uno de sus respectivos objetos favoritos para actuar. Con algo de cautela y astucia, as\u00ed como mediante algunas jugadas m\u00e1s arriesgadas, \u00bfser\u00e1s capaz de superar a tu contrincante y obtener el favor de m\u00e1s Geishas?<\/p>\n<ul>\n<li>2 jugadores<\/li>\n<li>Edad: +10<\/li>\n<li>Duraci\u00f3n de la partida: 15 min.<\/li>\n<\/ul>\n","protected":false},"excerpt":{"rendered":"<p>Bienvenidos a la calle de Geishas m\u00e1s famosa de la antigua capital, Hanamikoji. Las Geishas son mujeres elegantes y gr\u00e1ciles, que adem\u00e1s cuentan con diversas habilidades relacionadas con el arte, la m\u00fasica, la danza y un amplio abanico de representaciones y ceremonias. Respetadas y adoradas por todo el mundo, las Geishas son maestras del entretenimiento. [&hellip;]<\/p>\n","protected":false},"featured_media":65696,"template":"","meta":{"_acf_changed":false},"product_brand":[],"product_cat":[1557,1653,1180],"product_tag":[],"class_list":{"0":"post-65700","1":"product","2":"type-product","3":"status-publish","4":"has-post-thumbnail","6":"product_cat-card-game-es","7":"product_cat-boardgames","8":"product_cat-retail-products-es","10":"first","11":"onbackorder","12":"sale","13":"taxable","14":"shipping-taxable","15":"purchasable","16":"product-type-simple"},"exclude_global_add_ons":[],"addons":[],"acf":[],"_links":{"self":[{"href":"https:\/\/www.customeeple.com\/es\/wp-json\/wp\/v2\/product\/65700","targetHints":{"allow":["GET"]}}],"collection":[{"href":"https:\/\/www.customeeple.com\/es\/wp-json\/wp\/v2\/product"}],"about":[{"href":"https:\/\/www.customeeple.com\/es\/wp-json\/wp\/v2\/types\/product"}],"wp:featuredmedia":[{"embeddable":true,"href":"https:\/\/www.customeeple.com\/es\/wp-json\/wp\/v2\/media\/65696"}],"wp:attachment":[{"href":"https:\/\/www.customeeple.com\/es\/wp-json\/wp\/v2\/media?parent=65700"}],"wp:term":[{"taxonomy":"product_brand","embeddable":true,"href":"https:\/\/www.customeeple.com\/es\/wp-json\/wp\/v2\/product_brand?post=65700"},{"taxonomy":"product_cat","embeddable":true,"href":"https:\/\/www.customeeple.com\/es\/wp-json\/wp\/v2\/product_cat?post=65700"},{"taxonomy":"product_tag","embeddable":true,"href":"https:\/\/www.customeeple.com\/es\/wp-json\/wp\/v2\/product_tag?post=65700"}],"curies":[{"name":"wp","href":"https:\/\/api.w.org\/{rel}","templated":true}]}}