{"id":65699,"date":"2022-11-23T21:08:57","date_gmt":"2022-11-23T20:08:57","guid":{"rendered":"https:\/\/www.customeeple.com\/product\/bandas-arco-iris\/"},"modified":"2022-11-23T21:08:57","modified_gmt":"2022-11-23T20:08:57","slug":"bandas-arco-iris","status":"publish","type":"product","link":"https:\/\/www.customeeple.com\/es\/producto\/bandas-arco-iris\/","title":{"rendered":"Bandas arco iris (SPA)"},"content":{"rendered":"<p>Calculando visualmente las distancias y con una dosis de suerte al tirar el dado, podr\u00e9is conseguir los resplandecientes cristales que os esperan en el extremo del arco iris. Deb\u00e9is reunir suficientes cristales azules para cambiarlos por otros dorados. Pero, \u00bfqu\u00e9 arco iris es el m\u00e1s indicado para conseguir el mayor tesoro? Quien primero consiga hacerse con tres cristales dorados ganar\u00e1 esta competici\u00f3n de reunir colores brillantes.<\/p>\n<ul>\n<li>Con 4 figuritas y 3 arco iris de madera<\/li>\n<li>Tablero grande y modificable con forma de puzle<\/li>\n<li>Ideal para practicar el c\u00e1lculo de aproximaci\u00f3n<\/li>\n<\/ul>\n<p><strong>Contenido:<\/strong><\/p>\n<ul>\n<li>1 superficie terrestre (base plegable)<\/li>\n<li>1 tablero del Pa\u00eds de las Nubes (4 piezas tipo puzle)<\/li>\n<li>8 nubes del tesoro (4 grandes y 4 peque\u00f1as)<\/li>\n<li>3 arco iris (con dos pies cada uno)<\/li>\n<li>4 amigos del arco iris de madera: Kody el koala, Cammy el camale\u00f3n, Penny el ping\u00fcino y Lazy el perezoso<\/li>\n<li>9 cristales dorados<\/li>\n<li>60 cristales azul cielo<\/li>\n<li>1 dado<\/li>\n<\/ul>\n","protected":false},"excerpt":{"rendered":"<p>Calculando visualmente las distancias y con una dosis de suerte al tirar el dado, podr\u00e9is conseguir los resplandecientes cristales que os esperan en el extremo del arco iris. Deb\u00e9is reunir suficientes cristales azules para cambiarlos por otros dorados. Pero, \u00bfqu\u00e9 arco iris es el m\u00e1s indicado para conseguir el mayor tesoro? Quien primero consiga hacerse [&hellip;]<\/p>\n","protected":false},"featured_media":65682,"template":"","meta":{"_acf_changed":false},"product_brand":[],"product_cat":[1991,1564,1653,1180],"product_tag":[],"class_list":{"0":"post-65699","1":"product","2":"type-product","3":"status-publish","4":"has-post-thumbnail","6":"product_cat-ha-es","7":"product_cat-childrens-es","8":"product_cat-boardgames","9":"product_cat-retail-products-es","11":"first","12":"onbackorder","13":"sale","14":"taxable","15":"shipping-taxable","16":"purchasable","17":"product-type-simple"},"exclude_global_add_ons":[],"addons":[],"acf":[],"_links":{"self":[{"href":"https:\/\/www.customeeple.com\/es\/wp-json\/wp\/v2\/product\/65699","targetHints":{"allow":["GET"]}}],"collection":[{"href":"https:\/\/www.customeeple.com\/es\/wp-json\/wp\/v2\/product"}],"about":[{"href":"https:\/\/www.customeeple.com\/es\/wp-json\/wp\/v2\/types\/product"}],"wp:featuredmedia":[{"embeddable":true,"href":"https:\/\/www.customeeple.com\/es\/wp-json\/wp\/v2\/media\/65682"}],"wp:attachment":[{"href":"https:\/\/www.customeeple.com\/es\/wp-json\/wp\/v2\/media?parent=65699"}],"wp:term":[{"taxonomy":"product_brand","embeddable":true,"href":"https:\/\/www.customeeple.com\/es\/wp-json\/wp\/v2\/product_brand?post=65699"},{"taxonomy":"product_cat","embeddable":true,"href":"https:\/\/www.customeeple.com\/es\/wp-json\/wp\/v2\/product_cat?post=65699"},{"taxonomy":"product_tag","embeddable":true,"href":"https:\/\/www.customeeple.com\/es\/wp-json\/wp\/v2\/product_tag?post=65699"}],"curies":[{"name":"wp","href":"https:\/\/api.w.org\/{rel}","templated":true}]}}