{"id":65698,"date":"2022-11-23T21:09:06","date_gmt":"2022-11-23T20:09:06","guid":{"rendered":"https:\/\/www.customeeple.com\/product\/x-wing-ases-estelares-ii\/"},"modified":"2022-11-23T21:09:06","modified_gmt":"2022-11-23T20:09:06","slug":"x-wing-ases-estelares-ii","status":"publish","type":"product","link":"https:\/\/www.customeeple.com\/es\/producto\/x-wing-ases-estelares-ii\/","title":{"rendered":"X-wing: Ases Estelares II (SPA)"},"content":{"rendered":"<p>\u00a1Expande y mejora tus partidas de Star Wars: X-Wing! Ampl\u00eda tus opciones de escuadr\u00f3n y recluta a nuevos pilotos con el pack de refuerzos de Ases estelares II. Con nuevos pilotos para numerosas naves de las facciones Rebelde, Imperial, Escoria, Resistencia, Primera Orden, Rep\u00fablica Gal\u00e1ctica y Alianza Separatista, ahora podr\u00e1s sumar a tus fuerzas personajes emblem\u00e1ticos como Aurra Sing, Corran Horn y la doctora Aphra.<\/p>\n<p>CONTENIDO<br \/>\n38 cartas de Nave , 5 cartas de Estado, 4 hojas troqueladas, 1 hoja de reglas<\/p>\n","protected":false},"excerpt":{"rendered":"<p>\u00a1Expande y mejora tus partidas de Star Wars: X-Wing! Ampl\u00eda tus opciones de escuadr\u00f3n y recluta a nuevos pilotos con el pack de refuerzos de Ases estelares II. Con nuevos pilotos para numerosas naves de las facciones Rebelde, Imperial, Escoria, Resistencia, Primera Orden, Rep\u00fablica Gal\u00e1ctica y Alianza Separatista, ahora podr\u00e1s sumar a tus fuerzas personajes [&hellip;]<\/p>\n","protected":false},"featured_media":65694,"template":"","meta":{"_acf_changed":false},"product_brand":[],"product_cat":[1180,1372,1411,1623],"product_tag":[],"class_list":{"0":"post-65698","1":"product","2":"type-product","3":"status-publish","4":"has-post-thumbnail","6":"product_cat-retail-products-es","7":"product_cat-sci-fi-es","8":"product_cat-star-wars-x-wing-es","9":"product_cat-wargames-es-2","11":"first","12":"outofstock","13":"sale","14":"taxable","15":"shipping-taxable","16":"purchasable","17":"product-type-simple"},"exclude_global_add_ons":[],"addons":[],"acf":[],"_links":{"self":[{"href":"https:\/\/www.customeeple.com\/es\/wp-json\/wp\/v2\/product\/65698","targetHints":{"allow":["GET"]}}],"collection":[{"href":"https:\/\/www.customeeple.com\/es\/wp-json\/wp\/v2\/product"}],"about":[{"href":"https:\/\/www.customeeple.com\/es\/wp-json\/wp\/v2\/types\/product"}],"wp:featuredmedia":[{"embeddable":true,"href":"https:\/\/www.customeeple.com\/es\/wp-json\/wp\/v2\/media\/65694"}],"wp:attachment":[{"href":"https:\/\/www.customeeple.com\/es\/wp-json\/wp\/v2\/media?parent=65698"}],"wp:term":[{"taxonomy":"product_brand","embeddable":true,"href":"https:\/\/www.customeeple.com\/es\/wp-json\/wp\/v2\/product_brand?post=65698"},{"taxonomy":"product_cat","embeddable":true,"href":"https:\/\/www.customeeple.com\/es\/wp-json\/wp\/v2\/product_cat?post=65698"},{"taxonomy":"product_tag","embeddable":true,"href":"https:\/\/www.customeeple.com\/es\/wp-json\/wp\/v2\/product_tag?post=65698"}],"curies":[{"name":"wp","href":"https:\/\/api.w.org\/{rel}","templated":true}]}}