{"id":65697,"date":"2022-11-24T20:53:35","date_gmt":"2022-11-24T19:53:35","guid":{"rendered":"https:\/\/www.customeeple.com\/product\/lacrimosa\/"},"modified":"2022-11-24T20:53:35","modified_gmt":"2022-11-24T19:53:35","slug":"lacrimosa","status":"publish","type":"product","link":"https:\/\/www.customeeple.com\/es\/producto\/lacrimosa\/","title":{"rendered":"Lacrimosa (SPA)"},"content":{"rendered":"<p><i>Lacrimosa<\/i>\u00a0es un juego que nos transporta a las cortes europeas del siglo XVIII siguiendo la obra del compositor Wolfgang Amadeus Mozart. Dise\u00f1ado por Gerard Ascensi y Ferran Renalias e ilustrado por Jared Blando, Enrique Corominas y David Esbr\u00ed, Lacrimosa ofrece partidas de unos 90 minutos de duraci\u00f3n para un m\u00e1ximo de 4 jugadores. Como mecenas del genio austr\u00edaco, dese\u00e1is ser recordados como su mayor benefactor y pasar a la historia junto a \u00e9l. Para ello, deber\u00e9is acabar de financiar el\u00a0<i>R\u00e9quiem<\/i>\u00a0que dej\u00f3 inconcluso antes de su muerte y demostrar que a lo largo de su vida fuisteis sus m\u00e1s fieles valedores.<\/p>\n<p>Con mec\u00e1nicas de construcci\u00f3n de mazos y gesti\u00f3n de mano,\u00a0<i>Lacrimosa<\/i>\u00a0se juega a lo largo de 5 rondas, que abarcan distintos momentos creativos de Mozart, en las que competir\u00e9is por sumar el mayor n\u00famero de puntos de reconocimiento. En vuestro turno, encargar\u00e9is obras al compositor, que podr\u00e9is representar o vender; recordar\u00e9is memorias compartidas y viajes por los escenarios m\u00e1s c\u00e9lebres del continente\u2026 Y, por supuesto, ayudar\u00e9is a su viuda Constanze a terminar el\u00a0<i>R\u00e9quiem<\/i>, que ser\u00e1 recordado como su obra p\u00f3stuma.<\/p>\n<p><i>Lacrimosa<\/i>\u00a0tiene una puesta en mesa espectacular, con un tablero central repleto de detalles donde se representa un mapa del centro de Europa, a trav\u00e9s del cual acompa\u00f1ar\u00e9is a Mozart en sus viajes. Tambi\u00e9n se representan los fragmentos del\u00a0<i>R\u00e9quiem<\/i>, que poco a poco se ir\u00e1 completando con vuestras acciones, y espacios para las cartas de obra y de memorias. Las cartas, que tambi\u00e9n se juegan en el tablero personal de cada jugador, son el motor principal de\u00a0<i>Lacrimosa<\/i>\u00a0y representan los recuerdos de los momentos vividos con Mozart y sus trabajos, que ir\u00e9is patrocinando. A lo largo de las rondas, obtendr\u00e9is nuevas cartas que mejorar\u00e1n vuestro mazo personal a trav\u00e9s de dos acciones disponibles: documentar los recuerdos y encargar una composici\u00f3n.<\/p>\n<p>Satisfacer los deseos de las cortes reales tambi\u00e9n os aportar\u00e1 beneficios cuando viaj\u00e9is con Mozart por Europa. Si est\u00e1is atentos a los gustos de los monarcas y patrocin\u00e1is sus composiciones favoritas (\u00f3pera, m\u00fasica religiosa, sinfon\u00edas o m\u00fasica de c\u00e1mara) lograr\u00e9is importantes beneficios. Tambi\u00e9n sumar\u00e9is puntos de prestigio si prest\u00e1is atenci\u00f3n a las tarjetas de bonificaci\u00f3n de ronda, que os premiar\u00e1n seg\u00fan qu\u00e9 acciones llev\u00e9is a cabo al final de una ronda.<\/p>\n<p><i>Lacrimosa<\/i>\u00a0es un elegante juego de gesti\u00f3n que tambi\u00e9n se puede disfrutar en solitario. En este modo un jugador se enfrenta al productor, actor y dramaturgo Emanuel Schikaneder, al que puede retar en tres niveles de dificultad posibles.<\/p>\n<p>Wolfgang Amadeus Mozart fue una figura clave en la historia de la m\u00fasica occidental, que influenci\u00f3 a varias generaciones tras su pronto fallecimiento.\u00a0<i>Lacrimosa<\/i>\u00a0es un gran homenaje al compositor austr\u00edaco, que nos acerca a su vida y su obra a trav\u00e9s de una experiencia divertida y desafiante. \u00bfLograr\u00e9is honrar su legado y pasar a la posteridad junto a \u00e9l?<\/p>\n","protected":false},"excerpt":{"rendered":"<p>Lacrimosa\u00a0es un juego que nos transporta a las cortes europeas del siglo XVIII siguiendo la obra del compositor Wolfgang Amadeus Mozart. Dise\u00f1ado por Gerard Ascensi y Ferran Renalias e ilustrado por Jared Blando, Enrique Corominas y David Esbr\u00ed, Lacrimosa ofrece partidas de unos 90 minutos de duraci\u00f3n para un m\u00e1ximo de 4 jugadores. Como mecenas [&hellip;]<\/p>\n","protected":false},"featured_media":65607,"template":"","meta":{"_acf_changed":false},"product_brand":[],"product_cat":[2344,1653,1556,1180],"product_tag":[],"class_list":{"0":"post-65697","1":"product","2":"type-product","3":"status-publish","4":"has-post-thumbnail","6":"product_cat-devir-es","7":"product_cat-boardgames","8":"product_cat-board-games-es","9":"product_cat-retail-products-es","11":"first","12":"onbackorder","13":"sale","14":"taxable","15":"shipping-taxable","16":"purchasable","17":"product-type-simple"},"exclude_global_add_ons":[],"addons":[],"acf":[],"_links":{"self":[{"href":"https:\/\/www.customeeple.com\/es\/wp-json\/wp\/v2\/product\/65697","targetHints":{"allow":["GET"]}}],"collection":[{"href":"https:\/\/www.customeeple.com\/es\/wp-json\/wp\/v2\/product"}],"about":[{"href":"https:\/\/www.customeeple.com\/es\/wp-json\/wp\/v2\/types\/product"}],"wp:featuredmedia":[{"embeddable":true,"href":"https:\/\/www.customeeple.com\/es\/wp-json\/wp\/v2\/media\/65607"}],"wp:attachment":[{"href":"https:\/\/www.customeeple.com\/es\/wp-json\/wp\/v2\/media?parent=65697"}],"wp:term":[{"taxonomy":"product_brand","embeddable":true,"href":"https:\/\/www.customeeple.com\/es\/wp-json\/wp\/v2\/product_brand?post=65697"},{"taxonomy":"product_cat","embeddable":true,"href":"https:\/\/www.customeeple.com\/es\/wp-json\/wp\/v2\/product_cat?post=65697"},{"taxonomy":"product_tag","embeddable":true,"href":"https:\/\/www.customeeple.com\/es\/wp-json\/wp\/v2\/product_tag?post=65697"}],"curies":[{"name":"wp","href":"https:\/\/api.w.org\/{rel}","templated":true}]}}