{"id":65692,"date":"2022-11-23T20:55:42","date_gmt":"2022-11-23T19:55:42","guid":{"rendered":"https:\/\/www.customeeple.com\/product\/el-frutalito-spa\/"},"modified":"2022-11-23T20:55:42","modified_gmt":"2022-11-23T19:55:42","slug":"el-frutalito-spa","status":"publish","type":"product","link":"https:\/\/www.customeeple.com\/es\/producto\/el-frutalito-spa\/","title":{"rendered":"El frutalito (SPA)"},"content":{"rendered":"<p class=\"product-description\">\u00bfLograr\u00e1n los ni\u00f1os recoger todas las cerezas antes de que el cuervo haya alcanzado el \u00e1rbol?<\/p>\n<div class=\"product-content\"><label class=\"br product-content-label\"><strong>Contenido:<\/strong><\/label><\/div>\n<div class=\"product-content\"><\/div>\n<div class=\"product-content\">1 tablero de juego con un \u00e1rbol cerezo 3-D, 1 cuervo, 5 pares de cerezas, 1 cesta peque\u00f1a, 1 dado de colores, 15 cartas flores, instrucciones del juego.<\/div>\n<div class=\"product-content\"><\/div>\n<div class=\"product-content\"><a class=\"btn btn-default\" href=\"https:\/\/boardgamegeek.com\/boardgame\/17162\/little-orchard\" target=\"_blank\" rel=\"noreferrer noopener\">Enlace a la BGG<\/a><\/div>\n<div class=\"product-content\"><\/div>\n<div class=\"product-content\"><\/div>\n","protected":false},"excerpt":{"rendered":"<p>\u00bfLograr\u00e1n los ni\u00f1os recoger todas las cerezas antes de que el cuervo haya alcanzado el \u00e1rbol? Contenido: 1 tablero de juego con un \u00e1rbol cerezo 3-D, 1 cuervo, 5 pares de cerezas, 1 cesta peque\u00f1a, 1 dado de colores, 15 cartas flores, instrucciones del juego. Enlace a la BGG<\/p>\n","protected":false},"featured_media":65684,"template":"","meta":{"_acf_changed":false},"product_brand":[],"product_cat":[1991,1564,1653,1180],"product_tag":[],"class_list":{"0":"post-65692","1":"product","2":"type-product","3":"status-publish","4":"has-post-thumbnail","6":"product_cat-ha-es","7":"product_cat-childrens-es","8":"product_cat-boardgames","9":"product_cat-retail-products-es","11":"first","12":"onbackorder","13":"sale","14":"taxable","15":"shipping-taxable","16":"purchasable","17":"product-type-simple"},"exclude_global_add_ons":[],"addons":[],"acf":[],"_links":{"self":[{"href":"https:\/\/www.customeeple.com\/es\/wp-json\/wp\/v2\/product\/65692","targetHints":{"allow":["GET"]}}],"collection":[{"href":"https:\/\/www.customeeple.com\/es\/wp-json\/wp\/v2\/product"}],"about":[{"href":"https:\/\/www.customeeple.com\/es\/wp-json\/wp\/v2\/types\/product"}],"wp:featuredmedia":[{"embeddable":true,"href":"https:\/\/www.customeeple.com\/es\/wp-json\/wp\/v2\/media\/65684"}],"wp:attachment":[{"href":"https:\/\/www.customeeple.com\/es\/wp-json\/wp\/v2\/media?parent=65692"}],"wp:term":[{"taxonomy":"product_brand","embeddable":true,"href":"https:\/\/www.customeeple.com\/es\/wp-json\/wp\/v2\/product_brand?post=65692"},{"taxonomy":"product_cat","embeddable":true,"href":"https:\/\/www.customeeple.com\/es\/wp-json\/wp\/v2\/product_cat?post=65692"},{"taxonomy":"product_tag","embeddable":true,"href":"https:\/\/www.customeeple.com\/es\/wp-json\/wp\/v2\/product_tag?post=65692"}],"curies":[{"name":"wp","href":"https:\/\/api.w.org\/{rel}","templated":true}]}}