{"id":65691,"date":"2022-11-23T21:08:39","date_gmt":"2022-11-23T20:08:39","guid":{"rendered":"https:\/\/www.customeeple.com\/product\/honga-spa\/"},"modified":"2022-11-23T21:08:39","modified_gmt":"2022-11-23T20:08:39","slug":"honga-spa","status":"publish","type":"product","link":"https:\/\/www.customeeple.com\/es\/producto\/honga-spa\/","title":{"rendered":"Honga (SPA)"},"content":{"rendered":"<p>El clan \u00abdientes de sable\u00bb busca un nuevo l\u00edder. Solo quien acumule el mayor n\u00famero de provisiones, realice intercambios con \u00e9xito y venere a los antiguos dioses de la naturaleza, demostrar\u00e1 ser merecedor del t\u00edtulo. Para ello, uno no debe olvidarse nunca, y bajo ning\u00fan concepto, de prestar atenci\u00f3n a Honga. El que descuide al tigre dientes de sable, perder\u00e1 aprovisionamiento.<\/p>\n<p><strong>Contenido:<\/strong><\/p>\n<ul>\n<li>1 tablero de juego<\/li>\n<li>1 tablero de dep\u00f3sito<\/li>\n<li>5 tablas numeradas<\/li>\n<li>46 cartas circulares de acci\u00f3n (28 de color gris y 18 de color rojo)<\/li>\n<li>25 cartas de bonificaci\u00f3n, 32 cartas de intercambio<\/li>\n<li>1 \u00abfuego\u00bb de jugador inicial<\/li>\n<li>1 colmillo de mamut<\/li>\n<li>1 figura \u00abHonga\u00bb<\/li>\n<li>30 mamuts<\/li>\n<li>5 hombres prehist\u00f3ricos<\/li>\n<li>5 piedras de puntuaci\u00f3n<\/li>\n<li>20 materias primas (5 peces, 5 bayas, 5 setas y 5 gotas de agua)<\/li>\n<\/ul>\n","protected":false},"excerpt":{"rendered":"<p>El clan \u00abdientes de sable\u00bb busca un nuevo l\u00edder. Solo quien acumule el mayor n\u00famero de provisiones, realice intercambios con \u00e9xito y venere a los antiguos dioses de la naturaleza, demostrar\u00e1 ser merecedor del t\u00edtulo. Para ello, uno no debe olvidarse nunca, y bajo ning\u00fan concepto, de prestar atenci\u00f3n a Honga. El que descuide al [&hellip;]<\/p>\n","protected":false},"featured_media":65686,"template":"","meta":{"_acf_changed":false},"product_brand":[],"product_cat":[1561,1991,1653,1180],"product_tag":[],"class_list":{"0":"post-65691","1":"product","2":"type-product","3":"status-publish","4":"has-post-thumbnail","6":"product_cat-familiar-es","7":"product_cat-ha-es","8":"product_cat-boardgames","9":"product_cat-retail-products-es","11":"first","12":"onbackorder","13":"sale","14":"taxable","15":"shipping-taxable","16":"purchasable","17":"product-type-simple"},"exclude_global_add_ons":[],"addons":[],"acf":[],"_links":{"self":[{"href":"https:\/\/www.customeeple.com\/es\/wp-json\/wp\/v2\/product\/65691","targetHints":{"allow":["GET"]}}],"collection":[{"href":"https:\/\/www.customeeple.com\/es\/wp-json\/wp\/v2\/product"}],"about":[{"href":"https:\/\/www.customeeple.com\/es\/wp-json\/wp\/v2\/types\/product"}],"wp:featuredmedia":[{"embeddable":true,"href":"https:\/\/www.customeeple.com\/es\/wp-json\/wp\/v2\/media\/65686"}],"wp:attachment":[{"href":"https:\/\/www.customeeple.com\/es\/wp-json\/wp\/v2\/media?parent=65691"}],"wp:term":[{"taxonomy":"product_brand","embeddable":true,"href":"https:\/\/www.customeeple.com\/es\/wp-json\/wp\/v2\/product_brand?post=65691"},{"taxonomy":"product_cat","embeddable":true,"href":"https:\/\/www.customeeple.com\/es\/wp-json\/wp\/v2\/product_cat?post=65691"},{"taxonomy":"product_tag","embeddable":true,"href":"https:\/\/www.customeeple.com\/es\/wp-json\/wp\/v2\/product_tag?post=65691"}],"curies":[{"name":"wp","href":"https:\/\/api.w.org\/{rel}","templated":true}]}}