{"id":65690,"date":"2022-11-23T21:08:48","date_gmt":"2022-11-23T20:08:48","guid":{"rendered":"https:\/\/www.customeeple.com\/product\/la-banda-de-la-granja-spa\/"},"modified":"2023-12-04T12:32:45","modified_gmt":"2023-12-04T11:32:45","slug":"la-banda-de-la-granja-spa","status":"publish","type":"product","link":"https:\/\/www.customeeple.com\/es\/producto\/la-banda-de-la-granja-spa\/","title":{"rendered":"La Banda de la granja (SPA)"},"content":{"rendered":"<p>A los habitantes de la granja de Fridol\u00edn les gusta escaparse de vez en cuando y, con ayuda de los jugadores, deber\u00e1n ser devueltos al granero. Para ello, los jugadores necesitar\u00e1n un poco de suerte al lanzar el dado y deber\u00e1n ponerse de acuerdo. Si consiguen que todos los animales permanezcan en el camino, por tanto en la granja, habr\u00e1n ganado la partida.<\/p>\n<p>Contenido: 1 tablero de salida, 8 caminos, 1 dado, 8 animales de madera, 1 granero, 1 juego de cartas, 1 instrucciones del juego.<\/p>\n","protected":false},"excerpt":{"rendered":"<p>A los habitantes de la granja de Fridol\u00edn les gusta escaparse de vez en cuando y, con ayuda de los jugadores, deber\u00e1n ser devueltos al granero. Para ello, los jugadores necesitar\u00e1n un poco de suerte al lanzar el dado y deber\u00e1n ponerse de acuerdo. Si consiguen que todos los animales permanezcan en el camino, por [&hellip;]<\/p>\n","protected":false},"featured_media":65688,"template":"","meta":{"_acf_changed":false},"product_brand":[],"product_cat":[1991,1564,1653,1180],"product_tag":[],"class_list":{"0":"post-65690","1":"product","2":"type-product","3":"status-publish","4":"has-post-thumbnail","6":"product_cat-ha-es","7":"product_cat-childrens-es","8":"product_cat-boardgames","9":"product_cat-retail-products-es","11":"first","12":"instock","13":"sale","14":"taxable","15":"shipping-taxable","16":"purchasable","17":"product-type-simple"},"exclude_global_add_ons":[],"addons":[],"acf":[],"_links":{"self":[{"href":"https:\/\/www.customeeple.com\/es\/wp-json\/wp\/v2\/product\/65690","targetHints":{"allow":["GET"]}}],"collection":[{"href":"https:\/\/www.customeeple.com\/es\/wp-json\/wp\/v2\/product"}],"about":[{"href":"https:\/\/www.customeeple.com\/es\/wp-json\/wp\/v2\/types\/product"}],"wp:featuredmedia":[{"embeddable":true,"href":"https:\/\/www.customeeple.com\/es\/wp-json\/wp\/v2\/media\/65688"}],"wp:attachment":[{"href":"https:\/\/www.customeeple.com\/es\/wp-json\/wp\/v2\/media?parent=65690"}],"wp:term":[{"taxonomy":"product_brand","embeddable":true,"href":"https:\/\/www.customeeple.com\/es\/wp-json\/wp\/v2\/product_brand?post=65690"},{"taxonomy":"product_cat","embeddable":true,"href":"https:\/\/www.customeeple.com\/es\/wp-json\/wp\/v2\/product_cat?post=65690"},{"taxonomy":"product_tag","embeddable":true,"href":"https:\/\/www.customeeple.com\/es\/wp-json\/wp\/v2\/product_tag?post=65690"}],"curies":[{"name":"wp","href":"https:\/\/api.w.org\/{rel}","templated":true}]}}