{"id":65675,"date":"2022-11-23T13:27:32","date_gmt":"2022-11-23T12:27:32","guid":{"rendered":"https:\/\/www.customeeple.com\/product\/adepta-sororitas-ephrael-stern-kyganil\/"},"modified":"2023-11-23T00:00:23","modified_gmt":"2023-11-22T23:00:23","slug":"adepta-sororitas-ephrael-stern-kyganil","status":"publish","type":"product","link":"https:\/\/www.customeeple.com\/es\/producto\/adepta-sororitas-ephrael-stern-kyganil\/","title":{"rendered":"phrael Stern, la Daemon\u00edfuga, y Kyganil"},"content":{"rendered":"<p>Ephrael Stern ha recibido muchos apodos durante sus largos a\u00f1os al servicio del Dios Emperador: la nacida tres veces, la Daemon\u00edfuga, la Salvadora sagrada, la Bruja her\u00e9tica. Anta\u00f1o fue una Seraphim respetada y consumada de la Orden de Nuestra Se\u00f1ora M\u00e1rtir, pero el destino reservaba planes m\u00e1s ambiciosos a Ephrael Stern.<\/p>\n<p>Tambi\u00e9n conocido simplemente como El Paria, Kyganil fue anta\u00f1o un Harlequin warrior del Dios de la Risa. Ahora es un vagabundo, un paria para su propio pueblo que ha hallado su lugar junto a Stern. Kyganil la ha llevado por caminos oscuros al repositorio de la tradici\u00f3n prohibida conocida como la Biblioteca Negra, y a trav\u00e9s de ella Stern ha contactado con los Ynnari.<\/p>\n<p>Reci\u00e9n salidas de las p\u00e1ginas de la cl\u00e1sica serie de c\u00f3mics Daemonifuge y las novelas posteriores de Kev Walker, nos llegan estas magn\u00edficas miniaturas de los controvertidos protagonistas, Ephrael Stern y el antiguo Harlequin, Kyganil.<\/p>\n<p>El set incluye:<br \/>\n&#8211; 1x Ephrael Stern (incluye una peana redonda Citadel de 32 mm)<br \/>\n&#8211; 1x Kyganil (incluye una peana redonda Citadel de 32 mm)<\/p>\n<p>Las hojas de datos de Warhammer 40,000 para Ephrael Stern y Kyganil est\u00e1n incluidas en la caja.<\/p>\n","protected":false},"excerpt":{"rendered":"<p>Ephrael Stern ha recibido muchos apodos durante sus largos a\u00f1os al servicio del Dios Emperador: la nacida tres veces, la Daemon\u00edfuga, la Salvadora sagrada, la Bruja her\u00e9tica. Anta\u00f1o fue una Seraphim respetada y consumada de la Orden de Nuestra Se\u00f1ora M\u00e1rtir, pero el destino reservaba planes m\u00e1s ambiciosos a Ephrael Stern. Tambi\u00e9n conocido simplemente como [&hellip;]<\/p>\n","protected":false},"featured_media":65669,"template":"","meta":{"_acf_changed":false},"product_brand":[],"product_cat":[1177,1180,1623,1229],"product_tag":[],"class_list":{"0":"post-65675","1":"product","2":"type-product","3":"status-publish","4":"has-post-thumbnail","6":"product_cat-games-workshop-es","7":"product_cat-retail-products-es","8":"product_cat-wargames-es-2","9":"product_cat-warhammer-40k-es","11":"first","12":"onbackorder","13":"sale","14":"taxable","15":"shipping-taxable","16":"purchasable","17":"product-type-simple"},"exclude_global_add_ons":[],"addons":[],"acf":[],"_links":{"self":[{"href":"https:\/\/www.customeeple.com\/es\/wp-json\/wp\/v2\/product\/65675","targetHints":{"allow":["GET"]}}],"collection":[{"href":"https:\/\/www.customeeple.com\/es\/wp-json\/wp\/v2\/product"}],"about":[{"href":"https:\/\/www.customeeple.com\/es\/wp-json\/wp\/v2\/types\/product"}],"wp:featuredmedia":[{"embeddable":true,"href":"https:\/\/www.customeeple.com\/es\/wp-json\/wp\/v2\/media\/65669"}],"wp:attachment":[{"href":"https:\/\/www.customeeple.com\/es\/wp-json\/wp\/v2\/media?parent=65675"}],"wp:term":[{"taxonomy":"product_brand","embeddable":true,"href":"https:\/\/www.customeeple.com\/es\/wp-json\/wp\/v2\/product_brand?post=65675"},{"taxonomy":"product_cat","embeddable":true,"href":"https:\/\/www.customeeple.com\/es\/wp-json\/wp\/v2\/product_cat?post=65675"},{"taxonomy":"product_tag","embeddable":true,"href":"https:\/\/www.customeeple.com\/es\/wp-json\/wp\/v2\/product_tag?post=65675"}],"curies":[{"name":"wp","href":"https:\/\/api.w.org\/{rel}","templated":true}]}}