{"id":65622,"date":"2022-11-23T13:18:57","date_gmt":"2022-11-23T12:18:57","guid":{"rendered":"https:\/\/www.customeeple.com\/product\/painting-handle-xl\/"},"modified":"2022-11-23T13:18:57","modified_gmt":"2022-11-23T12:18:57","slug":"painting-handle-xl","status":"publish","type":"product","link":"https:\/\/www.customeeple.com\/es\/producto\/painting-handle-xl\/","title":{"rendered":"Painting Handle XL"},"content":{"rendered":"<p>El Mango de pintura XL de Citadel Colour cuenta con una base equilibrada y ergon\u00f3mica que se adapta c\u00f3modamente a la palma de la mano, lo que permite pintar durante m\u00e1s tiempo con menos esfuerzo. La enorme pinza con muelle sujeta de forma segura peanas que van desde los 50 mm hasta las peanas ovaladas de 170 mm, \u00a1la peana est\u00e1ndar m\u00e1s grande que encontrar\u00e1s en la gama actual!<\/p>\n<p>El Mango de pintura XL ha sido dise\u00f1ado por expertos para trabajar con una gama de herramientas modulares de hobby y mejorar tu experiencia de pintura y modelado. La peana se encaja de forma segura en el soporte de montaje Citadel para sujetar con seguiridad incluso las miniaturas m\u00e1s grandes mientras trabajas.<\/p>\n<p>Los brazos flexibles del soporte de montaje tambi\u00e9n encajan perfectamente en los ocho encajes situados alrededor de los bordes de la pinza extragrande, lo que permite mantener las piezas en su sitio mientras montas las miniaturas. Los mismos encajes tambi\u00e9n est\u00e1n dise\u00f1ados para alojar los soportes de montaje y piezas, para que puedas mantener uniformes os colores incluso al pintar proyectos grandes y complicados.<\/p>\n<p>Las miniaturas de las im\u00e1genes sirven para mostrar escalas y tama\u00f1os y no se incluyen en este producto.<\/p>\n","protected":false},"excerpt":{"rendered":"<p>El Mango de pintura XL de Citadel Colour cuenta con una base equilibrada y ergon\u00f3mica que se adapta c\u00f3modamente a la palma de la mano, lo que permite pintar durante m\u00e1s tiempo con menos esfuerzo. La enorme pinza con muelle sujeta de forma segura peanas que van desde los 50 mm hasta las peanas ovaladas [&hellip;]<\/p>\n","protected":false},"featured_media":65616,"template":"","meta":{"_acf_changed":false},"product_brand":[],"product_cat":[1177,1180,1623,1229],"product_tag":[],"class_list":{"0":"post-65622","1":"product","2":"type-product","3":"status-publish","4":"has-post-thumbnail","6":"product_cat-games-workshop-es","7":"product_cat-retail-products-es","8":"product_cat-wargames-es-2","9":"product_cat-warhammer-40k-es","11":"first","12":"instock","13":"sale","14":"taxable","15":"shipping-taxable","16":"purchasable","17":"product-type-simple"},"exclude_global_add_ons":[],"addons":[],"acf":[],"_links":{"self":[{"href":"https:\/\/www.customeeple.com\/es\/wp-json\/wp\/v2\/product\/65622","targetHints":{"allow":["GET"]}}],"collection":[{"href":"https:\/\/www.customeeple.com\/es\/wp-json\/wp\/v2\/product"}],"about":[{"href":"https:\/\/www.customeeple.com\/es\/wp-json\/wp\/v2\/types\/product"}],"wp:featuredmedia":[{"embeddable":true,"href":"https:\/\/www.customeeple.com\/es\/wp-json\/wp\/v2\/media\/65616"}],"wp:attachment":[{"href":"https:\/\/www.customeeple.com\/es\/wp-json\/wp\/v2\/media?parent=65622"}],"wp:term":[{"taxonomy":"product_brand","embeddable":true,"href":"https:\/\/www.customeeple.com\/es\/wp-json\/wp\/v2\/product_brand?post=65622"},{"taxonomy":"product_cat","embeddable":true,"href":"https:\/\/www.customeeple.com\/es\/wp-json\/wp\/v2\/product_cat?post=65622"},{"taxonomy":"product_tag","embeddable":true,"href":"https:\/\/www.customeeple.com\/es\/wp-json\/wp\/v2\/product_tag?post=65622"}],"curies":[{"name":"wp","href":"https:\/\/api.w.org\/{rel}","templated":true}]}}