{"id":65621,"date":"2022-11-23T13:22:58","date_gmt":"2022-11-23T12:22:58","guid":{"rendered":"https:\/\/www.customeeple.com\/product\/genestealer-cult-locust\/"},"modified":"2026-03-26T11:55:07","modified_gmt":"2026-03-26T10:55:07","slug":"genestealer-cult-locust","status":"publish","type":"product","link":"https:\/\/www.customeeple.com\/es\/producto\/genestealer-cult-locust\/","title":{"rendered":"Genestealer Cult Locust"},"content":{"rendered":"<p>Estoico y paciente a niveles inhumanos, el Locus puede pasar de una quietud l\u00fagubre a un estallido de actividad en un pesta\u00f1eo. Esta s\u00fabita explosi\u00f3n de violencia es tan inesperada como letal. Como un Lictor que salta desde las sombras, el Locus efect\u00faa un golpe decapitador a la velocidad del rayo, y sus sables gemelos relucen entre la niebla de la batalla para dejar sin cabeza a su v\u00edctima.<\/p>\n<p>Si quieres mantener a salvo a tus l\u00edderes de los Genestealer Cults, necesitas un Locus. Esta unidad es el guardaespaldas perfecto, capaz de interceptar heridas y abatir enemigos antes de que puedan siquiera llegar a tu Patriarch, Magus, Primus, o el campe\u00f3n que hayas elegido.<\/p>\n<p>Este kit te permite montar un Locus con cuatro cabezas distintas entre las que elegir: una encapuchada, otra con la capucha retirada, y dos sin capucha. Van genial para personalizar tu miniatura, y las que no uses son compatibles con multitud de otras miniaturas de Genestealer Cults.<\/p>\n<p>Este kit est\u00e1 compuesto por 11 piezas de pl\u00e1stico e incluye una peana redonda de 32 mm.<\/p>\n","protected":false},"excerpt":{"rendered":"<p>Estoico y paciente a niveles inhumanos, el Locus puede pasar de una quietud l\u00fagubre a un estallido de actividad en un pesta\u00f1eo. Esta s\u00fabita explosi\u00f3n de violencia es tan inesperada como letal. Como un Lictor que salta desde las sombras, el Locus efect\u00faa un golpe decapitador a la velocidad del rayo, y sus sables gemelos [&hellip;]<\/p>\n","protected":false},"featured_media":65614,"template":"","meta":{"_acf_changed":false},"product_brand":[],"product_cat":[1177,1180,1623,1229],"product_tag":[],"class_list":{"0":"post-65621","1":"product","2":"type-product","3":"status-publish","4":"has-post-thumbnail","6":"product_cat-games-workshop-es","7":"product_cat-retail-products-es","8":"product_cat-wargames-es-2","9":"product_cat-warhammer-40k-es","11":"first","12":"onbackorder","13":"sale","14":"taxable","15":"shipping-taxable","16":"purchasable","17":"product-type-simple"},"exclude_global_add_ons":[],"addons":[],"acf":[],"_links":{"self":[{"href":"https:\/\/www.customeeple.com\/es\/wp-json\/wp\/v2\/product\/65621","targetHints":{"allow":["GET"]}}],"collection":[{"href":"https:\/\/www.customeeple.com\/es\/wp-json\/wp\/v2\/product"}],"about":[{"href":"https:\/\/www.customeeple.com\/es\/wp-json\/wp\/v2\/types\/product"}],"wp:featuredmedia":[{"embeddable":true,"href":"https:\/\/www.customeeple.com\/es\/wp-json\/wp\/v2\/media\/65614"}],"wp:attachment":[{"href":"https:\/\/www.customeeple.com\/es\/wp-json\/wp\/v2\/media?parent=65621"}],"wp:term":[{"taxonomy":"product_brand","embeddable":true,"href":"https:\/\/www.customeeple.com\/es\/wp-json\/wp\/v2\/product_brand?post=65621"},{"taxonomy":"product_cat","embeddable":true,"href":"https:\/\/www.customeeple.com\/es\/wp-json\/wp\/v2\/product_cat?post=65621"},{"taxonomy":"product_tag","embeddable":true,"href":"https:\/\/www.customeeple.com\/es\/wp-json\/wp\/v2\/product_tag?post=65621"}],"curies":[{"name":"wp","href":"https:\/\/api.w.org\/{rel}","templated":true}]}}