{"id":65605,"date":"2022-11-21T14:57:42","date_gmt":"2022-11-21T13:57:42","guid":{"rendered":"https:\/\/www.customeeple.com\/product\/dungeon-fighter-2ed\/"},"modified":"2022-11-21T14:57:42","modified_gmt":"2022-11-21T13:57:42","slug":"dungeon-fighter-2ed","status":"publish","type":"product","link":"https:\/\/www.customeeple.com\/es\/producto\/dungeon-fighter-2ed\/","title":{"rendered":"Dungeon Fighter 2ed (SPA)"},"content":{"rendered":"<p><strong>Product in Spanish.<\/strong><\/p>\n<p>\u00a1Afila tus armas, empu\u00f1a los dados y l\u00e1nzate a la aventura! Dungeon Fighter es un juego cooperativo de exploraci\u00f3n de mazmorras con un toque de humor que lo hace \u00fanico. Es obra de Aureliano Buonfino, Lorenzo Silva y Lorenzo Tucci Sorrentino y permite partidas de unos 45 minutos para disfrutar en solitario o en grupo hasta 6 jugadores, a partir de 8 a\u00f1os. Relanzado en una deslumbrante segunda edici\u00f3n, el juego cuenta con ilustraciones nuevas y el reglamento actualizado.<\/p>\n<p>En Dungeon Fighter os enfrentar\u00e9is a monstruos de todo tipo con armas y objetos muy particulares. La estrategia y la suerte ser\u00e1n importantes\u2026 \u00a1Pero vuestra habilidad ser\u00e1 decisiva! Para luchar, hace falta tirar los dados de formas distintas y desde diferentes posiciones. Seg\u00fan como caiga el dado en una diana de resultados tendr\u00e9is m\u00e1s o menos \u00e9xito en el combate. \u00a1La gloria o el fracaso est\u00e1, literalmente, en vuestras manos!<\/p>\n<p>Una vez montada la diana, que act\u00faa como tablero central, elegir\u00e9is vuestros h\u00e9roes. Cada uno de los ocho aventureros cuenta con habilidades \u00fanicas que os ser\u00e1n muy \u00fatiles a lo largo de la partida. Una vez preparados los mazos de mazmorra, almac\u00e9n y monstruos ya lo tendr\u00e9is todo listo para empezar a explorar en busca de tesoros.<\/p>\n<p>El objetivo del juego es derrotar al jefe final, que se encuentra en las entra\u00f1as m\u00e1s oscuras de las catacumbas. Para representar la ruta de los h\u00e9roes, el l\u00edder del grupo, que ir\u00e1 cambiando entre los jugadores a medida que avancen, toma dos cartas de mazmorra y elige una de ellas. Despu\u00e9s de resolver sus efectos, llegar\u00e1 el momento de luchar contra los monstruos. Cada turno aparecer\u00e1 un nuevo enemigo que deber\u00e9is derrotar lanzando los dados rojo, verde y azul. Pero atenci\u00f3n: \u00a1No vale tirar de cualquier manera! El dado debe rebotar una vez antes de caer en uno de los espacios de la diana para que el ataque tenga \u00e9xito. Seg\u00fan vuestra destreza podr\u00e9is infligir tiradas \u00e9picas, pero tambi\u00e9n pod\u00e9is acabar debilitados y recibiendo cicatrices, que menguar\u00e1n vuestras habilidades. Como recompensa, los monstruos os dar\u00e1n oro, que podr\u00e9is gastar en el almac\u00e9n. A lo largo de vuestra aventura podr\u00e9is visitar la tienda hasta en tres ocasiones para adquirir armas y artefactos poderosos.<\/p>\n<p>A medida que os adentr\u00e9is en la mazmorra encontrar\u00e9is retos m\u00e1s formidables: desde habitaciones especiales que os pedir\u00e1n tirar los dados de formas inimaginables hasta monstruos con un mont\u00f3n de puntos de vida o que hacen un mont\u00f3n de da\u00f1o. Tambi\u00e9n conseguir\u00e9is importantes artefactos, como los dados blancos de bonificaci\u00f3n, que os ayudar\u00e1n en los combates.<\/p>\n<p>Dungeon Fighter dispone de tres niveles de dificultad que os permitir\u00e1n modelar cada partida seg\u00fan la experiencia que quer\u00e1is conseguir. Si el grupo de juego incluye jugadores primerizos o que simplemente quieran pasar un buen rato, pod\u00e9is preparar el juego sin que los monstruos tengan vida adicional. Si por contra busc\u00e1is un reto dif\u00edcil o infernal, pod\u00e9is a\u00f1adir 3 o 5 corazones a los enemigos. Sea como sea, Dungeon Fighter es un juego imprescindible para los amantes de los t\u00edtulos de mazmorreo. En cada partida, las risas est\u00e1n aseguradas tanto con las descripciones de los monstruos con los que os ir\u00e9is topando, como con las tiradas de dado que os tocar\u00e1 hacer: a ciegas, desde lejos, saltando, usando el codo\u2026 \u00a1Nadie dijo que salir airoso de la mazmorra fuera f\u00e1cil, pero s\u00ed que os aseguramos que ser\u00e1 la mar de divertido!<\/p>\n","protected":false},"excerpt":{"rendered":"<p>Product in Spanish. \u00a1Afila tus armas, empu\u00f1a los dados y l\u00e1nzate a la aventura! Dungeon Fighter es un juego cooperativo de exploraci\u00f3n de mazmorras con un toque de humor que lo hace \u00fanico. Es obra de Aureliano Buonfino, Lorenzo Silva y Lorenzo Tucci Sorrentino y permite partidas de unos 45 minutos para disfrutar en solitario [&hellip;]<\/p>\n","protected":false},"featured_media":65589,"template":"","meta":{"_acf_changed":false},"product_brand":[],"product_cat":[2344,1653,1180],"product_tag":[],"class_list":{"0":"post-65605","1":"product","2":"type-product","3":"status-publish","4":"has-post-thumbnail","6":"product_cat-devir-es","7":"product_cat-boardgames","8":"product_cat-retail-products-es","10":"first","11":"onbackorder","12":"sale","13":"taxable","14":"shipping-taxable","15":"purchasable","16":"product-type-simple"},"exclude_global_add_ons":[],"addons":[],"acf":[],"_links":{"self":[{"href":"https:\/\/www.customeeple.com\/es\/wp-json\/wp\/v2\/product\/65605","targetHints":{"allow":["GET"]}}],"collection":[{"href":"https:\/\/www.customeeple.com\/es\/wp-json\/wp\/v2\/product"}],"about":[{"href":"https:\/\/www.customeeple.com\/es\/wp-json\/wp\/v2\/types\/product"}],"wp:featuredmedia":[{"embeddable":true,"href":"https:\/\/www.customeeple.com\/es\/wp-json\/wp\/v2\/media\/65589"}],"wp:attachment":[{"href":"https:\/\/www.customeeple.com\/es\/wp-json\/wp\/v2\/media?parent=65605"}],"wp:term":[{"taxonomy":"product_brand","embeddable":true,"href":"https:\/\/www.customeeple.com\/es\/wp-json\/wp\/v2\/product_brand?post=65605"},{"taxonomy":"product_cat","embeddable":true,"href":"https:\/\/www.customeeple.com\/es\/wp-json\/wp\/v2\/product_cat?post=65605"},{"taxonomy":"product_tag","embeddable":true,"href":"https:\/\/www.customeeple.com\/es\/wp-json\/wp\/v2\/product_tag?post=65605"}],"curies":[{"name":"wp","href":"https:\/\/api.w.org\/{rel}","templated":true}]}}