{"id":65604,"date":"2022-11-21T14:57:14","date_gmt":"2022-11-21T13:57:14","guid":{"rendered":"https:\/\/www.customeeple.com\/product\/mis-primeros-juegos-a-contar\/"},"modified":"2022-11-21T14:57:14","modified_gmt":"2022-11-21T13:57:14","slug":"mis-primeros-juegos-a-contar","status":"publish","type":"product","link":"https:\/\/www.customeeple.com\/es\/producto\/mis-primeros-juegos-a-contar\/","title":{"rendered":"Mis primeros juegos: \u00a1A Contar! (SPA)"},"content":{"rendered":"<div class=\"product-description\"><span class=\"br\">Los ni\u00f1os\/as ayudan al campesino Tim a contar y a dar de comer a los animales reci\u00e9n nacidos. Con un poco de suerte con los dados, pueden mover el tractor hasta el jugoso tr\u00e9bol. Una vez repartida la \u00faltima hoja, los ni\u00f1os y ni\u00f1as habr\u00e1n ganado la partida y tambi\u00e9n un primer conocimiento de los n\u00fameros.<\/span><\/div>\n<div class=\"product-content\"><label class=\"product-content-label\">Contenido:<\/label>\u00a01 tablero, 1 tractor de madera, 12 tr\u00e9bol de madera, 12 fichas de animales, 1 dado, 1 instrucciones del juego.<\/div>\n","protected":false},"excerpt":{"rendered":"<p>Los ni\u00f1os\/as ayudan al campesino Tim a contar y a dar de comer a los animales reci\u00e9n nacidos. Con un poco de suerte con los dados, pueden mover el tractor hasta el jugoso tr\u00e9bol. Una vez repartida la \u00faltima hoja, los ni\u00f1os y ni\u00f1as habr\u00e1n ganado la partida y tambi\u00e9n un primer conocimiento de los [&hellip;]<\/p>\n","protected":false},"featured_media":65597,"template":"","meta":{"_acf_changed":false},"product_brand":[],"product_cat":[1991,1564,1653,1180],"product_tag":[],"class_list":{"0":"post-65604","1":"product","2":"type-product","3":"status-publish","4":"has-post-thumbnail","6":"product_cat-ha-es","7":"product_cat-childrens-es","8":"product_cat-boardgames","9":"product_cat-retail-products-es","11":"first","12":"onbackorder","13":"sale","14":"taxable","15":"shipping-taxable","16":"purchasable","17":"product-type-simple"},"exclude_global_add_ons":[],"addons":[],"acf":[],"_links":{"self":[{"href":"https:\/\/www.customeeple.com\/es\/wp-json\/wp\/v2\/product\/65604","targetHints":{"allow":["GET"]}}],"collection":[{"href":"https:\/\/www.customeeple.com\/es\/wp-json\/wp\/v2\/product"}],"about":[{"href":"https:\/\/www.customeeple.com\/es\/wp-json\/wp\/v2\/types\/product"}],"wp:featuredmedia":[{"embeddable":true,"href":"https:\/\/www.customeeple.com\/es\/wp-json\/wp\/v2\/media\/65597"}],"wp:attachment":[{"href":"https:\/\/www.customeeple.com\/es\/wp-json\/wp\/v2\/media?parent=65604"}],"wp:term":[{"taxonomy":"product_brand","embeddable":true,"href":"https:\/\/www.customeeple.com\/es\/wp-json\/wp\/v2\/product_brand?post=65604"},{"taxonomy":"product_cat","embeddable":true,"href":"https:\/\/www.customeeple.com\/es\/wp-json\/wp\/v2\/product_cat?post=65604"},{"taxonomy":"product_tag","embeddable":true,"href":"https:\/\/www.customeeple.com\/es\/wp-json\/wp\/v2\/product_tag?post=65604"}],"curies":[{"name":"wp","href":"https:\/\/api.w.org\/{rel}","templated":true}]}}