{"id":65603,"date":"2022-11-21T14:57:32","date_gmt":"2022-11-21T13:57:32","guid":{"rendered":"https:\/\/www.customeeple.com\/product\/exit-el-laberinto-maldito\/"},"modified":"2022-11-21T14:57:32","modified_gmt":"2022-11-21T13:57:32","slug":"exit-el-laberinto-maldito","status":"publish","type":"product","link":"https:\/\/www.customeeple.com\/es\/producto\/exit-el-laberinto-maldito\/","title":{"rendered":"Exit: El laberinto Maldito"},"content":{"rendered":"<p>Durante una visita a un castillo hist\u00f3rico, tu atenci\u00f3n se desv\u00eda hacia un intrigante laberinto en medio del jard\u00edn. Unas imponentes murallas lo separan del mundo exterior y una extra\u00f1a fuerza te invita a recorrerlo&#8230; Una vez has cruzado la antigua puerta de hierro, el cielo se oscurece de repente y el viento empieza a arreciar. Con un fuerte estruendo, la antigua puerta de hierro se cierra de golpe detr\u00e1s de ti. Intentas abrirla, pero est\u00e1 cerrada con llave. De repente, para tu terror, una g\u00e1rgola trepa por la puerta hacia ti. Solo si trabaj\u00e1is juntos podr\u00e9is resolver los rompecabezas y escapar del misterioso laberinto.<\/p>\n<p>Exit: El laberinto maldito es un juego de escape cooperativo dise\u00f1ado por Inka y Markus Brand, que se puede disfrutar en solitario o en un grupo de hasta 4 personas, a partir 10 a\u00f1os, en partidas que pueden durar entre 60 y 90 minutos. A trav\u00e9s de cartas, un cuaderno y algunos objetos especiales, los jugadores podr\u00e1n explorar e interactuar con el entorno y todo lo que vayan encontrando en su camino hasta hallar la salida.<\/p>\n<p>La saga de juegos Exit nos trae en cada caja todo lo necesario para vivir la emoci\u00f3n de las mejores\u00a0<i>Escape room<\/i>\u00a0o salas de escape desde el sal\u00f3n de casa. Cada t\u00edtulo tiene una tem\u00e1tica y una historia completamente diferente en la que los jugadores son los protagonistas. Una aventura ideal para pasar una divertida tarde en solitario, en familia o entre amigos que pondr\u00e1 a prueba la capacidad de observaci\u00f3n, el ingenio y la creatividad de todos los participantes. El formato compacto y port\u00e1til de la caja convierten este juego en un compa\u00f1ero ideal para cualquier viaje.<\/p>\n<p>Con una dificultad de nivel principiante, Exit: El laberinto maldito es un t\u00edtulo ideal para iniciarse en los juegos de aventuras de escape. Prestar atenci\u00f3n a los detalles, la buena comunicaci\u00f3n entre los miembros del equipo y afilar la capacidad de deducci\u00f3n ser\u00e1n las claves que os permitir\u00e1n tener \u00e9xito y conquistar la victoria. Ad\u00e9ntrate en el laberinto, revela sus misterios, resuelve sus enigmas y sal de una pieza antes de que se agote el tiempo.<\/p>\n","protected":false},"excerpt":{"rendered":"<p>Durante una visita a un castillo hist\u00f3rico, tu atenci\u00f3n se desv\u00eda hacia un intrigante laberinto en medio del jard\u00edn. Unas imponentes murallas lo separan del mundo exterior y una extra\u00f1a fuerza te invita a recorrerlo&#8230; Una vez has cruzado la antigua puerta de hierro, el cielo se oscurece de repente y el viento empieza a [&hellip;]<\/p>\n","protected":false},"featured_media":65587,"template":"","meta":{"_acf_changed":false},"product_brand":[],"product_cat":[2003,2344,1653,1180],"product_tag":[],"class_list":{"0":"post-65603","1":"product","2":"type-product","3":"status-publish","4":"has-post-thumbnail","6":"product_cat-cooperative-es","7":"product_cat-devir-es","8":"product_cat-boardgames","9":"product_cat-retail-products-es","11":"first","12":"instock","13":"sale","14":"taxable","15":"shipping-taxable","16":"purchasable","17":"product-type-simple"},"exclude_global_add_ons":[],"addons":[],"acf":[],"_links":{"self":[{"href":"https:\/\/www.customeeple.com\/es\/wp-json\/wp\/v2\/product\/65603","targetHints":{"allow":["GET"]}}],"collection":[{"href":"https:\/\/www.customeeple.com\/es\/wp-json\/wp\/v2\/product"}],"about":[{"href":"https:\/\/www.customeeple.com\/es\/wp-json\/wp\/v2\/types\/product"}],"wp:featuredmedia":[{"embeddable":true,"href":"https:\/\/www.customeeple.com\/es\/wp-json\/wp\/v2\/media\/65587"}],"wp:attachment":[{"href":"https:\/\/www.customeeple.com\/es\/wp-json\/wp\/v2\/media?parent=65603"}],"wp:term":[{"taxonomy":"product_brand","embeddable":true,"href":"https:\/\/www.customeeple.com\/es\/wp-json\/wp\/v2\/product_brand?post=65603"},{"taxonomy":"product_cat","embeddable":true,"href":"https:\/\/www.customeeple.com\/es\/wp-json\/wp\/v2\/product_cat?post=65603"},{"taxonomy":"product_tag","embeddable":true,"href":"https:\/\/www.customeeple.com\/es\/wp-json\/wp\/v2\/product_tag?post=65603"}],"curies":[{"name":"wp","href":"https:\/\/api.w.org\/{rel}","templated":true}]}}