{"id":65602,"date":"2022-11-21T14:57:51","date_gmt":"2022-11-21T13:57:51","guid":{"rendered":"https:\/\/www.customeeple.com\/product\/el-anillo-unico-caja-de-inicio-spa\/"},"modified":"2022-11-21T14:57:51","modified_gmt":"2022-11-21T13:57:51","slug":"el-anillo-unico-caja-de-inicio-spa","status":"publish","type":"product","link":"https:\/\/www.customeeple.com\/es\/producto\/el-anillo-unico-caja-de-inicio-spa\/","title":{"rendered":"El anillo \u00fanico: Caja de inicio (SPA)"},"content":{"rendered":"<p>La <i>Caja de iniciaci\u00f3n de El Anillo \u00danico<\/i>&#x2122; contiene todo lo que necesitas para dar los primeros pasos en la Tierra Media y disfrutar de las aventuras que viven los hobbits. Con reglas simplificadas y personajes listos para usar, es muy sencillo sentarse a jugar de inmediato.\u00a0<i>El Anillo \u00danico&#x2122;<\/i>\u00a0est\u00e1 ambientado entre la \u00e9poca en la que Bilbo emprendi\u00f3 su viaje y los acontecimientos de\u00a0<i>El Se\u00f1or de los Anillos<\/i>&#x2122;, permiti\u00e9ndote explorar la Comarca y adoptar el papel de algunos hobbits cuyos hijos llegar\u00e1n a hacer cosas extraordinarias, como Drogo Bols\u00f3n, Rory Brandigamo y Esmeralda Tuk.<\/p>\n<p>Esta caja contiene:<\/p>\n<ul>\n<li>Un folleto de 24 p\u00e1ginas con un resumen de las reglas.<\/li>\n<li>Un compendio de 52 p\u00e1ginas que cubre las cuatro cuadernas de la Comarca, desde Encinaverde en el oeste hasta Los Gamos y el Bosque Viejo en el este.<\/li>\n<li>Un folleto de 32 p\u00e1ginas que contiene cinco emocionantes aventuras para jugar.<\/li>\n<li>Ocho hojas de personajes pregenerados a doble cara.<\/li>\n<li>Un enorme mapa a todo color que muestra la Comarca en una cara y Eriador<br \/>\nen la otra.<\/li>\n<li>30 cartas de equipo de guerra con armas y armaduras.<\/li>\n<li>Seis fichas de roles de viaje y posiciones de combate a doble cara.<\/li>\n<li>Dos dados de proeza (d12).<\/li>\n<li>Seis dados de \u00e9xito (d6).<\/li>\n<\/ul>\n","protected":false},"excerpt":{"rendered":"<p>La Caja de iniciaci\u00f3n de El Anillo \u00danico&#x2122; contiene todo lo que necesitas para dar los primeros pasos en la Tierra Media y disfrutar de las aventuras que viven los hobbits. Con reglas simplificadas y personajes listos para usar, es muy sencillo sentarse a jugar de inmediato.\u00a0El Anillo \u00danico&#x2122;\u00a0est\u00e1 ambientado entre la \u00e9poca en la [&hellip;]<\/p>\n","protected":false},"featured_media":65583,"template":"","meta":{"_acf_changed":false},"product_brand":[],"product_cat":[1180,2103],"product_tag":[],"class_list":{"0":"post-65602","1":"product","2":"type-product","3":"status-publish","4":"has-post-thumbnail","6":"product_cat-retail-products-es","7":"product_cat-rol-es","9":"first","10":"instock","11":"sale","12":"taxable","13":"shipping-taxable","14":"purchasable","15":"product-type-simple"},"exclude_global_add_ons":[],"addons":[],"acf":[],"_links":{"self":[{"href":"https:\/\/www.customeeple.com\/es\/wp-json\/wp\/v2\/product\/65602","targetHints":{"allow":["GET"]}}],"collection":[{"href":"https:\/\/www.customeeple.com\/es\/wp-json\/wp\/v2\/product"}],"about":[{"href":"https:\/\/www.customeeple.com\/es\/wp-json\/wp\/v2\/types\/product"}],"wp:featuredmedia":[{"embeddable":true,"href":"https:\/\/www.customeeple.com\/es\/wp-json\/wp\/v2\/media\/65583"}],"wp:attachment":[{"href":"https:\/\/www.customeeple.com\/es\/wp-json\/wp\/v2\/media?parent=65602"}],"wp:term":[{"taxonomy":"product_brand","embeddable":true,"href":"https:\/\/www.customeeple.com\/es\/wp-json\/wp\/v2\/product_brand?post=65602"},{"taxonomy":"product_cat","embeddable":true,"href":"https:\/\/www.customeeple.com\/es\/wp-json\/wp\/v2\/product_cat?post=65602"},{"taxonomy":"product_tag","embeddable":true,"href":"https:\/\/www.customeeple.com\/es\/wp-json\/wp\/v2\/product_tag?post=65602"}],"curies":[{"name":"wp","href":"https:\/\/api.w.org\/{rel}","templated":true}]}}