{"id":65547,"date":"2022-11-17T18:00:55","date_gmt":"2022-11-17T17:00:55","guid":{"rendered":"https:\/\/www.customeeple.com\/product\/unanimo-party\/"},"modified":"2024-05-27T10:05:45","modified_gmt":"2024-05-27T09:05:45","slug":"unanimo-party","status":"publish","type":"product","link":"https:\/\/www.customeeple.com\/es\/producto\/unanimo-party\/","title":{"rendered":"Un\u00e1nimo Party (SPA)"},"content":{"rendered":"<p>Tras el rotundo \u00e9xito de Un\u00e1nimo, llega Un\u00e1nimo Party con nuevas preguntas que van directas al grano: \u00bfCu\u00e1l es la comida favorita de los ni\u00f1os? \u00bfY la que m\u00e1s odian? \u00bfQu\u00e9 cosas hueles antes de comprar?<br \/>\nPon a prueba tu conexi\u00f3n con el grupo con m\u00e1s de 200 preguntas y recuerda que no se trata de ser m\u00e1s original sino todo lo contrario porque solo puntuar\u00e1s las respuestas que coincidan con el resto de participantes.<br \/>\nContin\u00faa la fiesta con Un\u00e1nimo Party.<\/p>\n","protected":false},"excerpt":{"rendered":"<p>Tras el rotundo \u00e9xito de Un\u00e1nimo, llega Un\u00e1nimo Party con nuevas preguntas que van directas al grano: \u00bfCu\u00e1l es la comida favorita de los ni\u00f1os? \u00bfY la que m\u00e1s odian? \u00bfQu\u00e9 cosas hueles antes de comprar? Pon a prueba tu conexi\u00f3n con el grupo con m\u00e1s de 200 preguntas y recuerda que no se trata [&hellip;]<\/p>\n","protected":false},"featured_media":65543,"template":"","meta":{"_acf_changed":false},"product_brand":[],"product_cat":[1561,2004,1557,1653,1180],"product_tag":[],"class_list":{"0":"post-65547","1":"product","2":"type-product","3":"status-publish","4":"has-post-thumbnail","6":"product_cat-familiar-es","7":"product_cat-party-game-es","8":"product_cat-card-game-es","9":"product_cat-boardgames","10":"product_cat-retail-products-es","12":"first","13":"onbackorder","14":"sale","15":"taxable","16":"shipping-taxable","17":"purchasable","18":"product-type-simple"},"exclude_global_add_ons":[],"addons":[],"acf":[],"_links":{"self":[{"href":"https:\/\/www.customeeple.com\/es\/wp-json\/wp\/v2\/product\/65547","targetHints":{"allow":["GET"]}}],"collection":[{"href":"https:\/\/www.customeeple.com\/es\/wp-json\/wp\/v2\/product"}],"about":[{"href":"https:\/\/www.customeeple.com\/es\/wp-json\/wp\/v2\/types\/product"}],"wp:featuredmedia":[{"embeddable":true,"href":"https:\/\/www.customeeple.com\/es\/wp-json\/wp\/v2\/media\/65543"}],"wp:attachment":[{"href":"https:\/\/www.customeeple.com\/es\/wp-json\/wp\/v2\/media?parent=65547"}],"wp:term":[{"taxonomy":"product_brand","embeddable":true,"href":"https:\/\/www.customeeple.com\/es\/wp-json\/wp\/v2\/product_brand?post=65547"},{"taxonomy":"product_cat","embeddable":true,"href":"https:\/\/www.customeeple.com\/es\/wp-json\/wp\/v2\/product_cat?post=65547"},{"taxonomy":"product_tag","embeddable":true,"href":"https:\/\/www.customeeple.com\/es\/wp-json\/wp\/v2\/product_tag?post=65547"}],"curies":[{"name":"wp","href":"https:\/\/api.w.org\/{rel}","templated":true}]}}