{"id":65546,"date":"2022-11-17T18:00:41","date_gmt":"2022-11-17T17:00:41","guid":{"rendered":"https:\/\/www.customeeple.com\/product\/roll-to-the-top-desafios-especiales\/"},"modified":"2022-11-17T18:00:41","modified_gmt":"2022-11-17T17:00:41","slug":"roll-to-the-top-desafios-especiales","status":"publish","type":"product","link":"https:\/\/www.customeeple.com\/es\/producto\/roll-to-the-top-desafios-especiales\/","title":{"rendered":"Roll To the Top: Desaf\u00edos Especiales (SPA)"},"content":{"rendered":"<p>Aumenta la diversi\u00f3n con\u00a0<strong>Roll To The Top Desaf\u00edos Especiales<\/strong>.<br \/>\nEnfr\u00e9ntate a nuevos recorridos en los que tendr\u00e1s que anotar n\u00fameros crecientes y decrecientes, empezar a diferentes alturas y hasta\u2026 \u00a1dise\u00f1a tu propio recorrido!<\/p>\n<p>Con 6 nuevos desaf\u00edos:<br \/>\n\u2022 CASA CUBO: Casillas de inicio a diferentes alturas.<br \/>\n\u2022 CASA DE MADERA: Casillas de diferentes tama\u00f1os.<br \/>\n\u2022 MONDRIAN: Casillas todav\u00eda m\u00e1s anchas y altas.<br \/>\n\u2022 NUBES: Dise\u00f1a tu propio recorrido.<br \/>\n\u2022 CENTRO HEYDAR: Recorridos que suben y bajan.<br \/>\n\u2022 ECUADOR: Inicio en el centro para jugar hacia arriba y hacia abajo.<\/p>\n<p>\u00a1Atr\u00e9vete a completar todos los desaf\u00edos!<\/p>\n<p>\u00a1EXPANSI\u00d3N! Se necesita el juego b\u00e1sico para jugar.<\/p>\n","protected":false},"excerpt":{"rendered":"<p>Aumenta la diversi\u00f3n con\u00a0Roll To The Top Desaf\u00edos Especiales. Enfr\u00e9ntate a nuevos recorridos en los que tendr\u00e1s que anotar n\u00fameros crecientes y decrecientes, empezar a diferentes alturas y hasta\u2026 \u00a1dise\u00f1a tu propio recorrido! Con 6 nuevos desaf\u00edos: \u2022 CASA CUBO: Casillas de inicio a diferentes alturas. \u2022 CASA DE MADERA: Casillas de diferentes tama\u00f1os. \u2022 [&hellip;]<\/p>\n","protected":false},"featured_media":65539,"template":"","meta":{"_acf_changed":false},"product_brand":[],"product_cat":[1561,2004,1562,1653,1180],"product_tag":[],"class_list":{"0":"post-65546","1":"product","2":"type-product","3":"status-publish","4":"has-post-thumbnail","6":"product_cat-familiar-es","7":"product_cat-party-game-es","8":"product_cat-dice-games-es","9":"product_cat-boardgames","10":"product_cat-retail-products-es","12":"first","13":"onbackorder","14":"sale","15":"taxable","16":"shipping-taxable","17":"purchasable","18":"product-type-simple"},"exclude_global_add_ons":[],"addons":[],"acf":[],"_links":{"self":[{"href":"https:\/\/www.customeeple.com\/es\/wp-json\/wp\/v2\/product\/65546","targetHints":{"allow":["GET"]}}],"collection":[{"href":"https:\/\/www.customeeple.com\/es\/wp-json\/wp\/v2\/product"}],"about":[{"href":"https:\/\/www.customeeple.com\/es\/wp-json\/wp\/v2\/types\/product"}],"wp:featuredmedia":[{"embeddable":true,"href":"https:\/\/www.customeeple.com\/es\/wp-json\/wp\/v2\/media\/65539"}],"wp:attachment":[{"href":"https:\/\/www.customeeple.com\/es\/wp-json\/wp\/v2\/media?parent=65546"}],"wp:term":[{"taxonomy":"product_brand","embeddable":true,"href":"https:\/\/www.customeeple.com\/es\/wp-json\/wp\/v2\/product_brand?post=65546"},{"taxonomy":"product_cat","embeddable":true,"href":"https:\/\/www.customeeple.com\/es\/wp-json\/wp\/v2\/product_cat?post=65546"},{"taxonomy":"product_tag","embeddable":true,"href":"https:\/\/www.customeeple.com\/es\/wp-json\/wp\/v2\/product_tag?post=65546"}],"curies":[{"name":"wp","href":"https:\/\/api.w.org\/{rel}","templated":true}]}}