{"id":65537,"date":"2022-11-17T18:00:32","date_gmt":"2022-11-17T17:00:32","guid":{"rendered":"https:\/\/www.customeeple.com\/product\/gbp-arab-heavy-infantry\/"},"modified":"2022-11-22T12:58:50","modified_gmt":"2022-11-22T11:58:50","slug":"gbp-arab-heavy-infantry","status":"publish","type":"product","link":"https:\/\/www.customeeple.com\/es\/producto\/gbp-arab-heavy-infantry\/","title":{"rendered":"GBP: Arab Heavy Infantry"},"content":{"rendered":"<p><span lang=\"es-ES\">En su interior encontrar\u00e1 piezas para montar 12 caballer\u00edas blindadas finamente detalladas, que luchan con arco o lanza adecuadas para usar en Swordpoint o Saga. La caja tambi\u00e9n contiene piezas extra para construir algunas de tus figuras como trompetistas. La caballer\u00eda pesada \u00e1rabe se puede utilizar para representar las fuerzas de caballer\u00eda blindada de cualquiera de los estados \u00e1rabes de Oriente Medio de los siglos X al XIII. Esculpida por Bob Naismith. Pintado por Darren Linington. Se entrega sin pintar y sin montar. Este producto viene con cuatro bases de 25&#215;50 mm y seis bases de 50&#215;50 mm de Renedra.<\/span><\/p>\n","protected":false},"excerpt":{"rendered":"<p>En su interior encontrar\u00e1 piezas para montar 12 caballer\u00edas blindadas finamente detalladas, que luchan con arco o lanza adecuadas para usar en Swordpoint o Saga. La caja tambi\u00e9n contiene piezas extra para construir algunas de tus figuras como trompetistas. La caballer\u00eda pesada \u00e1rabe se puede utilizar para representar las fuerzas de caballer\u00eda blindada de cualquiera [&hellip;]<\/p>\n","protected":false},"featured_media":65534,"template":"","meta":{"_acf_changed":false},"product_brand":[],"product_cat":[1180,2089,1623],"product_tag":[],"class_list":{"0":"post-65537","1":"product","2":"type-product","3":"status-publish","4":"has-post-thumbnail","6":"product_cat-retail-products-es","7":"product_cat-saga-es","8":"product_cat-wargames-es-2","10":"first","11":"onbackorder","12":"sale","13":"taxable","14":"shipping-taxable","15":"purchasable","16":"product-type-simple"},"exclude_global_add_ons":[],"addons":[],"acf":[],"_links":{"self":[{"href":"https:\/\/www.customeeple.com\/es\/wp-json\/wp\/v2\/product\/65537","targetHints":{"allow":["GET"]}}],"collection":[{"href":"https:\/\/www.customeeple.com\/es\/wp-json\/wp\/v2\/product"}],"about":[{"href":"https:\/\/www.customeeple.com\/es\/wp-json\/wp\/v2\/types\/product"}],"wp:featuredmedia":[{"embeddable":true,"href":"https:\/\/www.customeeple.com\/es\/wp-json\/wp\/v2\/media\/65534"}],"wp:attachment":[{"href":"https:\/\/www.customeeple.com\/es\/wp-json\/wp\/v2\/media?parent=65537"}],"wp:term":[{"taxonomy":"product_brand","embeddable":true,"href":"https:\/\/www.customeeple.com\/es\/wp-json\/wp\/v2\/product_brand?post=65537"},{"taxonomy":"product_cat","embeddable":true,"href":"https:\/\/www.customeeple.com\/es\/wp-json\/wp\/v2\/product_cat?post=65537"},{"taxonomy":"product_tag","embeddable":true,"href":"https:\/\/www.customeeple.com\/es\/wp-json\/wp\/v2\/product_tag?post=65537"}],"curies":[{"name":"wp","href":"https:\/\/api.w.org\/{rel}","templated":true}]}}