{"id":65536,"date":"2022-11-17T17:57:35","date_gmt":"2022-11-17T16:57:35","guid":{"rendered":"https:\/\/www.customeeple.com\/product\/cascadia-spa\/"},"modified":"2024-07-08T19:18:45","modified_gmt":"2024-07-08T18:18:45","slug":"cascadia-spa","status":"publish","type":"product","link":"https:\/\/www.customeeple.com\/es\/producto\/cascadia-spa\/","title":{"rendered":"Cascadia (SPA)"},"content":{"rendered":"<p>El Noroeste del Pac\u00edfico, tambi\u00e9n conocido como Cascadia, es una regi\u00f3n geogr\u00e1fica en Am\u00e9rica del Norte delimitada por el Oc\u00e9ano Pac\u00edfico al oeste y por las Monta\u00f1as Rocosas al este. Aunque no existe una frontera oficial, la concepci\u00f3n m\u00e1s com\u00fan incluye la provincia canadiense de la Columbia Brit\u00e1nica y el territorio del Yuk\u00f3n, as\u00ed como los estados de Idaho, Oreg\u00f3n y Washington en Estados Unidos.<\/p>\n<p>En Cascadia, los jugadores compiten por crear el entorno m\u00e1s diverso del Noroeste del Pac\u00edfico eligiendo losetas de h\u00e1bitat y fichas de fauna salvaje para construir un hermoso mosaico de paisajes. Cada partida de Cascadia presenta combinaciones de objetivos de puntuaci\u00f3n \u00fanicos vinculados a cada una de las cinco especies de fauna.<\/p>\n<p>Mientras organizan la fauna en patrones de puntuaci\u00f3n, los jugadores tambi\u00e9n competir\u00e1n por crear las mayores extensiones de superficies de h\u00e1bitats. A medida que los jugadores construyen sus entornos, deber\u00e1n prestar atenci\u00f3n a los h\u00e1bitats que crean y a la fauna que pueblan, con el objetivo de finalizar con el ecosistema m\u00e1s armonioso de Cascadia.<\/p>\n<p><strong>Contenido:<\/strong><\/p>\n<ul>\n<li>110 Losetas de h\u00e1bitat<\/li>\n<li>5 Losetas de h\u00e1bitat inicial<\/li>\n<li>100 Fichas de fauna salvaje<\/li>\n<li>21 Cartas de puntuaci\u00f3n de fauna salvaje<\/li>\n<li>25 Fichas de naturaleza<\/li>\n<li>1 Bolsa de tela<\/li>\n<li>1 Cuaderno de puntuaci\u00f3n<\/li>\n<li>1 Reglamento<\/li>\n<\/ul>\n<p><strong><a class=\"btn btn-default\" href=\"https:\/\/boardgamegeek.com\/boardgame\/295947\/cascadia\" target=\"_blank\" rel=\"noreferrer noopener\">ENLACE A LA BGG<\/a><\/strong><\/p>\n","protected":false},"excerpt":{"rendered":"<p>El Noroeste del Pac\u00edfico, tambi\u00e9n conocido como Cascadia, es una regi\u00f3n geogr\u00e1fica en Am\u00e9rica del Norte delimitada por el Oc\u00e9ano Pac\u00edfico al oeste y por las Monta\u00f1as Rocosas al este. Aunque no existe una frontera oficial, la concepci\u00f3n m\u00e1s com\u00fan incluye la provincia canadiense de la Columbia Brit\u00e1nica y el territorio del Yuk\u00f3n, as\u00ed como [&hellip;]<\/p>\n","protected":false},"featured_media":65532,"template":"","meta":{"_acf_changed":false},"product_brand":[],"product_cat":[1561,1653,1180],"product_tag":[],"class_list":{"0":"post-65536","1":"product","2":"type-product","3":"status-publish","4":"has-post-thumbnail","6":"product_cat-familiar-es","7":"product_cat-boardgames","8":"product_cat-retail-products-es","10":"first","11":"instock","12":"sale","13":"taxable","14":"shipping-taxable","15":"purchasable","16":"product-type-simple"},"exclude_global_add_ons":[],"addons":[],"acf":[],"_links":{"self":[{"href":"https:\/\/www.customeeple.com\/es\/wp-json\/wp\/v2\/product\/65536","targetHints":{"allow":["GET"]}}],"collection":[{"href":"https:\/\/www.customeeple.com\/es\/wp-json\/wp\/v2\/product"}],"about":[{"href":"https:\/\/www.customeeple.com\/es\/wp-json\/wp\/v2\/types\/product"}],"wp:featuredmedia":[{"embeddable":true,"href":"https:\/\/www.customeeple.com\/es\/wp-json\/wp\/v2\/media\/65532"}],"wp:attachment":[{"href":"https:\/\/www.customeeple.com\/es\/wp-json\/wp\/v2\/media?parent=65536"}],"wp:term":[{"taxonomy":"product_brand","embeddable":true,"href":"https:\/\/www.customeeple.com\/es\/wp-json\/wp\/v2\/product_brand?post=65536"},{"taxonomy":"product_cat","embeddable":true,"href":"https:\/\/www.customeeple.com\/es\/wp-json\/wp\/v2\/product_cat?post=65536"},{"taxonomy":"product_tag","embeddable":true,"href":"https:\/\/www.customeeple.com\/es\/wp-json\/wp\/v2\/product_tag?post=65536"}],"curies":[{"name":"wp","href":"https:\/\/api.w.org\/{rel}","templated":true}]}}