{"id":65535,"date":"2022-11-17T17:53:42","date_gmt":"2022-11-17T16:53:42","guid":{"rendered":"https:\/\/www.customeeple.com\/product\/viticulture-edicion-esencial\/"},"modified":"2022-11-17T17:53:42","modified_gmt":"2022-11-17T16:53:42","slug":"viticulture-edicion-esencial","status":"publish","type":"product","link":"https:\/\/www.customeeple.com\/es\/producto\/viticulture-edicion-esencial\/","title":{"rendered":"Viticulture (Edici\u00f3n Esencial)"},"content":{"rendered":"<p>La Toscana espera tu habilidad para elaborar vino y tu astucia estrat\u00e9gica. Plantaras vides, cosechar\u00e1s la uva, envejecer\u00e1s los vinos y cumplir\u00e1s los pedidos de los comerciantes para crear la mejor\u00a0bodega de Italia<\/p>\n<p>Viticulture es un juego estrat\u00e9gico de colocaci\u00f3n de trabajadores que\u00a0permite a los jugadores crear su propio vi\u00f1edo en la Toscana en cualquier\u00a0lugar donde pueda encontrarse una mesa y un amigo.<\/p>\n<p>Viticulture Essential Edition es una version mas robusta\u00a0que combina la segunda edici\u00f3n del\u00a0Viticulture con algunos elementos de la expansi\u00f3n\u00a0Tuscany. En la edici\u00f3n de este juego ha colaborado el dise\u00f1ador\u00a0Uwe Rosenberg (Agricola, Caverna, Bohnanza, etc).<\/p>\n<p><strong>Autor:<\/strong>\u00a0Morten Monrad Pedersen,\u00a0Jamey Stegmaier,\u00a0Alan Stone<\/p>\n<p><strong>A\u00f1o:<\/strong>\u00a02015<\/p>\n<p><strong>Jugadores:<\/strong>\u00a01-6<\/p>\n<p><strong>Duraci\u00f3n:\u00a0<\/strong>45-90 minutos<\/p>\n<p><a class=\"btn btn-default\" href=\"https:\/\/boardgamegeek.com\/boardgame\/183394\/viticulture-essential-edition\" target=\"_blank\" rel=\"noreferrer noopener\">Enlace a la BGG<\/a><\/p>\n","protected":false},"excerpt":{"rendered":"<p>La Toscana espera tu habilidad para elaborar vino y tu astucia estrat\u00e9gica. Plantaras vides, cosechar\u00e1s la uva, envejecer\u00e1s los vinos y cumplir\u00e1s los pedidos de los comerciantes para crear la mejor\u00a0bodega de Italia Viticulture es un juego estrat\u00e9gico de colocaci\u00f3n de trabajadores que\u00a0permite a los jugadores crear su propio vi\u00f1edo en la Toscana en cualquier\u00a0lugar [&hellip;]<\/p>\n","protected":false},"featured_media":65530,"template":"","meta":{"_acf_changed":false},"product_brand":[],"product_cat":[1653,1180],"product_tag":[],"class_list":{"0":"post-65535","1":"product","2":"type-product","3":"status-publish","4":"has-post-thumbnail","6":"product_cat-boardgames","7":"product_cat-retail-products-es","9":"first","10":"onbackorder","11":"sale","12":"taxable","13":"shipping-taxable","14":"purchasable","15":"product-type-simple"},"exclude_global_add_ons":[],"addons":[],"acf":[],"_links":{"self":[{"href":"https:\/\/www.customeeple.com\/es\/wp-json\/wp\/v2\/product\/65535","targetHints":{"allow":["GET"]}}],"collection":[{"href":"https:\/\/www.customeeple.com\/es\/wp-json\/wp\/v2\/product"}],"about":[{"href":"https:\/\/www.customeeple.com\/es\/wp-json\/wp\/v2\/types\/product"}],"wp:featuredmedia":[{"embeddable":true,"href":"https:\/\/www.customeeple.com\/es\/wp-json\/wp\/v2\/media\/65530"}],"wp:attachment":[{"href":"https:\/\/www.customeeple.com\/es\/wp-json\/wp\/v2\/media?parent=65535"}],"wp:term":[{"taxonomy":"product_brand","embeddable":true,"href":"https:\/\/www.customeeple.com\/es\/wp-json\/wp\/v2\/product_brand?post=65535"},{"taxonomy":"product_cat","embeddable":true,"href":"https:\/\/www.customeeple.com\/es\/wp-json\/wp\/v2\/product_cat?post=65535"},{"taxonomy":"product_tag","embeddable":true,"href":"https:\/\/www.customeeple.com\/es\/wp-json\/wp\/v2\/product_tag?post=65535"}],"curies":[{"name":"wp","href":"https:\/\/api.w.org\/{rel}","templated":true}]}}