{"id":65512,"date":"2022-11-09T20:43:03","date_gmt":"2022-11-09T19:43:03","guid":{"rendered":"https:\/\/www.customeeple.com\/product\/splendor-duel\/"},"modified":"2024-08-30T12:29:33","modified_gmt":"2024-08-30T11:29:33","slug":"splendor-duel","status":"publish","type":"product","link":"https:\/\/www.customeeple.com\/es\/producto\/splendor-duel\/","title":{"rendered":"Splendor Duel (SPA)"},"content":{"rendered":"<p>Enfr\u00e9ntate a tu gremio rival en una carrera por la victoria.<br \/>\nToma fichas de Gema y de Perla del tablero com\u00fan y, a continuaci\u00f3n, compra cartas y acumula bonificaciones, favores reales y Prestigio.<br \/>\nDescubre nuevas formas de jugar y oportunidades estrat\u00e9gicas derivadas de Splendor, el juego original superventas.<br \/>\nCompra cartas que conceden asombrosas capacidades, aprov\u00e9chate de los favores reales y pugna por hacerte con algunas de las escasas perlas.<\/p>\n<p><strong>CONTENIDO<\/strong><br \/>\n1 tarjeta de victoria, 67 cartas de Joya, 1 bolsa, 3 pergaminos de Privilegio, 1 tablero, 25 fichas, 4 cartas de la Realeza, 1 reglamento.<\/p>\n","protected":false},"excerpt":{"rendered":"<p>Enfr\u00e9ntate a tu gremio rival en una carrera por la victoria. Toma fichas de Gema y de Perla del tablero com\u00fan y, a continuaci\u00f3n, compra cartas y acumula bonificaciones, favores reales y Prestigio. Descubre nuevas formas de jugar y oportunidades estrat\u00e9gicas derivadas de Splendor, el juego original superventas. Compra cartas que conceden asombrosas capacidades, aprov\u00e9chate [&hellip;]<\/p>\n","protected":false},"featured_media":65498,"template":"","meta":{"_acf_changed":false},"product_brand":[],"product_cat":[1653,1180],"product_tag":[],"class_list":{"0":"post-65512","1":"product","2":"type-product","3":"status-publish","4":"has-post-thumbnail","6":"product_cat-boardgames","7":"product_cat-retail-products-es","9":"first","10":"onbackorder","11":"sale","12":"taxable","13":"shipping-taxable","14":"purchasable","15":"product-type-simple"},"exclude_global_add_ons":[],"addons":[],"acf":[],"_links":{"self":[{"href":"https:\/\/www.customeeple.com\/es\/wp-json\/wp\/v2\/product\/65512","targetHints":{"allow":["GET"]}}],"collection":[{"href":"https:\/\/www.customeeple.com\/es\/wp-json\/wp\/v2\/product"}],"about":[{"href":"https:\/\/www.customeeple.com\/es\/wp-json\/wp\/v2\/types\/product"}],"wp:featuredmedia":[{"embeddable":true,"href":"https:\/\/www.customeeple.com\/es\/wp-json\/wp\/v2\/media\/65498"}],"wp:attachment":[{"href":"https:\/\/www.customeeple.com\/es\/wp-json\/wp\/v2\/media?parent=65512"}],"wp:term":[{"taxonomy":"product_brand","embeddable":true,"href":"https:\/\/www.customeeple.com\/es\/wp-json\/wp\/v2\/product_brand?post=65512"},{"taxonomy":"product_cat","embeddable":true,"href":"https:\/\/www.customeeple.com\/es\/wp-json\/wp\/v2\/product_cat?post=65512"},{"taxonomy":"product_tag","embeddable":true,"href":"https:\/\/www.customeeple.com\/es\/wp-json\/wp\/v2\/product_tag?post=65512"}],"curies":[{"name":"wp","href":"https:\/\/api.w.org\/{rel}","templated":true}]}}