{"id":65509,"date":"2022-11-09T20:37:56","date_gmt":"2022-11-09T19:37:56","guid":{"rendered":"https:\/\/www.customeeple.com\/product\/eh-las-mascaras-de-nyarlathotep\/"},"modified":"2022-11-09T20:37:56","modified_gmt":"2022-11-09T19:37:56","slug":"eh-las-mascaras-de-nyarlathotep","status":"publish","type":"product","link":"https:\/\/www.customeeple.com\/es\/producto\/eh-las-mascaras-de-nyarlathotep\/","title":{"rendered":"EH: Las m\u00e1scaras de Nyarlathotep (SPA)"},"content":{"rendered":"<p>El Dios de las Mil Formas Sectas que aparentemente no tienen ninguna relaci\u00f3n y que manten\u00edan una actividad reducida han puesto en marcha un plan que trae la perdici\u00f3n a la humanidad. Trabajan por todo el mundo con un \u00fanico prop\u00f3sito: abrir el Gran Portal y provocar la ca\u00edda de la raza humana. \u00bfQu\u00e9 fuerza maligna podr\u00eda haber unido estas organizaciones tan dispares hasta el momento? Y m\u00e1s importante a\u00fan&#8230; \u00bfEs posible detenerlas? La expansi\u00f3n Las m\u00e1scaras de Nyarlathotep env\u00eda a los investigadores contra el Caos Reptante en una batalla por el alma de la humanidad. En este homenaje aventurero a una de las mejores campa\u00f1as de rol de todos los tiempos, siete nuevos e intr\u00e9pidos investigadores se unen a una misi\u00f3n en la que se ver\u00e1n forjados por el fuego del destino o consumidos por \u00e9l. Las m\u00e1scaras de Nyarlathotep presenta Historias personales espec\u00edficas de cada investigador, las acciones de concentrarse y obtener Recursos y una gran variedad de Apoyos, Hechizos y Artefactos adicionales para Eldritch Horror. Esta expansi\u00f3n proporciona a los investigadores todo lo que necesitan para medirse con sus dos nuevos Primigenios, as\u00ed como para afrontar el nuevo modo de campa\u00f1a. \u00a1El Se\u00f1or de Kadath despierta!<\/p>\n","protected":false},"excerpt":{"rendered":"<p>El Dios de las Mil Formas Sectas que aparentemente no tienen ninguna relaci\u00f3n y que manten\u00edan una actividad reducida han puesto en marcha un plan que trae la perdici\u00f3n a la humanidad. Trabajan por todo el mundo con un \u00fanico prop\u00f3sito: abrir el Gran Portal y provocar la ca\u00edda de la raza humana. \u00bfQu\u00e9 fuerza [&hellip;]<\/p>\n","protected":false},"featured_media":65494,"template":"","meta":{"_acf_changed":false},"product_brand":[],"product_cat":[2003,1653,1180],"product_tag":[],"class_list":{"0":"post-65509","1":"product","2":"type-product","3":"status-publish","4":"has-post-thumbnail","6":"product_cat-cooperative-es","7":"product_cat-boardgames","8":"product_cat-retail-products-es","10":"first","11":"onbackorder","12":"sale","13":"taxable","14":"shipping-taxable","15":"purchasable","16":"product-type-simple"},"exclude_global_add_ons":[],"addons":[],"acf":[],"_links":{"self":[{"href":"https:\/\/www.customeeple.com\/es\/wp-json\/wp\/v2\/product\/65509","targetHints":{"allow":["GET"]}}],"collection":[{"href":"https:\/\/www.customeeple.com\/es\/wp-json\/wp\/v2\/product"}],"about":[{"href":"https:\/\/www.customeeple.com\/es\/wp-json\/wp\/v2\/types\/product"}],"wp:featuredmedia":[{"embeddable":true,"href":"https:\/\/www.customeeple.com\/es\/wp-json\/wp\/v2\/media\/65494"}],"wp:attachment":[{"href":"https:\/\/www.customeeple.com\/es\/wp-json\/wp\/v2\/media?parent=65509"}],"wp:term":[{"taxonomy":"product_brand","embeddable":true,"href":"https:\/\/www.customeeple.com\/es\/wp-json\/wp\/v2\/product_brand?post=65509"},{"taxonomy":"product_cat","embeddable":true,"href":"https:\/\/www.customeeple.com\/es\/wp-json\/wp\/v2\/product_cat?post=65509"},{"taxonomy":"product_tag","embeddable":true,"href":"https:\/\/www.customeeple.com\/es\/wp-json\/wp\/v2\/product_tag?post=65509"}],"curies":[{"name":"wp","href":"https:\/\/api.w.org\/{rel}","templated":true}]}}