{"id":65508,"date":"2022-11-09T20:36:44","date_gmt":"2022-11-09T19:36:44","guid":{"rendered":"https:\/\/www.customeeple.com\/product\/eldritch-horror-las-tierras-del-sueno\/"},"modified":"2022-11-09T20:36:44","modified_gmt":"2022-11-09T19:36:44","slug":"eldritch-horror-las-tierras-del-sueno","status":"publish","type":"product","link":"https:\/\/www.customeeple.com\/es\/producto\/eldritch-horror-las-tierras-del-sueno\/","title":{"rendered":"Eldritch Horror: Las tierras del sue\u00f1o (SPA)"},"content":{"rendered":"<p>Hace meses que viste la ciudad de la puesta de sol en un sue\u00f1o, altos minaretes y c\u00fapulas, acariciados por la sombra y la luz rojiza del gentil orbe de fuego en permanente puesta a las afueras de la ciudad. Desde entonces, has\u00a0cruzado la frontera cada noche, buscando la ciudad, esperando poder hollarla. Has visto incomparables maravillas: los gatos sagrados de Ulthar y la ciudad turquesa de Celepha\u00efs sobre las laderas del Monte Aran. Casi has abandonado tu vida de contemplaci\u00f3n, comiendo cada vez menos, pasando m\u00e1s y m\u00e1s tiempo dormido. Pero esta noche es diferente. Aqu\u00ed, el plateado horizonte, delgado como el filo de un cuchillo,\u00a0entre la vigilia y el sue\u00f1o, las naves negras de la luna te han dado alcance. Desciende a un mundo de sue\u00f1os y esplendor\u00a0con Las Tierras del Sue\u00f1o, la \u00faltima expansi\u00f3n de Eldritch Horror. Por primera vez podr\u00e1s caminar sobre la hierba de dulce olor del Bosque Encantado, viajar al Inframundo, o navegar m\u00e1s all\u00e1 del borde del mundo y viajar a la luna. Esta expansi\u00f3n presenta un nuevo tablero, mostrando las et\u00e9reas y m\u00edsticas tierras del sue\u00f1o. A medida que el reino de los sue\u00f1os se filtra a nuestro mundo, encontrar\u00e1s 8 nuevos investigadores unidos contras dos insidiosos primigenios: Atlach-Nacha el Tejesue\u00f1os\u00a0e Hipnos, El se\u00f1or del sue\u00f1o. Con un gran n\u00famero de nuevos hechizos, condiciones, aventuras, cartas de mitos y encuentros para todas las localizaciones, Las Tierras del Sue\u00f1o\u00a0te ofrece aventuras inimaginables por nadie en el mundo de los despiertos.<\/p>\n","protected":false},"excerpt":{"rendered":"<p>Hace meses que viste la ciudad de la puesta de sol en un sue\u00f1o, altos minaretes y c\u00fapulas, acariciados por la sombra y la luz rojiza del gentil orbe de fuego en permanente puesta a las afueras de la ciudad. Desde entonces, has\u00a0cruzado la frontera cada noche, buscando la ciudad, esperando poder hollarla. Has visto [&hellip;]<\/p>\n","protected":false},"featured_media":65496,"template":"","meta":{"_acf_changed":false},"product_brand":[],"product_cat":[2003,1653,1180],"product_tag":[],"class_list":{"0":"post-65508","1":"product","2":"type-product","3":"status-publish","4":"has-post-thumbnail","6":"product_cat-cooperative-es","7":"product_cat-boardgames","8":"product_cat-retail-products-es","10":"first","11":"onbackorder","12":"sale","13":"taxable","14":"shipping-taxable","15":"purchasable","16":"product-type-simple"},"exclude_global_add_ons":[],"addons":[],"acf":[],"_links":{"self":[{"href":"https:\/\/www.customeeple.com\/es\/wp-json\/wp\/v2\/product\/65508","targetHints":{"allow":["GET"]}}],"collection":[{"href":"https:\/\/www.customeeple.com\/es\/wp-json\/wp\/v2\/product"}],"about":[{"href":"https:\/\/www.customeeple.com\/es\/wp-json\/wp\/v2\/types\/product"}],"wp:featuredmedia":[{"embeddable":true,"href":"https:\/\/www.customeeple.com\/es\/wp-json\/wp\/v2\/media\/65496"}],"wp:attachment":[{"href":"https:\/\/www.customeeple.com\/es\/wp-json\/wp\/v2\/media?parent=65508"}],"wp:term":[{"taxonomy":"product_brand","embeddable":true,"href":"https:\/\/www.customeeple.com\/es\/wp-json\/wp\/v2\/product_brand?post=65508"},{"taxonomy":"product_cat","embeddable":true,"href":"https:\/\/www.customeeple.com\/es\/wp-json\/wp\/v2\/product_cat?post=65508"},{"taxonomy":"product_tag","embeddable":true,"href":"https:\/\/www.customeeple.com\/es\/wp-json\/wp\/v2\/product_tag?post=65508"}],"curies":[{"name":"wp","href":"https:\/\/api.w.org\/{rel}","templated":true}]}}