{"id":65470,"date":"2022-11-05T10:38:52","date_gmt":"2022-11-05T09:38:52","guid":{"rendered":"https:\/\/www.customeeple.com\/product\/leagues-of-votann-einhyr-heartguard\/"},"modified":"2024-07-12T00:00:02","modified_gmt":"2024-07-11T23:00:02","slug":"leagues-of-votann-einhyr-heartguard","status":"publish","type":"product","link":"https:\/\/www.customeeple.com\/es\/producto\/leagues-of-votann-einhyr-heartguard\/","title":{"rendered":"Leagues of Votann: Guardamoradas Einhyr"},"content":{"rendered":"<p>Ataviados con una exoarmadura formidable y equipados con una temible variedad de armamento, los Guardamoradas Einhyr son una fuerza a tener en cuenta. Ya sea formando guardaespaldas alrededor de los h\u00e9roes de su cuadrilla compromisaria o atacando profundamente en el coraz\u00f3n del territorio enemigo, son casi imparables al ataque y casi inamovibles en defensa.<\/p>\n<p>Con este kit de pl\u00e1stico multicomponente puedes montar cinco Guardamoradas Einhyr, un grupo de \u00e9lite equipado con las mejores armaduras y armas disponibles. Su voluminosa exoarmadura grabada con runas les permite resistir el fuego enemigo concentrado e incorpora un lanzagranadas montado en el hombro. Cada miniatura se puede montar con una selecci\u00f3n de armas a distancia y cuerpo a cuerpo: una pistola de plasma EtaCarn o un desintegrador de volkanita para disparar a distancia, y un guantelete de conmoci\u00f3n o un guantelete de espada de plasma para el combate cuerpo a cuerpo. El kit incluye 19 cabezas intercambiables: 12 cabezas descubiertas, cinco cascos y dos cascos con viseras abiertas. Una miniatura tambi\u00e9n se puede montar como un l\u00edder Hesyr, equipado con un martillo de conmoci\u00f3n y una selecci\u00f3n de dos crestas diferentes.<\/p>\n<p>Este set consta de 117 piezas de pl\u00e1stico y se suministra con 5 peanas redondas Citadel de 32 mm y una hoja de calcoman\u00edas de las Ligas de los Votann con 555 calcoman\u00edas, runas y marcas para las ligas m\u00e1s prominentes. Estas miniaturas se suministran sin pintar y requieren montaje; recomendamos usar pegamento para pl\u00e1stico Citadel y pinturas Citadel Colour.<\/p>\n","protected":false},"excerpt":{"rendered":"<p>Ataviados con una exoarmadura formidable y equipados con una temible variedad de armamento, los Guardamoradas Einhyr son una fuerza a tener en cuenta. Ya sea formando guardaespaldas alrededor de los h\u00e9roes de su cuadrilla compromisaria o atacando profundamente en el coraz\u00f3n del territorio enemigo, son casi imparables al ataque y casi inamovibles en defensa. Con [&hellip;]<\/p>\n","protected":false},"featured_media":65465,"template":"","meta":{"_acf_changed":false},"product_brand":[],"product_cat":[1177,1180,1623,1229],"product_tag":[],"class_list":{"0":"post-65470","1":"product","2":"type-product","3":"status-publish","4":"has-post-thumbnail","6":"product_cat-games-workshop-es","7":"product_cat-retail-products-es","8":"product_cat-wargames-es-2","9":"product_cat-warhammer-40k-es","11":"first","12":"onbackorder","13":"sale","14":"taxable","15":"shipping-taxable","16":"purchasable","17":"product-type-simple"},"exclude_global_add_ons":[],"addons":[],"acf":[],"_links":{"self":[{"href":"https:\/\/www.customeeple.com\/es\/wp-json\/wp\/v2\/product\/65470","targetHints":{"allow":["GET"]}}],"collection":[{"href":"https:\/\/www.customeeple.com\/es\/wp-json\/wp\/v2\/product"}],"about":[{"href":"https:\/\/www.customeeple.com\/es\/wp-json\/wp\/v2\/types\/product"}],"wp:featuredmedia":[{"embeddable":true,"href":"https:\/\/www.customeeple.com\/es\/wp-json\/wp\/v2\/media\/65465"}],"wp:attachment":[{"href":"https:\/\/www.customeeple.com\/es\/wp-json\/wp\/v2\/media?parent=65470"}],"wp:term":[{"taxonomy":"product_brand","embeddable":true,"href":"https:\/\/www.customeeple.com\/es\/wp-json\/wp\/v2\/product_brand?post=65470"},{"taxonomy":"product_cat","embeddable":true,"href":"https:\/\/www.customeeple.com\/es\/wp-json\/wp\/v2\/product_cat?post=65470"},{"taxonomy":"product_tag","embeddable":true,"href":"https:\/\/www.customeeple.com\/es\/wp-json\/wp\/v2\/product_tag?post=65470"}],"curies":[{"name":"wp","href":"https:\/\/api.w.org\/{rel}","templated":true}]}}