{"id":65469,"date":"2022-11-05T10:39:02","date_gmt":"2022-11-05T09:39:02","guid":{"rendered":"https:\/\/www.customeeple.com\/product\/leagues-of-votann-combat-patrol\/"},"modified":"2023-11-23T00:00:22","modified_gmt":"2023-11-22T23:00:22","slug":"leagues-of-votann-combat-patrol","status":"publish","type":"product","link":"https:\/\/www.customeeple.com\/es\/producto\/leagues-of-votann-combat-patrol\/","title":{"rendered":"Leagues of Votann: Patrulla de combate"},"content":{"rendered":"<p>Los miembros de la Familia son una raza clon de guerreros resistentes y pragm\u00e1ticos, que juntos forman las antiguas Ligas de los Votann. Con la sabidur\u00eda y el prop\u00f3sito de sus antiguos N\u00facleos Ancestrales, armados y blindados por los fuertes pistones de la forja, recorren la galaxia en busca de los recursos para expandir sus obras y vencer a cualquier enemigo. Los Pioneros Hernkyn recorren el campo de batalla en motos magnarra\u00edles, explorando un camino para valientes Guerreros Hearthkyn y Beserkers Cthonianos mejorados para asegurar sus objetivos, guiados por K\u00e2hls probados en batalla como el legendario \u00dbthar el Destinado.<\/p>\n<p>Para aquellos que quieren defender el honor de los Ancestros y reclamar valiosas adquisiciones, esta caja es un comienzo ideal para una colecci\u00f3n de Ligas de los Votann, o la forma perfecta de reforzar un ej\u00e9rcito existente. Las unidades que contiene han sido elegidas para proporcionar un n\u00facleo equilibrado y contundente para cualquier ej\u00e9rcito, ideal para partidas del tama\u00f1o de una Patrulla (miniaturas con un valor de aproximadamente 25 de potencia) y te ahorrar\u00e1s dinero en comparaci\u00f3n con la compra de los kits por separado.<\/p>\n<p><strong>Esta caja incluye los siguientes modelos de pl\u00e1stico multicomponente:<\/strong><br \/>\n\u2013 1x \u00dbthar el Destinado, que tambi\u00e9n se puede montar como K\u00e2hl<br \/>\n\u2013 5x Beserkes Cthonianos (incluido uno con lanzagranadas tunelador y 2 miniaturas de granadas tuneladoras)<br \/>\n\u2013 3x Pioneros de Hernkyn<br \/>\n\u2013 10x Guerreros Hearthkyn<br \/>\n\u2013 1 hoja de calcoman\u00edas de las Ligas de Votann, que contiene 555 calcoman\u00edas<\/p>\n<p>Todas las miniaturas se suministran con sus peanas correspondientes. Estas miniaturas se suministran sin pintar y requieren montaje; recomendamos usar pegamento para pl\u00e1stico Citadel y pinturas Citadel Colour.<\/p>\n<p>El terreno utilizado en las im\u00e1genes de esta p\u00e1gina es solo para fines ilustrativos y no est\u00e1 incluido.<\/p>\n","protected":false},"excerpt":{"rendered":"<p>Los miembros de la Familia son una raza clon de guerreros resistentes y pragm\u00e1ticos, que juntos forman las antiguas Ligas de los Votann. Con la sabidur\u00eda y el prop\u00f3sito de sus antiguos N\u00facleos Ancestrales, armados y blindados por los fuertes pistones de la forja, recorren la galaxia en busca de los recursos para expandir sus [&hellip;]<\/p>\n","protected":false},"featured_media":65463,"template":"","meta":{"_acf_changed":false},"product_brand":[],"product_cat":[1177,1180,1623,1229],"product_tag":[],"class_list":{"0":"post-65469","1":"product","2":"type-product","3":"status-publish","4":"has-post-thumbnail","6":"product_cat-games-workshop-es","7":"product_cat-retail-products-es","8":"product_cat-wargames-es-2","9":"product_cat-warhammer-40k-es","11":"first","12":"onbackorder","13":"sale","14":"taxable","15":"shipping-taxable","16":"purchasable","17":"product-type-simple"},"exclude_global_add_ons":[],"addons":[],"acf":[],"_links":{"self":[{"href":"https:\/\/www.customeeple.com\/es\/wp-json\/wp\/v2\/product\/65469","targetHints":{"allow":["GET"]}}],"collection":[{"href":"https:\/\/www.customeeple.com\/es\/wp-json\/wp\/v2\/product"}],"about":[{"href":"https:\/\/www.customeeple.com\/es\/wp-json\/wp\/v2\/types\/product"}],"wp:featuredmedia":[{"embeddable":true,"href":"https:\/\/www.customeeple.com\/es\/wp-json\/wp\/v2\/media\/65463"}],"wp:attachment":[{"href":"https:\/\/www.customeeple.com\/es\/wp-json\/wp\/v2\/media?parent=65469"}],"wp:term":[{"taxonomy":"product_brand","embeddable":true,"href":"https:\/\/www.customeeple.com\/es\/wp-json\/wp\/v2\/product_brand?post=65469"},{"taxonomy":"product_cat","embeddable":true,"href":"https:\/\/www.customeeple.com\/es\/wp-json\/wp\/v2\/product_cat?post=65469"},{"taxonomy":"product_tag","embeddable":true,"href":"https:\/\/www.customeeple.com\/es\/wp-json\/wp\/v2\/product_tag?post=65469"}],"curies":[{"name":"wp","href":"https:\/\/api.w.org\/{rel}","templated":true}]}}