{"id":65468,"date":"2022-11-05T10:38:33","date_gmt":"2022-11-05T09:38:33","guid":{"rendered":"https:\/\/www.customeeple.com\/product\/leagues-of-votann-grimnyr\/"},"modified":"2026-03-26T11:55:06","modified_gmt":"2026-03-26T10:55:06","slug":"leagues-of-votann-grimnyr","status":"publish","type":"product","link":"https:\/\/www.customeeple.com\/es\/producto\/leagues-of-votann-grimnyr\/","title":{"rendered":"Leagues Of Votann: Grimnyr"},"content":{"rendered":"<p>Los Grimnyr, tambi\u00e9n conocidos como Ancestros Vivientes, conocen la sabidur\u00eda de los Votann y son el an\u00e1logo m\u00e1s cercano a los sacerdotes entre las Ligas seculares de los Votann. Dise\u00f1ados con una clonestructura ps\u00edquicamente activa que les permite activar tecnolog\u00eda de barrera, como b\u00e1culos ancestrales y A.U.X. que concentran energ\u00eda, estos miembros de la Familia pueden despertar la furia del inmaterium contra sus enemigos.<\/p>\n<p>Este kit de pl\u00e1stico multicomponente incluye a Grimnyr, un poderoso y astuto ps\u00edquico acompa\u00f1ado de dos A.U.X. Envuelta en t\u00fanicas ceremoniales decoradas y protegida por su escudo de protecci\u00f3n con cabeza de p\u00e1jaro, esta figura cham\u00e1nica empu\u00f1a un bast\u00f3n de protecci\u00f3n ancestral coronado con un rostro de los Votann. El kit incluye una selecci\u00f3n de dos cabezas: una con barba y capucha misteriosa y la otra con trenzas sueltas. Los A.U.X. marcados con runas que acompa\u00f1an a los Grimnyr en la batalla brindan apoyo de fuego con b\u00f3lteres modelo Autoch, pero tambi\u00e9n act\u00faan como conductos para protegerlos de peligrosas oleadas de poder emp\u00edreo.<\/p>\n<p>Este kit consta de 18 piezas de pl\u00e1stico y se suministra con 1 peana redonda Citadel de 40 mm y 2 peanas redondas Citadel de 25 mm con soportes de voladores. Estas miniaturas se suministran sin pintar y requieren montaje; recomendamos usar pegamento para pl\u00e1stico Citadel y pinturas Citadel Colour.<\/p>\n","protected":false},"excerpt":{"rendered":"<p>Los Grimnyr, tambi\u00e9n conocidos como Ancestros Vivientes, conocen la sabidur\u00eda de los Votann y son el an\u00e1logo m\u00e1s cercano a los sacerdotes entre las Ligas seculares de los Votann. Dise\u00f1ados con una clonestructura ps\u00edquicamente activa que les permite activar tecnolog\u00eda de barrera, como b\u00e1culos ancestrales y A.U.X. que concentran energ\u00eda, estos miembros de la Familia [&hellip;]<\/p>\n","protected":false},"featured_media":65461,"template":"","meta":{"_acf_changed":false},"product_brand":[],"product_cat":[1177,1180,1623,1229],"product_tag":[],"class_list":{"0":"post-65468","1":"product","2":"type-product","3":"status-publish","4":"has-post-thumbnail","6":"product_cat-games-workshop-es","7":"product_cat-retail-products-es","8":"product_cat-wargames-es-2","9":"product_cat-warhammer-40k-es","11":"first","12":"onbackorder","13":"sale","14":"taxable","15":"shipping-taxable","16":"purchasable","17":"product-type-simple"},"exclude_global_add_ons":[],"addons":[],"acf":[],"_links":{"self":[{"href":"https:\/\/www.customeeple.com\/es\/wp-json\/wp\/v2\/product\/65468","targetHints":{"allow":["GET"]}}],"collection":[{"href":"https:\/\/www.customeeple.com\/es\/wp-json\/wp\/v2\/product"}],"about":[{"href":"https:\/\/www.customeeple.com\/es\/wp-json\/wp\/v2\/types\/product"}],"wp:featuredmedia":[{"embeddable":true,"href":"https:\/\/www.customeeple.com\/es\/wp-json\/wp\/v2\/media\/65461"}],"wp:attachment":[{"href":"https:\/\/www.customeeple.com\/es\/wp-json\/wp\/v2\/media?parent=65468"}],"wp:term":[{"taxonomy":"product_brand","embeddable":true,"href":"https:\/\/www.customeeple.com\/es\/wp-json\/wp\/v2\/product_brand?post=65468"},{"taxonomy":"product_cat","embeddable":true,"href":"https:\/\/www.customeeple.com\/es\/wp-json\/wp\/v2\/product_cat?post=65468"},{"taxonomy":"product_tag","embeddable":true,"href":"https:\/\/www.customeeple.com\/es\/wp-json\/wp\/v2\/product_tag?post=65468"}],"curies":[{"name":"wp","href":"https:\/\/api.w.org\/{rel}","templated":true}]}}