{"id":65467,"date":"2022-11-05T10:38:42","date_gmt":"2022-11-05T09:38:42","guid":{"rendered":"https:\/\/www.customeeple.com\/product\/leagues-of-votann-brokhyr-iron-master\/"},"modified":"2026-03-26T11:55:06","modified_gmt":"2026-03-26T10:55:06","slug":"leagues-of-votann-brokhyr-iron-master","status":"publish","type":"product","link":"https:\/\/www.customeeple.com\/es\/producto\/leagues-of-votann-brokhyr-iron-master\/","title":{"rendered":"Leagues of Votann: Ferromaestro Br\u00f4khyr"},"content":{"rendered":"<p>Los Br\u00f4khyrs son los ingenieros y artesanos de las Ligas. Entre ellos, los Ferromaestros son los m\u00e1s excelsos. En la batalla, asumen la responsabilidad de mantener los ingenios de guerra da\u00f1ados, a menudo asistidos por cuadrillas de reparaci\u00f3n Ferrofamilia y R.O.B.O.T. Estos veteranos Br\u00f4khyrs tambi\u00e9n llevan sus creaciones m\u00e1s poderosas a la guerra y se deleitan lanz\u00e1ndolas contra el enemigo con sus propias manos.<\/p>\n<p>Este kit de piezas de pl\u00e1stico monta un Ferromaestro Br\u00f4khyr, un ingeniero de campo de alto r\u00e1nking con cuadrilla acompa\u00f1ante. Armado con un rifle y martillo de gravitones de factura propia, su habilidad tecnol\u00f3gica queda patente en las muchas herramientas que cuelgan de su uniforme, una gama tan extensa que sus asistentes tambi\u00e9n llevan herramientas. Un asistente ferrofamiliar de confianza lleva equipo extra, incluido un c\u00fatter l\u00e1ser. Adem\u00e1s, los tres E-R.O.B.O.T. los sobrevuelan equipados a su vez con varias herramientas especialistas: un soldador de plasma, brazos manipuladores y pisola b\u00f3lter modelo Autoch, respectivamente. El kit incluye un visor multiespectral para el Ferromaestro, que puede llevarlo sobre los ojos o sobre la frente.<\/p>\n<p>La caja contiene 33 piezas de pl\u00e1stico y viene con 1 peana redonda Citadel de 32 mm; 1 peana redonda Citadel de 28,5 mm, 3 peanas redondas Citadel de 25 mm y una hoja de calcoman\u00edas de las Ligas de los Votann con 555 numerales, runas y marcas de las Ligas m\u00e1s prominentes. Las miniaturas se suministran sin pintar ni montar; recomendamos usar pegamento y pinturas Citadel.<\/p>\n","protected":false},"excerpt":{"rendered":"<p>Los Br\u00f4khyrs son los ingenieros y artesanos de las Ligas. Entre ellos, los Ferromaestros son los m\u00e1s excelsos. En la batalla, asumen la responsabilidad de mantener los ingenios de guerra da\u00f1ados, a menudo asistidos por cuadrillas de reparaci\u00f3n Ferrofamilia y R.O.B.O.T. Estos veteranos Br\u00f4khyrs tambi\u00e9n llevan sus creaciones m\u00e1s poderosas a la guerra y se [&hellip;]<\/p>\n","protected":false},"featured_media":65459,"template":"","meta":{"_acf_changed":false},"product_brand":[],"product_cat":[1177,1180,1623,1229],"product_tag":[],"class_list":{"0":"post-65467","1":"product","2":"type-product","3":"status-publish","4":"has-post-thumbnail","6":"product_cat-games-workshop-es","7":"product_cat-retail-products-es","8":"product_cat-wargames-es-2","9":"product_cat-warhammer-40k-es","11":"first","12":"onbackorder","13":"sale","14":"taxable","15":"shipping-taxable","16":"purchasable","17":"product-type-simple"},"exclude_global_add_ons":[],"addons":[],"acf":[],"_links":{"self":[{"href":"https:\/\/www.customeeple.com\/es\/wp-json\/wp\/v2\/product\/65467","targetHints":{"allow":["GET"]}}],"collection":[{"href":"https:\/\/www.customeeple.com\/es\/wp-json\/wp\/v2\/product"}],"about":[{"href":"https:\/\/www.customeeple.com\/es\/wp-json\/wp\/v2\/types\/product"}],"wp:featuredmedia":[{"embeddable":true,"href":"https:\/\/www.customeeple.com\/es\/wp-json\/wp\/v2\/media\/65459"}],"wp:attachment":[{"href":"https:\/\/www.customeeple.com\/es\/wp-json\/wp\/v2\/media?parent=65467"}],"wp:term":[{"taxonomy":"product_brand","embeddable":true,"href":"https:\/\/www.customeeple.com\/es\/wp-json\/wp\/v2\/product_brand?post=65467"},{"taxonomy":"product_cat","embeddable":true,"href":"https:\/\/www.customeeple.com\/es\/wp-json\/wp\/v2\/product_cat?post=65467"},{"taxonomy":"product_tag","embeddable":true,"href":"https:\/\/www.customeeple.com\/es\/wp-json\/wp\/v2\/product_tag?post=65467"}],"curies":[{"name":"wp","href":"https:\/\/api.w.org\/{rel}","templated":true}]}}