{"id":65455,"date":"2022-11-03T20:45:31","date_gmt":"2022-11-03T19:45:31","guid":{"rendered":"https:\/\/www.customeeple.com\/product\/frostgrave-2da-edicion-spa\/"},"modified":"2022-11-03T20:45:31","modified_gmt":"2022-11-03T19:45:31","slug":"frostgrave-2da-edicion-spa","status":"publish","type":"product","link":"https:\/\/www.customeeple.com\/es\/producto\/frostgrave-2da-edicion-spa\/","title":{"rendered":"Frostgrave 2da Edici\u00f3n (SPA)"},"content":{"rendered":"<p>Bienvenido a\u00a0<em><span class=\"text-italic\">Frostgrave<\/span><\/em>,\u00a0<span class=\"bold\"><strong>un juego de miniaturas narrativo<\/strong>\u00a0<\/span>en donde los jugadores adoptan el papel de<span class=\"bold\">\u00a0<strong>poderosos magos<\/strong>\u00a0<\/span>y lideran\u00a0<span class=\"bold\"><strong>peque\u00f1as bandas<\/strong>\u00a0<\/span>de seguidores al interior de las g\u00e9lidas ruinas de la ciudad de Felstad en busca de tesoros perdidos, objetos encantados y secretos m\u00e1gicos ya olvidados.<\/p>\n<p>\u00a0<\/p>\n<p>En este libro encontrar\u00e1s\u00a0<strong><span class=\"bold\">toda la informaci\u00f3n que necesitas para jugar<\/span><\/strong>, incluyendo reglas para crear tu mago y su banda, c\u00f3mo preparar la mesa de juego o luchar por la posesi\u00f3n de todos esos tesoros m\u00e1gicos. Aunque a primera vista estas reglas puedan intimidar, sobre todo si nunca has jugado a un\u00a0<em><span class=\"text-italic\">wargame<\/span>\u00a0<\/em>antes, en general son muy claras y concisas, de tal modo que la mayor\u00eda de la gente se hace con una firme noci\u00f3n del reglamento tras solo haber jugado unos pocos turnos<\/p>\n<p>En su interior encontrar\u00e1s toda la informaci\u00f3n para enfrentarte a los peligros de la ciudad helada. Entre ellas encontrar\u00e1s\u00a0<span class=\"bold\"><strong>todo el reglamento<\/strong>\u00a0<\/span>necesario para crear tu banda y configurarla seg\u00fan tus gustos, adem\u00e1s de\u00a0<strong><span class=\"bold\">diez escenarios de iniciaci\u00f3n<\/span><\/strong>\u00a0y otros\u00a0<strong><span class=\"bold\">diez escenarios nuevos para magos m\u00e1s experimentados<\/span><\/strong>. Tambi\u00e9n incluye\u00a0<span class=\"bold\">las\u00a0<strong>reglas de adaptaci\u00f3n para todos los suplementos<\/strong><\/span>\u00a0previamente publicados para la primera edici\u00f3n de\u00a0<span class=\"text-italic\">Frostgrave<\/span>, gracias a las cuales\u00a0<span class=\"bold\"><strong>podr\u00e1s utilizar todo el material disponible con esta nueva edici\u00f3n<\/strong>. \u00a0<\/span><\/p>\n","protected":false},"excerpt":{"rendered":"<p>Bienvenido a\u00a0Frostgrave,\u00a0un juego de miniaturas narrativo\u00a0en donde los jugadores adoptan el papel de\u00a0poderosos magos\u00a0y lideran\u00a0peque\u00f1as bandas\u00a0de seguidores al interior de las g\u00e9lidas ruinas de la ciudad de Felstad en busca de tesoros perdidos, objetos encantados y secretos m\u00e1gicos ya olvidados. \u00a0 En este libro encontrar\u00e1s\u00a0toda la informaci\u00f3n que necesitas para jugar, incluyendo reglas para crear [&hellip;]<\/p>\n","protected":false},"featured_media":65454,"template":"","meta":{"_acf_changed":false},"product_brand":[],"product_cat":[1400,1180,1623],"product_tag":[],"class_list":{"0":"post-65455","1":"product","2":"type-product","3":"status-publish","4":"has-post-thumbnail","6":"product_cat-fantasia","7":"product_cat-retail-products-es","8":"product_cat-wargames-es-2","10":"first","11":"onbackorder","12":"sale","13":"taxable","14":"shipping-taxable","15":"purchasable","16":"product-type-simple"},"exclude_global_add_ons":[],"addons":[],"acf":[],"_links":{"self":[{"href":"https:\/\/www.customeeple.com\/es\/wp-json\/wp\/v2\/product\/65455","targetHints":{"allow":["GET"]}}],"collection":[{"href":"https:\/\/www.customeeple.com\/es\/wp-json\/wp\/v2\/product"}],"about":[{"href":"https:\/\/www.customeeple.com\/es\/wp-json\/wp\/v2\/types\/product"}],"wp:featuredmedia":[{"embeddable":true,"href":"https:\/\/www.customeeple.com\/es\/wp-json\/wp\/v2\/media\/65454"}],"wp:attachment":[{"href":"https:\/\/www.customeeple.com\/es\/wp-json\/wp\/v2\/media?parent=65455"}],"wp:term":[{"taxonomy":"product_brand","embeddable":true,"href":"https:\/\/www.customeeple.com\/es\/wp-json\/wp\/v2\/product_brand?post=65455"},{"taxonomy":"product_cat","embeddable":true,"href":"https:\/\/www.customeeple.com\/es\/wp-json\/wp\/v2\/product_cat?post=65455"},{"taxonomy":"product_tag","embeddable":true,"href":"https:\/\/www.customeeple.com\/es\/wp-json\/wp\/v2\/product_tag?post=65455"}],"curies":[{"name":"wp","href":"https:\/\/api.w.org\/{rel}","templated":true}]}}