{"id":65451,"date":"2022-10-22T19:45:22","date_gmt":"2022-10-22T18:45:22","guid":{"rendered":"https:\/\/www.customeeple.com\/product\/d-d-dungeon-masters-guide-spa\/"},"modified":"2022-10-22T19:45:22","modified_gmt":"2022-10-22T18:45:22","slug":"d-d-dungeon-masters-guide-spa","status":"publish","type":"product","link":"https:\/\/www.customeeple.com\/es\/producto\/d-d-dungeon-masters-guide-spa\/","title":{"rendered":"D&#038;D: Gu\u00eda del Master (SPA)"},"content":{"rendered":"<p>El Dungeon Master\u2019s Guide ofrece la inspiraci\u00f3n y la orientaci\u00f3n que necesitas para avivar tu imaginaci\u00f3n y crear los mundos de aventuras que explorar\u00e1n tus jugadores.<br \/>\nEn este libro encontrar\u00e1s herramientas para crear mundos, consejos y trucos para dise\u00f1ar mazmorras y aventuras memorables, reglas opcionales, cientos de objetos m\u00e1gicos cl\u00e1sicos de D&amp;D y mucho m\u00e1s.<\/p>\n","protected":false},"excerpt":{"rendered":"<p>El Dungeon Master\u2019s Guide ofrece la inspiraci\u00f3n y la orientaci\u00f3n que necesitas para avivar tu imaginaci\u00f3n y crear los mundos de aventuras que explorar\u00e1n tus jugadores. En este libro encontrar\u00e1s herramientas para crear mundos, consejos y trucos para dise\u00f1ar mazmorras y aventuras memorables, reglas opcionales, cientos de objetos m\u00e1gicos cl\u00e1sicos de D&amp;D y mucho m\u00e1s.<\/p>\n","protected":false},"featured_media":65439,"template":"","meta":{"_acf_changed":false},"product_brand":[],"product_cat":[1180],"product_tag":[],"class_list":{"0":"post-65451","1":"product","2":"type-product","3":"status-publish","4":"has-post-thumbnail","6":"product_cat-retail-products-es","8":"first","9":"onbackorder","10":"sale","11":"taxable","12":"shipping-taxable","13":"purchasable","14":"product-type-simple"},"exclude_global_add_ons":[],"addons":[],"acf":[],"_links":{"self":[{"href":"https:\/\/www.customeeple.com\/es\/wp-json\/wp\/v2\/product\/65451","targetHints":{"allow":["GET"]}}],"collection":[{"href":"https:\/\/www.customeeple.com\/es\/wp-json\/wp\/v2\/product"}],"about":[{"href":"https:\/\/www.customeeple.com\/es\/wp-json\/wp\/v2\/types\/product"}],"wp:featuredmedia":[{"embeddable":true,"href":"https:\/\/www.customeeple.com\/es\/wp-json\/wp\/v2\/media\/65439"}],"wp:attachment":[{"href":"https:\/\/www.customeeple.com\/es\/wp-json\/wp\/v2\/media?parent=65451"}],"wp:term":[{"taxonomy":"product_brand","embeddable":true,"href":"https:\/\/www.customeeple.com\/es\/wp-json\/wp\/v2\/product_brand?post=65451"},{"taxonomy":"product_cat","embeddable":true,"href":"https:\/\/www.customeeple.com\/es\/wp-json\/wp\/v2\/product_cat?post=65451"},{"taxonomy":"product_tag","embeddable":true,"href":"https:\/\/www.customeeple.com\/es\/wp-json\/wp\/v2\/product_tag?post=65451"}],"curies":[{"name":"wp","href":"https:\/\/api.w.org\/{rel}","templated":true}]}}