{"id":65450,"date":"2022-10-22T19:45:43","date_gmt":"2022-10-22T18:45:43","guid":{"rendered":"https:\/\/www.customeeple.com\/product\/el-anillo-unico-2ed-libro-basico\/"},"modified":"2022-10-22T19:45:43","modified_gmt":"2022-10-22T18:45:43","slug":"el-anillo-unico-2ed-libro-basico","status":"publish","type":"product","link":"https:\/\/www.customeeple.com\/es\/producto\/el-anillo-unico-2ed-libro-basico\/","title":{"rendered":"El anillo \u00danico 2ED. Libro b\u00e1sico"},"content":{"rendered":"<p><i>Tres Anillos para los Reyes Elfos bajo el cielo.<\/i><br \/>\n<i>Siete para los Se\u00f1ores Enanos en palacios de piedra.<\/i><br \/>\n<i>Nueve para los Hombres Mortales condenados a morir.<\/i><br \/>\n<i>Uno para el Se\u00f1or Oscuro, sobre el trono oscuro<\/i><br \/>\n<i>en la Tierra de Mordor donde se extienden las Sombras.<\/i><br \/>\n<i>Un Anillo para gobernarlos a todos. Un Anillo para encontrarlos,<\/i><br \/>\n<i>un Anillo para atraerlos a todos y atarlos en las tinieblas<\/i><br \/>\n<i>en la Tierra de Mordor donde se extienden las Sombras.<\/i><\/p>\n<p>Ad\u00e9ntrate en el mundo de la Tierra Media con\u00a0<i>El Anillo \u00danico<\/i>&#x2122;, el juego de rol de mesa oficial basado en las obras de J.R.R. Tolkien. Dise\u00f1ado<br \/>\nespec\u00edficamente para evocar la atm\u00f3sfera de\u00a0<i>El Hobbit<\/i>&#x2122; y\u00a0<i>El Se\u00f1or de los Anillos<\/i>&#x2122;, el juego contiene reglas para crear h\u00e9roes y enviarlos a<br \/>\nvivir aventuras en una tierra amenazada por la creciente Sombra.<\/p>\n<p>Este manual de tapa dura, bellamente ilustrado y a todo color, presenta la Tierra Media tal y como era veinte a\u00f1os despu\u00e9s de la notable desaparici\u00f3n y el<br \/>\ninesperado regreso de Bilbo Bols\u00f3n. Todav\u00eda faltan cincuenta a\u00f1os para que tengan lugar los grandes acontecimientos narrados en\u00a0<i>El Se\u00f1or de los Anillos<\/i>&#x2122;, lo que deja mucho espacio para narrar historias dignas de una epopeya.<\/p>\n<p>Ahora, en su segunda edici\u00f3n,\u00a0<i>El Anillo \u00danico<\/i>&#x2122; llega con reglas actualizadas y revisadas, un nuevo estilo visual y el foco en Eriador, las Tierras Solitarias al oeste de las Monta\u00f1as Nubladas. Entre sus caracter\u00edsticas principales se encuentran:<\/p>\n<ul>\n<li>Reglas para viajar por el territorio (viajes), enfrentarse a enemigos temibles (combates) y conocer a las personalidades de la Tierra Media (concilios).<\/li>\n<li>Numerosos consejos para el Maestro del saber sobre c\u00f3mo dar vida a la Tierra Media, incluyendo reglas para tesoros m\u00e1gicos, la Sombra y el Ojo de Mordor.<\/li>\n<li>Informaci\u00f3n detallada sobre seis mecenas; personas que auspician las aventuras de los h\u00e9roes jugadores, entre ellas Bilbo Bols\u00f3n y Gandalf el Gris.<\/li>\n<li>Un bestiario que contiene una gran variedad de adversarios, desde los mezquinos soldados orcos y los salteadores de caminos, hasta los monstruosos troles de las cavernas y los tumularios.<\/li>\n<li>Reglas para crear tus propias criaturas sin nombre, unos seres desconocidos procedentes de los rincones m\u00e1s oscuros del mundo.<\/li>\n<li>Una localizaci\u00f3n de aventura completa: La estrella de la niebla, con informaci\u00f3n adicional para los nuevos Maestros del saber en forma de tutoriales.<\/li>\n<\/ul>\n","protected":false},"excerpt":{"rendered":"<p>Tres Anillos para los Reyes Elfos bajo el cielo. Siete para los Se\u00f1ores Enanos en palacios de piedra. Nueve para los Hombres Mortales condenados a morir. Uno para el Se\u00f1or Oscuro, sobre el trono oscuro en la Tierra de Mordor donde se extienden las Sombras. Un Anillo para gobernarlos a todos. Un Anillo para encontrarlos, [&hellip;]<\/p>\n","protected":false},"featured_media":65437,"template":"","meta":{"_acf_changed":false},"product_brand":[],"product_cat":[1180],"product_tag":[],"class_list":{"0":"post-65450","1":"product","2":"type-product","3":"status-publish","4":"has-post-thumbnail","6":"product_cat-retail-products-es","8":"first","9":"onbackorder","10":"sale","11":"taxable","12":"shipping-taxable","13":"purchasable","14":"product-type-simple"},"exclude_global_add_ons":[],"addons":[],"acf":[],"_links":{"self":[{"href":"https:\/\/www.customeeple.com\/es\/wp-json\/wp\/v2\/product\/65450","targetHints":{"allow":["GET"]}}],"collection":[{"href":"https:\/\/www.customeeple.com\/es\/wp-json\/wp\/v2\/product"}],"about":[{"href":"https:\/\/www.customeeple.com\/es\/wp-json\/wp\/v2\/types\/product"}],"wp:featuredmedia":[{"embeddable":true,"href":"https:\/\/www.customeeple.com\/es\/wp-json\/wp\/v2\/media\/65437"}],"wp:attachment":[{"href":"https:\/\/www.customeeple.com\/es\/wp-json\/wp\/v2\/media?parent=65450"}],"wp:term":[{"taxonomy":"product_brand","embeddable":true,"href":"https:\/\/www.customeeple.com\/es\/wp-json\/wp\/v2\/product_brand?post=65450"},{"taxonomy":"product_cat","embeddable":true,"href":"https:\/\/www.customeeple.com\/es\/wp-json\/wp\/v2\/product_cat?post=65450"},{"taxonomy":"product_tag","embeddable":true,"href":"https:\/\/www.customeeple.com\/es\/wp-json\/wp\/v2\/product_tag?post=65450"}],"curies":[{"name":"wp","href":"https:\/\/api.w.org\/{rel}","templated":true}]}}