{"id":65449,"date":"2022-10-22T19:44:36","date_gmt":"2022-10-22T18:44:36","guid":{"rendered":"https:\/\/www.customeeple.com\/product\/the-red-cathedral-contractors-multilingue\/"},"modified":"2022-10-22T19:44:36","modified_gmt":"2022-10-22T18:44:36","slug":"the-red-cathedral-contractors-multilingue","status":"publish","type":"product","link":"https:\/\/www.customeeple.com\/es\/producto\/the-red-cathedral-contractors-multilingue\/","title":{"rendered":"The Red Cathedral: Contractors (MULTILING\u00dcE)"},"content":{"rendered":"<p>La construcci\u00f3n de la Catedral de San Basilio avanza a buen ritmo. Ha llegado el momento de buscar a los mejores expertos de cada gremio para que apliquen sus habilidades y conocimientos para hacer de este monumento algo que asombre al mism\u00edsimo Zar. Los contratistas deben ir m\u00e1s all\u00e1 de Mosc\u00fa para encontrar a estos profesionales y destacarse de la competencia para ganar.<\/p>\n<p>Contratistas es la primera expansi\u00f3n de The Red Cathedral, el eurogame de Shei Santos e Isra Cendrero en el que los jugadores construyen la Catedral de San Basilio de Mosc\u00fa y compiten por hacer la contribuci\u00f3n m\u00e1s memorable y as\u00ed ganarse el favor del Zar. Esta ampliaci\u00f3n ha sido ilustrada de nuevo por Pedro Soto y Chema Rom\u00e1n, dos artistas que se han inspirado en el arte de Iv\u00e1n Bilibin, un artista ruso reconocido por su magistral representaci\u00f3n del folclore eslavo en sus obras. The Red Cathedral ha sido uno de los juegos de mesa m\u00e1s destacados de los \u00faltimos a\u00f1os por su original sistema de rondeles, gan\u00e1ndose el coraz\u00f3n de miles de jugadores en todo el mundo.<\/p>\n<p>La primera expansi\u00f3n de The Red Cathedral consiste en una caja con tanto contenido como el juego original que har\u00e1 que tus partidas cobren otra dimensi\u00f3n. En Contractors, tenemos esencialmente 10 nuevos gremios que combinaremos con los que usamos en el juego base, as\u00ed como 6 cartas de proyecto adicionales y una nueva carta en solitario. Muchos de estos gremios incorporan el m\u00f3dulo de Contractors, que, entre otras cosas, a\u00f1ade un nuevo tablero al juego con un mapa que muestra las principales ciudades de Rusia a las que enviaremos a nuestros contratistas para reunir el talento de los mejores expertos y artesanos del pa\u00eds para construir la catedral.<\/p>\n<p>Al igual que en el juego original, cada uno de estos gremios cuenta con 3 cartas diferentes, de las que s\u00f3lo utilizaremos una en cada partida, con lo que los Contractors ofrecen m\u00e1s de 30 formas diferentes de jugar a The Red Cathedral. Entre los nuevos elementos a\u00f1adidos por estos gremios, cabe destacar el dado negro, un nuevo dado que se suma a los 5 del juego base para recolectar recursos en el rondel, los diamantes, que son un nuevo recurso comod\u00edn, o los contratistas, los meeple -cajas que incorporan la mec\u00e1nica de colocaci\u00f3n de trabajadores al juego.<\/p>\n","protected":false},"excerpt":{"rendered":"<p>La construcci\u00f3n de la Catedral de San Basilio avanza a buen ritmo. Ha llegado el momento de buscar a los mejores expertos de cada gremio para que apliquen sus habilidades y conocimientos para hacer de este monumento algo que asombre al mism\u00edsimo Zar. Los contratistas deben ir m\u00e1s all\u00e1 de Mosc\u00fa para encontrar a estos [&hellip;]<\/p>\n","protected":false},"featured_media":65435,"template":"","meta":{"_acf_changed":false},"product_brand":[],"product_cat":[2344,1653,1180],"product_tag":[],"class_list":{"0":"post-65449","1":"product","2":"type-product","3":"status-publish","4":"has-post-thumbnail","6":"product_cat-devir-es","7":"product_cat-boardgames","8":"product_cat-retail-products-es","10":"first","11":"onbackorder","12":"sale","13":"taxable","14":"shipping-taxable","15":"purchasable","16":"product-type-simple"},"exclude_global_add_ons":[],"addons":[],"acf":[],"_links":{"self":[{"href":"https:\/\/www.customeeple.com\/es\/wp-json\/wp\/v2\/product\/65449","targetHints":{"allow":["GET"]}}],"collection":[{"href":"https:\/\/www.customeeple.com\/es\/wp-json\/wp\/v2\/product"}],"about":[{"href":"https:\/\/www.customeeple.com\/es\/wp-json\/wp\/v2\/types\/product"}],"wp:featuredmedia":[{"embeddable":true,"href":"https:\/\/www.customeeple.com\/es\/wp-json\/wp\/v2\/media\/65435"}],"wp:attachment":[{"href":"https:\/\/www.customeeple.com\/es\/wp-json\/wp\/v2\/media?parent=65449"}],"wp:term":[{"taxonomy":"product_brand","embeddable":true,"href":"https:\/\/www.customeeple.com\/es\/wp-json\/wp\/v2\/product_brand?post=65449"},{"taxonomy":"product_cat","embeddable":true,"href":"https:\/\/www.customeeple.com\/es\/wp-json\/wp\/v2\/product_cat?post=65449"},{"taxonomy":"product_tag","embeddable":true,"href":"https:\/\/www.customeeple.com\/es\/wp-json\/wp\/v2\/product_tag?post=65449"}],"curies":[{"name":"wp","href":"https:\/\/api.w.org\/{rel}","templated":true}]}}