{"id":65448,"date":"2022-10-22T19:44:49","date_gmt":"2022-10-22T18:44:49","guid":{"rendered":"https:\/\/www.customeeple.com\/product\/senda-de-luz-y-sombra-solsticio\/"},"modified":"2022-10-22T19:44:49","modified_gmt":"2022-10-22T18:44:49","slug":"senda-de-luz-y-sombra-solsticio","status":"publish","type":"product","link":"https:\/\/www.customeeple.com\/es\/producto\/senda-de-luz-y-sombra-solsticio\/","title":{"rendered":"Senda de Luz y sombra: Solsticio"},"content":{"rendered":"<p>Tras a\u00f1os de guerra, la lucha por el trono se ha extendido m\u00e1s all\u00e1 de los mares. En las lejanas costas, entre templos ancestrales, aguardan artefactos de enorme poder, custodiados por una raza que camina entre la luz y la sombra. Solsticio es una expansi\u00f3n para Senda de luz y sombra que ampl\u00eda el contenido del juego base y le a\u00f1ade varios m\u00f3dulos nuevos. Dise\u00f1ado por Travis R. Chance y Nick Little e ilustrado por Naomi Robinson, permite partidas de 2 a 4 jugadores, a partir de 14 a\u00f1os, de unos 90 minutos de duraci\u00f3n.<\/p>\n<p>\u00a1La caja de Solsticio viene hasta arriba! Entre los nuevos componentes que incorpora esta expansi\u00f3n encontramos un minitablero con las nuevas provincias del reino de las Trastierras, 4 extensiones de paneles de jugador, 187 nuevas cartas (incluyendo las nuevas cartas de t\u00edtulo, las cartas del modo solitario, las cartas de reliquia y las diferentes cartas de facci\u00f3n), 24 fichas de megalito y las reglas para el modo solitario.<\/p>\n<p>En Solsticio los jugadores tendr\u00e1n la posibilidad de viajar por mar hasta las Trastierras, el reino de los Viratis, una nueva facci\u00f3n que les incentivar\u00e1 a apartarse de su senda moral. Los jugadores podr\u00e1n explorar estas nuevas tierras en busca de ruinas megal\u00edticas donde aguardan reliquias que otorgan poderes \u00fanicos.<\/p>\n<p>Los Viratis son \u00fanicos en varios aspectos. Para empezar, introducen una nueva mec\u00e1nica, la duda. Cuando un jugador sufra cualquier cantidad de duda, deber\u00e1 reducir en esa misma cantidad su nivel actual en el indicador de Moralidad. Por ejemplo, si un jugador es Piadoso, sufrir 3 puntos de duda significar\u00e1 ganar puntos 3 de Crueldad, mientras que si es Cruel significar\u00e1 lo contrario, es decir, ganar 3 puntos de Piedad.<\/p>\n<p>Los Viratis tambi\u00e9n mejoran sus cartas de manera diferente a las dem\u00e1s facciones. Al igual que ocurre con las cartas de los Numerai, se puede usar cualquier combinaci\u00f3n de Trabajo y Fuerza para mejorarlas. Adem\u00e1s, los Viratis est\u00e1n divididos en dos tribus, los Njorv y los Anthyzum. Por \u00faltimo, al mejorar cualquier carta Viratis de un mazo de reino tienes la opci\u00f3n de elegir una de dos posibles cartas mejoradas. Esto permite a los Viratis tener m\u00e1s disponibilidad y versatilidad de cartas que las otras facciones.<\/p>\n<p>Una de las principales novedades que incorpora esta expansi\u00f3n, adem\u00e1s de las nuevas provincias, las reliquias y la facci\u00f3n de los Viriatis, son las cartas de t\u00edtulo, que har\u00e1n que cada jugador empiece la partida de manera asim\u00e9trica. Estas cartas, repartidas al azar y en secreto, tienen dos lados que corresponden a cada uno de los alineamientos. As\u00ed, adem\u00e1s de los beneficios que otorgue dicha carta, los jugadores ya empezar\u00e1n a mover su indicador de Moralidad hacia el lado Piadoso o el lado Cruel desde el inicio de la partida.\u00a0<\/p>\n<p>En Senda de luz y sombra los jugadores compiten para construir el imperio m\u00e1s pr\u00f3spero, desarrollando tecnolog\u00edas, forjando alianzas, conquistando provincias y reinos o mejorando sus cartas de poblaci\u00f3n. Todo ello mientras van definiendo su moralidad a trav\u00e9s de sus acciones. Con esta expansi\u00f3n, las posibilidades estrat\u00e9gicas se multiplican al poner al alcance de los jugadores m\u00e1s cartas, m\u00e1s territorios y una nueva facci\u00f3n. Adem\u00e1s, incorpora un modo de juego en solitario en el que un \u00fanico jugador deber\u00e1 hacer frente a una horda de invasores lejanos.<\/p>\n<p>Solsticio no puede faltar en las ludotecas de los amantes de los juegos de civilizaciones. Un reto para los m\u00e1s sesudos que augura decenas de partidas muy disputadas. \u00bfConseguir\u00e1s llevar a tu naci\u00f3n a lo m\u00e1s alto tomando las mejores decisiones?<\/p>\n","protected":false},"excerpt":{"rendered":"<p>Tras a\u00f1os de guerra, la lucha por el trono se ha extendido m\u00e1s all\u00e1 de los mares. En las lejanas costas, entre templos ancestrales, aguardan artefactos de enorme poder, custodiados por una raza que camina entre la luz y la sombra. Solsticio es una expansi\u00f3n para Senda de luz y sombra que ampl\u00eda el contenido [&hellip;]<\/p>\n","protected":false},"featured_media":65433,"template":"","meta":{"_acf_changed":false},"product_brand":[],"product_cat":[2344,1557,1653,1180],"product_tag":[],"class_list":{"0":"post-65448","1":"product","2":"type-product","3":"status-publish","4":"has-post-thumbnail","6":"product_cat-devir-es","7":"product_cat-card-game-es","8":"product_cat-boardgames","9":"product_cat-retail-products-es","11":"first","12":"onbackorder","13":"sale","14":"taxable","15":"shipping-taxable","16":"purchasable","17":"product-type-simple"},"exclude_global_add_ons":[],"addons":[],"acf":[],"_links":{"self":[{"href":"https:\/\/www.customeeple.com\/es\/wp-json\/wp\/v2\/product\/65448","targetHints":{"allow":["GET"]}}],"collection":[{"href":"https:\/\/www.customeeple.com\/es\/wp-json\/wp\/v2\/product"}],"about":[{"href":"https:\/\/www.customeeple.com\/es\/wp-json\/wp\/v2\/types\/product"}],"wp:featuredmedia":[{"embeddable":true,"href":"https:\/\/www.customeeple.com\/es\/wp-json\/wp\/v2\/media\/65433"}],"wp:attachment":[{"href":"https:\/\/www.customeeple.com\/es\/wp-json\/wp\/v2\/media?parent=65448"}],"wp:term":[{"taxonomy":"product_brand","embeddable":true,"href":"https:\/\/www.customeeple.com\/es\/wp-json\/wp\/v2\/product_brand?post=65448"},{"taxonomy":"product_cat","embeddable":true,"href":"https:\/\/www.customeeple.com\/es\/wp-json\/wp\/v2\/product_cat?post=65448"},{"taxonomy":"product_tag","embeddable":true,"href":"https:\/\/www.customeeple.com\/es\/wp-json\/wp\/v2\/product_tag?post=65448"}],"curies":[{"name":"wp","href":"https:\/\/api.w.org\/{rel}","templated":true}]}}