{"id":65446,"date":"2022-10-22T19:46:01","date_gmt":"2022-10-22T18:46:01","guid":{"rendered":"https:\/\/www.customeeple.com\/product\/d-d-players-handbook\/"},"modified":"2022-10-22T19:46:01","modified_gmt":"2022-10-22T18:46:01","slug":"d-d-players-handbook","status":"publish","type":"product","link":"https:\/\/www.customeeple.com\/es\/producto\/d-d-players-handbook\/","title":{"rendered":"D&#038;D: Manual del jugador (SPA)"},"content":{"rendered":"<p>El Manual del jugador es el libro de referencia esencial para todos los jugadores de Dungeons &amp; Dragons. Este manual incluye reglas de creaci\u00f3n y desarrollo de personajes, trasfondos y habilidades, exploraci\u00f3n y combate, equipo, conjuros y mucho m\u00e1s. Con este libro podr\u00e1s crear personajes fascinantes empleando las razas y clases m\u00e1s representativas de D&amp;D.<br \/>\nDungeons &amp; Dragons te sumerge en un mundo de aventuras. Explora ruinas antiguas y mazmorras letales, enfr\u00e9ntate a monstruos en tu b\u00fasqueda de tesoros legendarios y adquiere experiencia y poder mientras recorres territorios ignotos junto a tus compa\u00f1eros.<br \/>\nEl mundo necesita h\u00e9roes. \u00bfResponder\u00e1s a la llamada?<\/p>\n","protected":false},"excerpt":{"rendered":"<p>El Manual del jugador es el libro de referencia esencial para todos los jugadores de Dungeons &amp; Dragons. Este manual incluye reglas de creaci\u00f3n y desarrollo de personajes, trasfondos y habilidades, exploraci\u00f3n y combate, equipo, conjuros y mucho m\u00e1s. Con este libro podr\u00e1s crear personajes fascinantes empleando las razas y clases m\u00e1s representativas de D&amp;D. [&hellip;]<\/p>\n","protected":false},"featured_media":65441,"template":"","meta":{"_acf_changed":false},"product_brand":[],"product_cat":[1180],"product_tag":[],"class_list":{"0":"post-65446","1":"product","2":"type-product","3":"status-publish","4":"has-post-thumbnail","6":"product_cat-retail-products-es","8":"first","9":"onbackorder","10":"sale","11":"taxable","12":"shipping-taxable","13":"purchasable","14":"product-type-simple"},"exclude_global_add_ons":[],"addons":[],"acf":[],"_links":{"self":[{"href":"https:\/\/www.customeeple.com\/es\/wp-json\/wp\/v2\/product\/65446","targetHints":{"allow":["GET"]}}],"collection":[{"href":"https:\/\/www.customeeple.com\/es\/wp-json\/wp\/v2\/product"}],"about":[{"href":"https:\/\/www.customeeple.com\/es\/wp-json\/wp\/v2\/types\/product"}],"wp:featuredmedia":[{"embeddable":true,"href":"https:\/\/www.customeeple.com\/es\/wp-json\/wp\/v2\/media\/65441"}],"wp:attachment":[{"href":"https:\/\/www.customeeple.com\/es\/wp-json\/wp\/v2\/media?parent=65446"}],"wp:term":[{"taxonomy":"product_brand","embeddable":true,"href":"https:\/\/www.customeeple.com\/es\/wp-json\/wp\/v2\/product_brand?post=65446"},{"taxonomy":"product_cat","embeddable":true,"href":"https:\/\/www.customeeple.com\/es\/wp-json\/wp\/v2\/product_cat?post=65446"},{"taxonomy":"product_tag","embeddable":true,"href":"https:\/\/www.customeeple.com\/es\/wp-json\/wp\/v2\/product_tag?post=65446"}],"curies":[{"name":"wp","href":"https:\/\/api.w.org\/{rel}","templated":true}]}}