{"id":65400,"date":"2022-10-19T19:41:34","date_gmt":"2022-10-19T18:41:34","guid":{"rendered":"https:\/\/www.customeeple.com\/product\/citadel-knife\/"},"modified":"2022-10-19T19:41:34","modified_gmt":"2022-10-19T18:41:34","slug":"citadel-knife","status":"publish","type":"product","link":"https:\/\/www.customeeple.com\/es\/producto\/citadel-knife\/","title":{"rendered":"Citadel Knife"},"content":{"rendered":"<p>Todo aficionado a Warhammer necesita una cuchilla de modelismo, as\u00ed que el equipo de dise\u00f1o de Herramientas Citadel ha creado una dirigida para ellos. Cuenta con un mango de pl\u00e1stico duro totalmente esculpido e incorpora una serie de elementos inteligentes para mayor seguridad y comodidad:<\/p>\n<p>\u2013 Cilindro fijo de hoja de una sola ranura, lo que garantiza una alineaci\u00f3n perfecta<br \/>\n\u2013 Cubierta acanalada detr\u00e1s de la cuchilla, lo que permite una presi\u00f3n hacia abajo m\u00e1s segura y m\u00e1xima precisi\u00f3n<br \/>\n\u2013 Mango ergon\u00f3mico para reducir la fatiga de la mano y evitar que ruede sobre el escritorio<br \/>\n\u2013 Dise\u00f1o con contrapeso, por lo que es menos probable que se caiga con la hoja hacia abajo<br \/>\n\u2013 Rosca de cambio de hoja empotrada en el mango para que la hoja no se afloje durante el uso<br \/>\n\u2013 Tapa para la hoja<\/p>\n<p>La Cuchilla de modelismo Citadel tambi\u00e9n incluye seis hojas de repuesto en un envase.<\/p>\n<p>La Cuchilla de modelismo Citadel solo est\u00e1 disponible a trav\u00e9s de tiendas minoristas y distribuidores comerciales. Visita tu tienda Warhammer local con nuestro<a href=\"https:\/\/www.games-workshop.com\/storefinder\">\u00a0buscador de tiendas.<\/a><\/p>\n","protected":false},"excerpt":{"rendered":"<p>Todo aficionado a Warhammer necesita una cuchilla de modelismo, as\u00ed que el equipo de dise\u00f1o de Herramientas Citadel ha creado una dirigida para ellos. Cuenta con un mango de pl\u00e1stico duro totalmente esculpido e incorpora una serie de elementos inteligentes para mayor seguridad y comodidad: \u2013 Cilindro fijo de hoja de una sola ranura, lo [&hellip;]<\/p>\n","protected":false},"featured_media":65341,"template":"","meta":{"_acf_changed":false},"product_brand":[],"product_cat":[1405,1401,1180],"product_tag":[],"class_list":{"0":"post-65400","1":"product","2":"type-product","3":"status-publish","4":"has-post-thumbnail","6":"product_cat-herramientas","7":"product_cat-pintura-y-modelismo","8":"product_cat-retail-products-es","10":"first","11":"instock","12":"sale","13":"taxable","14":"shipping-taxable","15":"purchasable","16":"product-type-simple"},"exclude_global_add_ons":[],"addons":[],"acf":[],"_links":{"self":[{"href":"https:\/\/www.customeeple.com\/es\/wp-json\/wp\/v2\/product\/65400","targetHints":{"allow":["GET"]}}],"collection":[{"href":"https:\/\/www.customeeple.com\/es\/wp-json\/wp\/v2\/product"}],"about":[{"href":"https:\/\/www.customeeple.com\/es\/wp-json\/wp\/v2\/types\/product"}],"wp:featuredmedia":[{"embeddable":true,"href":"https:\/\/www.customeeple.com\/es\/wp-json\/wp\/v2\/media\/65341"}],"wp:attachment":[{"href":"https:\/\/www.customeeple.com\/es\/wp-json\/wp\/v2\/media?parent=65400"}],"wp:term":[{"taxonomy":"product_brand","embeddable":true,"href":"https:\/\/www.customeeple.com\/es\/wp-json\/wp\/v2\/product_brand?post=65400"},{"taxonomy":"product_cat","embeddable":true,"href":"https:\/\/www.customeeple.com\/es\/wp-json\/wp\/v2\/product_cat?post=65400"},{"taxonomy":"product_tag","embeddable":true,"href":"https:\/\/www.customeeple.com\/es\/wp-json\/wp\/v2\/product_tag?post=65400"}],"curies":[{"name":"wp","href":"https:\/\/api.w.org\/{rel}","templated":true}]}}