{"id":65399,"date":"2022-10-19T19:41:45","date_gmt":"2022-10-19T18:41:45","guid":{"rendered":"https:\/\/www.customeeple.com\/product\/citadel-super-fine-detail-cutters\/"},"modified":"2022-10-19T19:41:45","modified_gmt":"2022-10-19T18:41:45","slug":"citadel-super-fine-detail-cutters","status":"publish","type":"product","link":"https:\/\/www.customeeple.com\/es\/producto\/citadel-super-fine-detail-cutters\/","title":{"rendered":"Citadel Super Fine Detail Cutters"},"content":{"rendered":"<p>Los modernos kits de pl\u00e1stico Citadel est\u00e1n repletos de detalles, extras y piezas adicionales, incluidas algunas piezas muy peque\u00f1as. El equipo de dise\u00f1o de Herramientas Citadel tuvo en cuenta estos detalles tan finos cuando redise\u00f1aron las tenazas utilizadas por tantos aficionados a Warhammer. Estas nuevas tenazas de detalle superfino incluye una serie de elementos mejorados:<\/p>\n<p>\u2013 Las cuchillas ultrafinas (alrededor de tres veces m\u00e1s peque\u00f1as que el modelo anterior) y que te permiten acceder a espacios reducidos con facilidad, lo que aumenta la visibilidad y el control<br \/>\n\u2013 Las cuchillas se encuentran perfectamente alineadas en la parte posterior, lo que reduce la cantidad de limpieza adicional necesaria y reduce el riesgo de que las piezas salgan disparadas cuando se usan correctamente<br \/>\n\u2013 El dise\u00f1o de tope hace que sea imposible apretar las cuchillas con demasiada presi\u00f3n, lo que significa que permanecer\u00e1n afiladas por m\u00e1s tiempo<br \/>\n\u2013 Mangos contorneados de goma, que se ensanchan cerca de las cuchillas para mayor control, precisi\u00f3n y seguridad.<br \/>\n\u2013 Mangos extendidos para reducir la presi\u00f3n requerida para hacer un corte, reduciendo la fatiga de la mano<\/p>\n","protected":false},"excerpt":{"rendered":"<p>Los modernos kits de pl\u00e1stico Citadel est\u00e1n repletos de detalles, extras y piezas adicionales, incluidas algunas piezas muy peque\u00f1as. El equipo de dise\u00f1o de Herramientas Citadel tuvo en cuenta estos detalles tan finos cuando redise\u00f1aron las tenazas utilizadas por tantos aficionados a Warhammer. Estas nuevas tenazas de detalle superfino incluye una serie de elementos mejorados: [&hellip;]<\/p>\n","protected":false},"featured_media":65339,"template":"","meta":{"_acf_changed":false},"product_brand":[],"product_cat":[1405,1401,1180],"product_tag":[],"class_list":{"0":"post-65399","1":"product","2":"type-product","3":"status-publish","4":"has-post-thumbnail","6":"product_cat-herramientas","7":"product_cat-pintura-y-modelismo","8":"product_cat-retail-products-es","10":"first","11":"onbackorder","12":"sale","13":"taxable","14":"shipping-taxable","15":"purchasable","16":"product-type-simple"},"exclude_global_add_ons":[],"addons":[],"acf":[],"_links":{"self":[{"href":"https:\/\/www.customeeple.com\/es\/wp-json\/wp\/v2\/product\/65399","targetHints":{"allow":["GET"]}}],"collection":[{"href":"https:\/\/www.customeeple.com\/es\/wp-json\/wp\/v2\/product"}],"about":[{"href":"https:\/\/www.customeeple.com\/es\/wp-json\/wp\/v2\/types\/product"}],"wp:featuredmedia":[{"embeddable":true,"href":"https:\/\/www.customeeple.com\/es\/wp-json\/wp\/v2\/media\/65339"}],"wp:attachment":[{"href":"https:\/\/www.customeeple.com\/es\/wp-json\/wp\/v2\/media?parent=65399"}],"wp:term":[{"taxonomy":"product_brand","embeddable":true,"href":"https:\/\/www.customeeple.com\/es\/wp-json\/wp\/v2\/product_brand?post=65399"},{"taxonomy":"product_cat","embeddable":true,"href":"https:\/\/www.customeeple.com\/es\/wp-json\/wp\/v2\/product_cat?post=65399"},{"taxonomy":"product_tag","embeddable":true,"href":"https:\/\/www.customeeple.com\/es\/wp-json\/wp\/v2\/product_tag?post=65399"}],"curies":[{"name":"wp","href":"https:\/\/api.w.org\/{rel}","templated":true}]}}